{"id":415,"date":"2003-04-28T00:00:00","date_gmt":"2003-04-27T23:00:00","guid":{"rendered":"http:\/\/www.grappa.no\/albums\/uncategorized\/fartein-valen-complete-songs\/"},"modified":"2019-02-22T15:53:06","modified_gmt":"2019-02-22T14:53:06","slug":"fartein-valen-complete-songs","status":"publish","type":"product","link":"https:\/\/grappa.no\/no\/albums\/simax-classics\/fartein-valen-complete-songs\/","title":{"rendered":"Fartein Valen Complete Songs"},"content":{"rendered":"<p><\/p>\n<p>Fartein Valen: Visjonen av en annen skj\u00f8nnhet<\/p>\n<p>De aller fleste musikkinteresserte nordmenn f\u00e5r p\u00e5 et eller annet tidspunkt det r\u00e5d at de b\u00f8r bli kjent med Fartein Valens sanger. Grunnen er ganske enkel: dette er musikk som r\u00f8rer ved dype strenger i menneskesinnet. Og har du ikke kommet over musikken f\u00f8r, s\u00e5 er anledningen der s\u00e5 absolutt n\u00e5. Siri Torjesen har gjennom flere \u00e5r arbeidet med Valens sanger frem mot denne CD-innspillingen der hun for f\u00f8rste gang presenterer dem samlet. H\u00e5kon Austb\u00f8 er en uvurderlig medspiller ved flygelet, og Bergen Filharmoniske Orkester under ledelse av Christian Eggen viser hvilken uts\u00f8kt orkestrator Valen ogs\u00e5 var.<\/p>\n<p><!--more--><\/p>\n<p>De aller fleste musikkinteresserte nordmenn f\u00e5r p\u00e5 et eller annet tidspunkt det r\u00e5d at de b\u00f8r bli kjent med Fartein Valens sanger. Grunnen er ganske enkel: dette er musikk som r\u00f8rer ved dype strenger i menneskesinnet. Og har du ikke kommet over musikken f\u00f8r, s\u00e5 er anledningen der s\u00e5 absolutt n\u00e5. Siri Torjesen har gjennom flere \u00e5r arbeidet med Valens sanger frem mot denne CD-innspillingen der hun for f\u00f8rste gang presenterer dem samlet. H\u00e5kon Austb\u00f8 er en uvurderlig medspiller ved flygelet, og Bergen Filharmoniske Orkester under ledelse av Christian Eggen viser hvilken uts\u00f8kt orkestrator Valen ogs\u00e5 var.<\/p>\n<h4>Valens komplette sanger for f\u00f8rste gang<\/h4>\n<p>De aller fleste musikkinteresserte nordmenn f\u00e5r p\u00e5 et eller annet tidspunkt det r\u00e5d at de b\u00f8r bli kjent med Fartein Valens sanger. Grunnen er ganske enkel: dette er musikk som r\u00f8rer ved dype strenger i menneskesinnet. Og har du ikke kommet over musikken f\u00f8r, s\u00e5 er anledningen der s\u00e5 absolutt n\u00e5. Siri Torjesen har gjennom flere \u00e5r arbeidet med Valens sanger frem mot denne CD-innspillingen der hun for f\u00f8rste gang presenterer dem samlet. H\u00e5kon Austb\u00f8 er en uvurderlig medspiller ved flygelet, og Bergen Filharmoniske Orkester under ledelse av Christian Eggen viser hvilken uts\u00f8kt orkestrator Valen ogs\u00e5 var.<\/p>\n<h4>Ave Maria<\/h4>\n<p>Ave Maria, spor 12 p\u00e5 denne platen og en av Valens vakreste sanger, skapte en spesiell situasjon da den ble urfremf\u00f8rt med Oslo Filharmoniske Orkester i 1923. Kritikerstanden var i utgangspunktet negative til den moderne musikken de h\u00f8rte, men publikum var over seg av begeistring. Etter en lang periode med vanskelige arbeidsvilk\u00e5r ble omverdenen igjen oppmerksom p\u00e5 Valens musikk etter 2. verdenskrig, og frem til sin d\u00f8d i 1952 var komponisten gjenstand, ikke n\u00f8dvendigvis helt etter eget \u00f8nske, for en enorm internasjonal interesse.<\/p>\n<h4>Siri Torjesen om sitt arbeid med Valens musikk:<\/h4>\n<p>&#8211; Mange ut\u00f8vere dr\u00f8mmer om \u00e5 finne \u00absin\u00bb musikk, noe som betyr noe helt spesielt for dem. Valens sanger er blitt en slik skatt for meg. De inneholder alt jeg kan \u00f8nske meg av utfordringer. Stadig kan de \u00e5pne seg p\u00e5 nye, forunderlige m\u00e5ter \u2013 som om jeg h\u00f8rte dem for aller f\u00f8rste gang! Valens musikk f\u00e5r diktene til \u00e5 gl\u00f8de med en sjelden kraft og lidenskap, og er med p\u00e5 \u00e5 gi dem et nesten vulkansk trykk. Tekstene er presset inn i en streng polyfon stemmef\u00f8ring med en instrumentalsats som gj\u00f8r stemmen til en del av en fargerik vev.<\/p>\n<p><\/p>","protected":false},"excerpt":{"rendered":"<p>Valens livslange musikalske kj\u00e6rlighet og forbilde var J.S. Bach er lett \u00e5 h\u00f8re, nettopp dette er det kanskje som har gitt musikken hans et preg av det evige?<\/p>\n","protected":false},"featured_media":27569,"comment_status":"closed","ping_status":"open","template":"","meta":[],"product_brand":[],"product_cat":[180],"product_tag":[],"class_list":{"0":"post-415","1":"product","2":"type-product","3":"status-publish","4":"has-post-thumbnail","6":"product_cat-simax-classics","7":"product_shipping_class-cddvd-shipping","8":"uni_artist_tag-andrew-keener","9":"uni_artist_tag-bergen-philharmonic-orchestra","10":"uni_artist_tag-christian-eggen","11":"uni_artist_tag-fartein-valen","12":"uni_artist_tag-hakon-austbo","13":"uni_artist_tag-siri-torjesen","14":"uni_main_artist_tag-siri-torjesen","15":"uni_artist_genre-contemporary-music","16":"uni_artist_genre-lieder","17":"uni_artist_genre-song-with-orchestra","19":"first","20":"instock","21":"taxable","22":"shipping-taxable","23":"purchasable","24":"product-type-simple"},"_links":{"self":[{"href":"https:\/\/grappa.no\/no\/wp-json\/wp\/v2\/product\/415","targetHints":{"allow":["GET"]}}],"collection":[{"href":"https:\/\/grappa.no\/no\/wp-json\/wp\/v2\/product"}],"about":[{"href":"https:\/\/grappa.no\/no\/wp-json\/wp\/v2\/types\/product"}],"replies":[{"embeddable":true,"href":"https:\/\/grappa.no\/no\/wp-json\/wp\/v2\/comments?post=415"}],"wp:featuredmedia":[{"embeddable":true,"href":"https:\/\/grappa.no\/no\/wp-json\/wp\/v2\/media\/27569"}],"wp:attachment":[{"href":"https:\/\/grappa.no\/no\/wp-json\/wp\/v2\/media?parent=415"}],"wp:term":[{"taxonomy":"product_brand","embeddable":true,"href":"https:\/\/grappa.no\/no\/wp-json\/wp\/v2\/product_brand?post=415"},{"taxonomy":"product_cat","embeddable":true,"href":"https:\/\/grappa.no\/no\/wp-json\/wp\/v2\/product_cat?post=415"},{"taxonomy":"product_tag","embeddable":true,"href":"https:\/\/grappa.no\/no\/wp-json\/wp\/v2\/product_tag?post=415"}],"curies":[{"name":"wp","href":"https:\/\/api.w.org\/{rel}","templated":true}]}}