{"id":41483,"date":"2024-04-10T14:45:07","date_gmt":"2024-04-10T13:45:07","guid":{"rendered":"https:\/\/grappa.no\/?post_type=product&#038;p=41483"},"modified":"2024-04-22T09:14:53","modified_gmt":"2024-04-22T08:14:53","slug":"av-daude-gror","status":"publish","type":"product","link":"https:\/\/grappa.no\/no\/albums\/grappa\/av-daude-gror\/","title":{"rendered":"Av daude gror"},"content":{"rendered":"<p><\/p>\n<p>Fest eller flinkis, klubb eller kirke, h\u00e5vam\u00e5l eller autotune, alternativ pop eller tilgjengelig jazz? Trombonist, komponist og artist Andreas Rotevatn gir deg alt sammen, og alt midt i mellom p\u00e5 sitt f\u00f8rste soloalbum 3.mai!<\/p>\n<p>Det todelte finner du i de fleste aspektene av livet til Rotevatn. P\u00e5 den ene siden har han en bygdeoppvekst p\u00e5 Nordfjordeid, og p\u00e5 den andre siden over 10 \u00e5r som kunstner i Oslo. Spellemannsnominert for sitt dypdykk i avantgardistisk musikk for stort jazzensemble, men \u00f2g for sitt samarbeid med popmusikere som Cezinando og Gabrielle. Tekstlig inspirert av fortida, gjennom H\u00e5vam\u00e5l, Ivar Aasen og Bibelen, men samtidig inspirert av moderne lyder fra synther og trommemaskiner.<\/p>\n<p>","protected":false},"excerpt":{"rendered":"<p>Fest eller flinkis, klubb eller kirke, h\u00e5vam\u00e5l eller autotune, alternativ pop eller tilgjengelig jazz? Trombonist, komponist og artist Andreas Rotevatn gir deg alt sammen, og alt midt i mellom p\u00e5 sitt f\u00f8rste soloalbum 3.mai!<\/p>\n<p>Det todelte finner du i de fleste aspektene av livet til Rotevatn. P\u00e5 den ene siden har han en bygdeoppvekst p\u00e5 Nordfjordeid, og p\u00e5 den andre siden over 10 \u00e5r som kunstner i Oslo. Spellemannsnominert for sitt dypdykk i avantgardistisk musikk for stort jazzensemble, men \u00f2g for sitt samarbeid med popmusikere som Cezinando og Gabrielle. Tekstlig inspirert av fortida, gjennom H\u00e5vam\u00e5l, Ivar Aasen og Bibelen, men samtidig inspirert av moderne lyder fra synther og trommemaskiner.<\/p>\n","protected":false},"featured_media":41504,"comment_status":"open","ping_status":"closed","template":"","meta":[],"product_brand":[],"product_cat":[6],"product_tag":[8022,8023],"class_list":{"0":"post-41483","1":"product","2":"type-product","3":"status-publish","4":"has-post-thumbnail","6":"product_cat-grappa","7":"product_tag-andreas-rotevatn","8":"product_tag-av-daude-gror","9":"product_shipping_class-vinyl-shipping","10":"uni_artist_tag-andreas-rotevatn","11":"uni_main_artist_tag-andreas-rotevatn","12":"uni_main_artist_tag-christopher-bill","13":"uni_main_artist_tag-elias-tafjord","14":"uni_main_artist_tag-hans-peter-lindstrom","15":"uni_main_artist_tag-henriette-eilertsen","16":"uni_main_artist_tag-john-wizards","17":"uni_main_artist_tag-nikolai-haengsle","18":"uni_main_artist_tag-sander-nordahl","19":"uni_main_artist_tag-sofie-tollefsbol","20":"uni_artist_genre-alternative","21":"uni_artist_genre-jazz","22":"uni_artist_genre-norsk-pop","24":"first","25":"instock","26":"taxable","27":"shipping-taxable","28":"purchasable","29":"product-type-simple"},"_links":{"self":[{"href":"https:\/\/grappa.no\/no\/wp-json\/wp\/v2\/product\/41483","targetHints":{"allow":["GET"]}}],"collection":[{"href":"https:\/\/grappa.no\/no\/wp-json\/wp\/v2\/product"}],"about":[{"href":"https:\/\/grappa.no\/no\/wp-json\/wp\/v2\/types\/product"}],"replies":[{"embeddable":true,"href":"https:\/\/grappa.no\/no\/wp-json\/wp\/v2\/comments?post=41483"}],"wp:featuredmedia":[{"embeddable":true,"href":"https:\/\/grappa.no\/no\/wp-json\/wp\/v2\/media\/41504"}],"wp:attachment":[{"href":"https:\/\/grappa.no\/no\/wp-json\/wp\/v2\/media?parent=41483"}],"wp:term":[{"taxonomy":"product_brand","embeddable":true,"href":"https:\/\/grappa.no\/no\/wp-json\/wp\/v2\/product_brand?post=41483"},{"taxonomy":"product_cat","embeddable":true,"href":"https:\/\/grappa.no\/no\/wp-json\/wp\/v2\/product_cat?post=41483"},{"taxonomy":"product_tag","embeddable":true,"href":"https:\/\/grappa.no\/no\/wp-json\/wp\/v2\/product_tag?post=41483"}],"curies":[{"name":"wp","href":"https:\/\/api.w.org\/{rel}","templated":true}]}}