{"id":414,"date":"2006-04-03T00:00:00","date_gmt":"2006-04-02T23:00:00","guid":{"rendered":"http:\/\/www.grappa.no\/albums\/uncategorized\/beethoven-maxwell-davies-beethoven-vol-2\/"},"modified":"2019-02-22T15:53:03","modified_gmt":"2019-02-22T14:53:03","slug":"beethoven-maxwell-davies-beethoven-vol-2","status":"publish","type":"product","link":"https:\/\/grappa.no\/no\/albums\/simax-classics\/beethoven-maxwell-davies-beethoven-vol-2\/","title":{"rendered":"Beethoven + Maxwell Davies (Beethoven+, vol. 2)"},"content":{"rendered":"<p><\/p>\n<p>Beethoven og Max<\/p>\n<p>De tre klavertrioene Beethoven fikk publisert i Wien i 1795 er kanskje det mest sl\u00e5ende opus 1 som noen komponist har presentert seg med. Beethoven hadde studert Haydns klavertrioer inng\u00e5ende, og hadde et uttalt m\u00e5l om \u00e5 overg\u00e5 dem. Trioen i D dur er kjent under navnet Geistertrio (Sp\u00f8kelsestrioen). Opphavet til kallenavnet er ukjent, men man ser det ofte som en refleksjon av stemningen i den langsomme satsen i verket.<\/p>\n<p>Sir Peter Maxwell Davies (1934) regnes som en av de fremste komponister i v\u00e5r tid, og ble i 2004 utnevnt til Master of the Queen&#8217;s Music i Storbritannia. Han har skrevet sin hittil eneste klavertrio \u00abA Voyage to Fair Isle\u00bb til Grieg Trio, som ogs\u00e5 urfremf\u00f8rte den under Glogerfestivalen i 2003.<\/p>\n<p><!--more--><\/p>\n<p>Spellemann-vinnerne Grieg Trio er klare med sin nye utgivelse i serien Beethoven+. Trioen lar klangene etter den store mester blandes med stemmer fra v\u00e5r egen tid, og resultatet er oppsiktsvekkende.<\/p>\n<h4>Beethoven<\/h4>\n<p>De tre klavertrioene Beethoven fikk publisert i Wien i 1795 er kanskje det mest sl\u00e5ende opus 1 som noen komponist har presentert seg med. Beethoven hadde studert Haydns klavertrioer inng\u00e5ende, og hadde et uttalt m\u00e5l om \u00e5 overg\u00e5 dem. Trioen i G dur er kanskje den som minner mest om pappa Haydn, med et gjennomg\u00e5ende godt hum\u00f8r og en lekende omgang med kompositoriske konvensjoner. Og selv om opus 1 var en sl\u00e5ende suksess skulle det g\u00e5 14 \u00e5r f\u00f8r Beethoven returnerte til denne besetningen. Etter fullf\u00f8relsen av Pastoralesymfonien ga Beethoven seg i kast med sitt opus 70. Trioen i D dur er kjent under navnet Geistertrio (Sp\u00f8kelsestrioen). Opphavet til kallenavnet er ukjent, men man ser det ofte som en refleksjon av stemningen i den langsomme satsen i verket.<\/p>\n<h4>+ Max\u2019 eneste klavertrio<\/h4>\n<p>Sir Peter Maxwell Davies (1934) regnes som en av de fremste komponister i v\u00e5r tid, og ble i 2004 utnevnt til Master of the Queen&#8217;s Music i Storbritannia. Hans verkliste inkluderer blant annet suksessfulle operaer, balletter og \u00e5tte symfonier. De senere \u00e5rene har han konsentrert seg om kammermusikk, og han har skrevet sin hittil eneste klavertrio \u00abA Voyage to Fair Isle\u00bb til Grieg Trio, som ogs\u00e5 urfremf\u00f8rte den under Glogerfestivalen i 2003. Stykket er inspirert av en reise til en liten \u00f8y utenfor Orkney\u00f8yene (komponistens hjemsted) og en musikkfestival som fant sted der ute.<\/p>\n<h4>Grieg Trio<\/h4>\n<p>Beethoven+ er den st\u00f8rste satsningen noen skandinavisk kammermusikkgruppe har initiert. Alle Beethovens klavertrioer fremf\u00f8res sammen med nyskrevne verker for besetningen b\u00e5de p\u00e5 konserter og CD. I sesongen 2002-03 ble serien gjennomf\u00f8rt bl. a. i Wigmore Hall, og i 2005 var arenaen Konzerthaus Berlin. I 2004 overtok Grieg Trio som kunstnerisk ansvarlige for Stavanger Internasjonale Kammermusikkfestival, og samme \u00e5r ble trioen tildelt Spellemannprisen for sin innspilling av Dvoraks komplette klavertrioer. Vebj\u00f8rn Anvik (piano), S\u00f8lve Sigerland (fiolin) og Ellen Margrete Flesj\u00f8 (cello) befester sin unike kunstneriske posisjon med denne utgivelsen.<\/p>\n<p><\/p>","protected":false},"excerpt":{"rendered":"<p>&#8211; alert, spirited performances and a programme that seems to highlight Beethoven&#8217;s originality by placing it next to an inventive modern work. [Gramophone]<\/p>\n","protected":false},"featured_media":27567,"comment_status":"closed","ping_status":"open","template":"","meta":[],"product_brand":[],"product_cat":[180],"product_tag":[],"class_list":{"0":"post-414","1":"product","2":"type-product","3":"status-publish","4":"has-post-thumbnail","6":"product_cat-simax-classics","7":"product_shipping_class-cddvd-shipping","8":"uni_artist_tag-grieg-trio","9":"uni_artist_tag-krzysztof-drab","10":"uni_artist_tag-ludwig-van-beethoven","11":"uni_artist_tag-sir-peter-maxwell-davies","12":"uni_main_artist_tag-grieg-trio","13":"uni_artist_genre-chamber-music","14":"uni_artist_genre-contemporary-music","15":"uni_artist_genre-strings","16":"uni_artist_genre-world-premiere-recording","18":"first","19":"instock","20":"taxable","21":"shipping-taxable","22":"purchasable","23":"product-type-simple"},"_links":{"self":[{"href":"https:\/\/grappa.no\/no\/wp-json\/wp\/v2\/product\/414","targetHints":{"allow":["GET"]}}],"collection":[{"href":"https:\/\/grappa.no\/no\/wp-json\/wp\/v2\/product"}],"about":[{"href":"https:\/\/grappa.no\/no\/wp-json\/wp\/v2\/types\/product"}],"replies":[{"embeddable":true,"href":"https:\/\/grappa.no\/no\/wp-json\/wp\/v2\/comments?post=414"}],"wp:featuredmedia":[{"embeddable":true,"href":"https:\/\/grappa.no\/no\/wp-json\/wp\/v2\/media\/27567"}],"wp:attachment":[{"href":"https:\/\/grappa.no\/no\/wp-json\/wp\/v2\/media?parent=414"}],"wp:term":[{"taxonomy":"product_brand","embeddable":true,"href":"https:\/\/grappa.no\/no\/wp-json\/wp\/v2\/product_brand?post=414"},{"taxonomy":"product_cat","embeddable":true,"href":"https:\/\/grappa.no\/no\/wp-json\/wp\/v2\/product_cat?post=414"},{"taxonomy":"product_tag","embeddable":true,"href":"https:\/\/grappa.no\/no\/wp-json\/wp\/v2\/product_tag?post=414"}],"curies":[{"name":"wp","href":"https:\/\/api.w.org\/{rel}","templated":true}]}}