{"id":41364,"date":"2024-02-22T12:03:26","date_gmt":"2024-02-22T11:03:26","guid":{"rendered":"https:\/\/grappa.no\/?post_type=product&#038;p=41364"},"modified":"2024-02-23T10:53:17","modified_gmt":"2024-02-23T09:53:17","slug":"rundsnurrknurr","status":"publish","type":"product","link":"https:\/\/grappa.no\/no\/albums\/heilo\/rundsnurrknurr\/","title":{"rendered":"Rundsnurrknurr"},"content":{"rendered":"<p><\/p>\n<p>15. mars lanseres det nye albumet til Hulb\u00e6kmo &#038; Jacobsen familieorkester med det klingende navnet &#8220;Rundsnurrknurr&#8221;. Musikken har, som p\u00e5 deres f\u00f8rste album fra 2017, en salig blandingav musikalske stilarter og impulser, men denne gangen er det norsk gammeldans og bygdedans som st\u00e5r i sentrum. Denne delen av den norske folkemusikken flommer over av kule og spennende rytmer og groover, og selv om det er dansemusikk det er snakk om, s\u00e5 dukker det ogs\u00e5 opp de vakreste melodier. P\u00e5 dette albumet har familien satt seg fore \u00e5 utforske og utvide sjangeren p\u00e5 sitt vis.<\/p>\n<p>","protected":false},"excerpt":{"rendered":"<p>15. mars lanseres det nye albumet til Hulb\u00e6kmo &#038; Jacobsen familieorkester med det klingende navnet &#8220;Rundsnurrknurr&#8221;. Musikken har, som p\u00e5 deres f\u00f8rste album fra 2017, en salig blandingav musikalske stilarter og impulser, men denne gangen er det norsk gammeldans og bygdedans som st\u00e5r i sentrum. Denne delen av den norske folkemusikken flommer over av kule og spennende rytmer og groover, og selv om det er dansemusikk det er snakk om, s\u00e5 dukker det ogs\u00e5 opp de vakreste melodier. P\u00e5 dette albumet har familien satt seg fore \u00e5 utforske og utvide sjangeren p\u00e5 sitt vis.<\/p>\n","protected":false},"featured_media":41358,"comment_status":"open","ping_status":"closed","template":"","meta":[],"product_brand":[],"product_cat":[35],"product_tag":[7977,7976],"class_list":{"0":"post-41364","1":"product","2":"type-product","3":"status-publish","4":"has-post-thumbnail","6":"product_cat-heilo","7":"product_tag-hulbaekmo-jacobsen-familieorkester","8":"product_tag-rundsnurrknurr","9":"product_shipping_class-cddvd-shipping","10":"uni_artist_tag-alf-hulbaekmo","11":"uni_artist_tag-hans-fredrik-jacobsen","12":"uni_artist_tag-hans-hulbaekmo","13":"uni_artist_tag-tone-hulbaekmo","14":"uni_main_artist_tag-hulbaekmo-jacobsen-familieorkester","15":"uni_artist_genre-folk","16":"uni_artist_genre-traditional","17":"uni_artist_genre-traditional-folk-music","19":"first","20":"instock","21":"taxable","22":"shipping-taxable","23":"purchasable","24":"product-type-variable"},"_links":{"self":[{"href":"https:\/\/grappa.no\/no\/wp-json\/wp\/v2\/product\/41364","targetHints":{"allow":["GET"]}}],"collection":[{"href":"https:\/\/grappa.no\/no\/wp-json\/wp\/v2\/product"}],"about":[{"href":"https:\/\/grappa.no\/no\/wp-json\/wp\/v2\/types\/product"}],"replies":[{"embeddable":true,"href":"https:\/\/grappa.no\/no\/wp-json\/wp\/v2\/comments?post=41364"}],"wp:featuredmedia":[{"embeddable":true,"href":"https:\/\/grappa.no\/no\/wp-json\/wp\/v2\/media\/41358"}],"wp:attachment":[{"href":"https:\/\/grappa.no\/no\/wp-json\/wp\/v2\/media?parent=41364"}],"wp:term":[{"taxonomy":"product_brand","embeddable":true,"href":"https:\/\/grappa.no\/no\/wp-json\/wp\/v2\/product_brand?post=41364"},{"taxonomy":"product_cat","embeddable":true,"href":"https:\/\/grappa.no\/no\/wp-json\/wp\/v2\/product_cat?post=41364"},{"taxonomy":"product_tag","embeddable":true,"href":"https:\/\/grappa.no\/no\/wp-json\/wp\/v2\/product_tag?post=41364"}],"curies":[{"name":"wp","href":"https:\/\/api.w.org\/{rel}","templated":true}]}}