{"id":41344,"date":"2024-02-16T17:25:29","date_gmt":"2024-02-16T16:25:29","guid":{"rendered":"https:\/\/grappa.no\/?post_type=product&#038;p=41344"},"modified":"2024-04-09T16:43:57","modified_gmt":"2024-04-09T15:43:57","slug":"gjenskinn","status":"publish","type":"product","link":"https:\/\/grappa.no\/no\/albums\/hubro\/gjenskinn\/","title":{"rendered":"Gjenskinn"},"content":{"rendered":"<p><\/p>\n<p>Det er syv \u00e5r siden Nils \u00d8kland Bands forrige utgivelse, og albumet \u00abGjenskinn\u00bb er brygget over lang tid, hvilket har resultert i et sjangeroverskridende, helhetlig verk med inspirasjon fra mange verdenshj\u00f8rner. <\/p>\n<p>Nils \u00d8kland er interessert i musikkens reiser og dialoger p\u00e5 tvers av tid og sted, en musikk uten lande- og tradisjonsgrenser. Samtidig er han veldig inspirert av den lokale musikken fra mange steder, og liker ofte best gamle spelemenn og sangere  som har en helt egen personlig spillestil. Felespiller og komponist Nils \u00d8klands f\u00f8rste konsert med Nils \u00d8kland Band var i 2014, og de har etter den tid utgitt den spellemannominerte Kj\u00f8lvatn p\u00e5 ECM, og deretter Lysning p\u00e5 Hubro, som vant statuetten. <\/p>\n<p><!--more--><\/p>\n<p>Nils \u00d8kland er interessert i musikkens reiser og dialoger p\u00e5 tvers av tid og sted, en musikk uten lande- og tradisjonsgrenser. Samtidig er han veldig inspirert av den lokale musikken fra mange steder, og liker ofte best gamle spelemenn og sangere  som har en helt egen personlig spillestil. Felespiller og komponist Nils \u00d8klands f\u00f8rste konsert med Nils \u00d8kland Band var i 2014, og de har etter den tid utgitt den spellemannominerte Kj\u00f8lvatn p\u00e5 ECM, og deretter Lysning p\u00e5 Hubro, som vant statuetten. Det er n\u00e5 syv \u00e5r siden deres forrige utgivelse. <\/p>\n<p>Den 1. mars er det duket for det nye spennende albumet \u00abGjenskinn\u00bb. Bandet har brygget p\u00e5 albumet over lang tid, hvilket har resultert i et sjangeroverskridende, helhetlig verk med inspirasjon fra mange verdenshj\u00f8rner.<br \/>\nDet har v\u00e6rt god tid til \u00e5 \u00f8ve inn nytt repertoar, Nils forteller:<br \/>\n&#8211; Det har v\u00e6rt mye tid til \u00e5 tenke &#8211; hvilket har gjort at en stor del av musikken har blitt preget av minner, oppsummering og viderespinning p\u00e5 tidligere musikalske opplevelser.<\/p>\n<p>Bandet har over tid fylt en skattkiste med musikalske inspirasjoner og melodier, som benyttes p\u00e5 dette albumet. Rolf Erik og Nils l\u00e6rte seg temaet p\u00e5 \u00abKairo\u00bb fra fra fl\u00f8ytespilleren Ahmed El Arnab i nettopp Kairo, og Nils l\u00e6rte seg en gammel \u00abold norse\u00bb-sl\u00e5tt av felespilleren Lell Robertson p\u00e5 Shetland for mange \u00e5r siden, som benyttes i kollasjen \u00abTilley Plump\u00bb.<br \/>\nI minimalvals har de g\u00e5tt motsatt vei og gjort opptak av valsen \u00abFinnjenta\u00bb fra Gudbrandsdalen som Nils har spilt i 40 \u00e5r, her endte de opp med \u00e5 ikke bruke melodien, men en ny minimalutgave uten den gamle valsen. <\/p>\n<p>Anmelder Ralf Christensen var til stede under Nils \u00d8kland Bands konsert i Brorson Kirke i 2022, og skrev i Information(DK): \u00abJeg var ute av stand til \u00e5 se vekk, f\u00e5 underkjeven p\u00e5 plass, i det heletatt gj\u00f8re annet enn \u00e5 holde kroppen \u00e5pen og \u00f8rene p\u00e5 dirrende stilk under den helt str\u00e5lende konserten i en tettpakket Brorsons kirke\u00bb. <\/p>\n<p>Minimalvals, Kairo, Morgenkvist, Kraft, Tilley Plump og Silhuett ble innspilt i ABC-Studio i November 2021 av Kjetil Ulland, mens Framover, Svevn, Lys og Gjenskinn ble innspilt p\u00e5 MusikkLoftet i 2022 av Vidar Lunden. Albumet er mikset av Vidar Lunden, og mastret av Morgan Nicolaysen. <\/p>\n<p>","protected":false},"excerpt":{"rendered":"<p>Det er syv \u00e5r siden Nils \u00d8kland Bands forrige utgivelse. Albumet \u00abGjenskinn\u00bb er brygget over lang tid, hvilket har resultert i et sjangeroverskridende, helhetlig verk med inspirasjon fra mange verdenshj\u00f8rner. Nils \u00d8kland er interessert i musikkens reiser og dialoger p\u00e5 tvers av tid og sted, en musikk uten lande- og tradisjonsgrenser. Samtidig er han veldig inspirert av den lokale musikken fra mange steder, og liker ofte best gamle spelemenn og sangere  som har en helt egen personlig spillestil.<\/p>\n","protected":false},"featured_media":41345,"comment_status":"open","ping_status":"closed","template":"","meta":[],"product_brand":[],"product_cat":[36,6984],"product_tag":[7966],"class_list":{"0":"post-41344","1":"product","2":"type-product","3":"status-publish","4":"has-post-thumbnail","6":"product_cat-hubro","7":"product_cat-uncategorized","8":"product_tag-nils-okland-band","9":"product_shipping_class-cddvd-shipping","10":"uni_artist_tag-hakon-morch-stene","11":"uni_artist_tag-mats-eilertsen","12":"uni_artist_tag-nils-okland","13":"uni_artist_tag-nils-okland-band","14":"uni_artist_tag-rolf-erik-nystrom","15":"uni_artist_tag-sigbjorn-apeland","16":"uni_main_artist_tag-nils-okland-band","17":"uni_artist_genre-folk-music","18":"uni_artist_genre-jazz","20":"first","21":"instock","22":"taxable","23":"shipping-taxable","24":"purchasable","25":"product-type-variable"},"_links":{"self":[{"href":"https:\/\/grappa.no\/no\/wp-json\/wp\/v2\/product\/41344","targetHints":{"allow":["GET"]}}],"collection":[{"href":"https:\/\/grappa.no\/no\/wp-json\/wp\/v2\/product"}],"about":[{"href":"https:\/\/grappa.no\/no\/wp-json\/wp\/v2\/types\/product"}],"replies":[{"embeddable":true,"href":"https:\/\/grappa.no\/no\/wp-json\/wp\/v2\/comments?post=41344"}],"wp:featuredmedia":[{"embeddable":true,"href":"https:\/\/grappa.no\/no\/wp-json\/wp\/v2\/media\/41345"}],"wp:attachment":[{"href":"https:\/\/grappa.no\/no\/wp-json\/wp\/v2\/media?parent=41344"}],"wp:term":[{"taxonomy":"product_brand","embeddable":true,"href":"https:\/\/grappa.no\/no\/wp-json\/wp\/v2\/product_brand?post=41344"},{"taxonomy":"product_cat","embeddable":true,"href":"https:\/\/grappa.no\/no\/wp-json\/wp\/v2\/product_cat?post=41344"},{"taxonomy":"product_tag","embeddable":true,"href":"https:\/\/grappa.no\/no\/wp-json\/wp\/v2\/product_tag?post=41344"}],"curies":[{"name":"wp","href":"https:\/\/api.w.org\/{rel}","templated":true}]}}