{"id":41339,"date":"2024-02-16T12:08:40","date_gmt":"2024-02-16T11:08:40","guid":{"rendered":"https:\/\/grappa.no\/?post_type=product&#038;p=41339"},"modified":"2024-02-16T12:30:11","modified_gmt":"2024-02-16T11:30:11","slug":"paris-oslo","status":"publish","type":"product","link":"https:\/\/grappa.no\/no\/albums\/curling-legs\/paris-oslo\/","title":{"rendered":"Paris\/Oslo"},"content":{"rendered":"<p><\/p>\n<p>Paris \/Oslo er et resultat av Petter Wettre&#8217;s beslutning om \u00e5 flytte til Paris i 2020 for \u00e5 la seg inspirere, utveksle id\u00e9er og utvikle sin musikalske horisont, men samtidig opprettholde bandet som ble igjen i Oslo. Med medlemmer basert i henholdsvis Oslo og Paris f\u00f8les det naturlig \u00e5 benytte navnene til disse metropolene som backdrop for prosjektet.<\/p>\n<p>Paris\/Oslo arrangerte og produserte egne konserter gjennom hele covidperioden 2020-2022. I egne \u00f8vingslokaler ble noen f\u00e5tallige heldige sjeler plukket ut til \u00e5 overv\u00e6re eksklusive intimkonserter. Da koronarestriksjonene ble l\u00f8ftet  var bandet selvsagt tilbake der de h\u00f8rer hjemme &#8211; p\u00e5 scenen. Denne konserten ble tatt opp i sin helhet b\u00e5de i bilde og lyd og ble innspilt p\u00e5 \u00e6rverdige Herr Nilsen i Oslo 25.september 2021.<\/p>\n<p>","protected":false},"excerpt":{"rendered":"<p>Paris \/Oslo er et resultat av Petter Wettre&#8217;s beslutning om \u00e5 flytte til Paris i 2020 for \u00e5 la seg inspirere, utveksle id\u00e9er og utvikle sin musikalske horisont, men samtidig opprettholde bandet som ble igjen i Oslo. Med medlemmer basert i henholdsvis Oslo og Paris f\u00f8les det naturlig \u00e5 benytte navnene til disse metropolene som backdrop for prosjektet.<\/p>\n","protected":false},"featured_media":41340,"comment_status":"open","ping_status":"closed","template":"","meta":[],"product_brand":[],"product_cat":[7730],"product_tag":[7962,7963],"class_list":{"0":"post-41339","1":"product","2":"type-product","3":"status-publish","4":"has-post-thumbnail","6":"product_cat-curling-legs","7":"product_tag-paris-oslo","8":"product_tag-petter-wettre","9":"product_shipping_class-vinyl-shipping","10":"uni_artist_tag-anders-aarum","11":"uni_artist_tag-hermund-nygard","12":"uni_artist_tag-jens-fossum","13":"uni_artist_tag-paris-oslo","14":"uni_artist_tag-petter-wettre","15":"uni_main_artist_tag-paris-oslo","16":"uni_artist_genre-jazz","17":"uni_artist_genre-romantic-jazz","19":"first","20":"instock","21":"taxable","22":"shipping-taxable","23":"purchasable","24":"product-type-simple"},"_links":{"self":[{"href":"https:\/\/grappa.no\/no\/wp-json\/wp\/v2\/product\/41339","targetHints":{"allow":["GET"]}}],"collection":[{"href":"https:\/\/grappa.no\/no\/wp-json\/wp\/v2\/product"}],"about":[{"href":"https:\/\/grappa.no\/no\/wp-json\/wp\/v2\/types\/product"}],"replies":[{"embeddable":true,"href":"https:\/\/grappa.no\/no\/wp-json\/wp\/v2\/comments?post=41339"}],"wp:featuredmedia":[{"embeddable":true,"href":"https:\/\/grappa.no\/no\/wp-json\/wp\/v2\/media\/41340"}],"wp:attachment":[{"href":"https:\/\/grappa.no\/no\/wp-json\/wp\/v2\/media?parent=41339"}],"wp:term":[{"taxonomy":"product_brand","embeddable":true,"href":"https:\/\/grappa.no\/no\/wp-json\/wp\/v2\/product_brand?post=41339"},{"taxonomy":"product_cat","embeddable":true,"href":"https:\/\/grappa.no\/no\/wp-json\/wp\/v2\/product_cat?post=41339"},{"taxonomy":"product_tag","embeddable":true,"href":"https:\/\/grappa.no\/no\/wp-json\/wp\/v2\/product_tag?post=41339"}],"curies":[{"name":"wp","href":"https:\/\/api.w.org\/{rel}","templated":true}]}}