{"id":413,"date":"2002-09-05T00:00:00","date_gmt":"2002-09-04T23:00:00","guid":{"rendered":"http:\/\/www.grappa.no\/albums\/uncategorized\/ludvig-irgens-jensen-japanisher-fruhling\/"},"modified":"2025-02-27T09:52:08","modified_gmt":"2025-02-27T08:52:08","slug":"ludvig-irgens-jensen-japanisher-fruhling","status":"publish","type":"product","link":"https:\/\/grappa.no\/no\/albums\/simax-classics\/ludvig-irgens-jensen-japanisher-fruhling\/","title":{"rendered":"Ludvig Irgens-Jensen: Japanisher Fr\u00fchling"},"content":{"rendered":"<p><\/p>\n<p>Ragnhild Heiland S\u00f8rensen i fremragende tolkning av Irgens-Jensen<\/p>\n<p>Sangsyklusen Japanischer Fr\u00fchling favner b\u00e5de den unge og den modne Irgens-Jensen. Klaverversjonen fra 1920 var hans op.2 , men i denne versjonen fra 1957 har komponisten str\u00f8ket og omarbeidet sine unge sprelske tanker. Tilbake st\u00e5r en ettertankens musikk til tyske gjendiktninger av japanske dikt. Ragnhild Heiland S\u00f8rensen er til daglig solist ved Den Norske Opera, og har hatt flere store oppgaver der. Hennes myke og rike sopran kommer fantastisk godt til sin rett i denne fyldige men samtidig gjennomsiktige musikken.<\/p>\n<p>Bergen Filharmoniske Orkester under ledelse av Eivind Aadland gj\u00f8r en str\u00e5lende innsats med fremf\u00f8ringer som aktualiserer musikken til Ludvig Irgens-Jensen.<\/p>\n<p><!--more--><\/p>\n<p>Sangsyklusen Japanischer Fr\u00fchling favner b\u00e5de den unge og den modne Irgens-Jensen. Klaverversjonen fra 1920 var hans op.2 , men i denne versjonen fra 1957 har komponisten str\u00f8ket og omarbeidet sine unge sprelske tanker.<\/p>\n<h4><\/h4>\n<p>Er det et norsk orkesterverk som kan sies \u00e5 virkelig ha internasjonal utbredelse og anerkjennelse, m\u00e5 det v\u00e6re Irgens-Jensens Passacaglia fra 1927. Verket ble kjent f\u00f8r noen hadde h\u00f8rt en tone av det, i og med at Carl Nielsen roste verket opp i skyene etter at det fikk en pris i den store Schubert-jubileumskonkuransen \u00e5ret etter. Etter premieren i 1929 ble verket raskt utbredt i Europa og USA gjennom to av Oslo-Filharmoniens dirigenter Gr\u00fcner-Hegge og Dobrowen. Sistnevnte introduserte verket for Toscanini, og bare et uhell hindret en fremf\u00f8relse under mesterens ledelse. Rent formalt er verket bygget opp av Innledning \u2014 Passacaglia I \u2014 Fuge \u2014 Passacaglia II \u2014 Coda. Den mesterlige tekniske gjennomf\u00f8ring gj\u00f8r Passacaglia til et verk som henvender seg b\u00e5de til hjerte og hjerne.<\/p>\n<h4><\/h4>\n<p>Bergen Filharmoniske Orkester under ledelse av Eivind Aadland gj\u00f8r en str\u00e5lende innsats med fremf\u00f8ringer som igjen vil aktualisere musikken til Ludvig Irgens-Jensen.<\/p>\n<h4><\/h4>\n<p><\/p>","protected":false},"excerpt":{"rendered":"<p>Er det et norsk orkesterverk som kan sies \u00e5 virkelig ha internasjonal utbredelse og anerkjennelse, m\u00e5 det v\u00e6re Irgens-Jensens Passacaglia fra 1927.<\/p>\n","protected":false},"featured_media":27566,"comment_status":"closed","ping_status":"closed","template":"","meta":[],"product_brand":[],"product_cat":[180],"product_tag":[],"class_list":{"0":"post-413","1":"product","2":"type-product","3":"status-publish","4":"has-post-thumbnail","6":"product_cat-simax-classics","7":"product_shipping_class-cddvd-shipping","8":"uni_artist_tag-bergen-philharmonic-orchestra","9":"uni_artist_tag-eivind-aadland","10":"uni_artist_tag-jorn-pedersen","11":"uni_artist_tag-ludvig-irgens-jensen","12":"uni_artist_tag-ragnhild-heiland-sorensen","13":"uni_main_artist_tag-ragnhild-heiland-sorensen","14":"uni_artist_genre-norwegian","15":"uni_artist_genre-orchestral","16":"uni_artist_genre-song-with-orchestra","18":"first","19":"outofstock","20":"taxable","21":"shipping-taxable","22":"purchasable","23":"product-type-simple"},"_links":{"self":[{"href":"https:\/\/grappa.no\/no\/wp-json\/wp\/v2\/product\/413","targetHints":{"allow":["GET"]}}],"collection":[{"href":"https:\/\/grappa.no\/no\/wp-json\/wp\/v2\/product"}],"about":[{"href":"https:\/\/grappa.no\/no\/wp-json\/wp\/v2\/types\/product"}],"replies":[{"embeddable":true,"href":"https:\/\/grappa.no\/no\/wp-json\/wp\/v2\/comments?post=413"}],"wp:featuredmedia":[{"embeddable":true,"href":"https:\/\/grappa.no\/no\/wp-json\/wp\/v2\/media\/27566"}],"wp:attachment":[{"href":"https:\/\/grappa.no\/no\/wp-json\/wp\/v2\/media?parent=413"}],"wp:term":[{"taxonomy":"product_brand","embeddable":true,"href":"https:\/\/grappa.no\/no\/wp-json\/wp\/v2\/product_brand?post=413"},{"taxonomy":"product_cat","embeddable":true,"href":"https:\/\/grappa.no\/no\/wp-json\/wp\/v2\/product_cat?post=413"},{"taxonomy":"product_tag","embeddable":true,"href":"https:\/\/grappa.no\/no\/wp-json\/wp\/v2\/product_tag?post=413"}],"curies":[{"name":"wp","href":"https:\/\/api.w.org\/{rel}","templated":true}]}}