{"id":41283,"date":"2024-01-24T06:02:30","date_gmt":"2024-01-24T05:02:30","guid":{"rendered":"https:\/\/grappa.no\/?post_type=product&#038;p=41283"},"modified":"2024-11-26T11:24:15","modified_gmt":"2024-11-26T10:24:15","slug":"norwegian-recordings","status":"publish","type":"product","link":"https:\/\/grappa.no\/no\/albums\/grappa\/norwegian-recordings\/","title":{"rendered":"Norwegian Recordings  SIGNERT UTGAVE LP &#038; CD!"},"content":{"rendered":"<p><\/p>\n<p>SIGNERT UTGAVE P\u00c5 CD OG LP I BEGRENSET ANTALL!<\/p>\n<p>&#8220;Norwegian Recordings&#8221; er Hanne Boels 22.album. Med over 2,5 millioner solgte album er Hanne Boel den bestselgende kvinnelige danske artist gjennom tidene. I over 30 \u00e5r har den prisbel\u00f8nte artisten med den sjelfulle vokalen st\u00e5tt p\u00e5 toppen av den danske soulpop-scenen, og siden debuten med &#8220;Black Wolf&#8221; i 1988, har hun utgitt hele 21 albumutgivelser.<br \/>\n&#8220;Norwegian Recordings&#8221; et ikke helt tradisjonelt album, if\u00f8lge Hanne selv. Etter \u00e5 nylig ha turn\u00e9rt i Norge med trioen best\u00e5ende av gitaristene Jacob Funch og Jens Runge, var planen egentlig \u00e5 lage et nytt studioalbum. Men etter \u00e5 ha h\u00f8rt konsertopptakene, ble det klart at materialet var s\u00e5 bra, at det hadde potensialet til \u00e5 st\u00e5 p\u00e5 egne ben som en upolert utgivelse<\/p>\n<p>","protected":false},"excerpt":{"rendered":"<p>&#8220;Norwegian Recordings&#8221; er Hanne Boels 22.album. Med over 2,5 millioner solgte album er Hanne Boel den bestselgende kvinnelige danske artist gjennom tidene. I over 30 \u00e5r har den prisbel\u00f8nte artisten med den sjelfulle vokalen st\u00e5tt p\u00e5 toppen av den danske soulpop-scenen, og siden debuten med &#8220;Black Wolf&#8221; i 1988, har hun utgitt hele 21 albumutgivelser..<\/p>\n","protected":false},"featured_media":41937,"comment_status":"open","ping_status":"closed","template":"","meta":[],"product_brand":[],"product_cat":[6],"product_tag":[7955,7954,7956],"class_list":{"0":"post-41283","1":"product","2":"type-product","3":"status-publish","4":"has-post-thumbnail","6":"product_cat-grappa","7":"product_tag-hanne-boel","8":"product_tag-hanne-boel-the-trio","9":"product_tag-noregian-recordings","10":"product_shipping_class-cddvd-shipping","11":"uni_artist_tag-hann","12":"uni_artist_tag-hanne-boel","13":"uni_artist_tag-hanne-boel-the-trio","14":"uni_artist_tag-jacob-funch","15":"uni_artist_tag-jens-runge","16":"uni_main_artist_tag-hanne-boel-the-trio","17":"uni_artist_genre-pop","18":"uni_artist_genre-soul","20":"first","21":"instock","22":"taxable","23":"shipping-taxable","24":"purchasable","25":"product-type-variable"},"_links":{"self":[{"href":"https:\/\/grappa.no\/no\/wp-json\/wp\/v2\/product\/41283","targetHints":{"allow":["GET"]}}],"collection":[{"href":"https:\/\/grappa.no\/no\/wp-json\/wp\/v2\/product"}],"about":[{"href":"https:\/\/grappa.no\/no\/wp-json\/wp\/v2\/types\/product"}],"replies":[{"embeddable":true,"href":"https:\/\/grappa.no\/no\/wp-json\/wp\/v2\/comments?post=41283"}],"wp:featuredmedia":[{"embeddable":true,"href":"https:\/\/grappa.no\/no\/wp-json\/wp\/v2\/media\/41937"}],"wp:attachment":[{"href":"https:\/\/grappa.no\/no\/wp-json\/wp\/v2\/media?parent=41283"}],"wp:term":[{"taxonomy":"product_brand","embeddable":true,"href":"https:\/\/grappa.no\/no\/wp-json\/wp\/v2\/product_brand?post=41283"},{"taxonomy":"product_cat","embeddable":true,"href":"https:\/\/grappa.no\/no\/wp-json\/wp\/v2\/product_cat?post=41283"},{"taxonomy":"product_tag","embeddable":true,"href":"https:\/\/grappa.no\/no\/wp-json\/wp\/v2\/product_tag?post=41283"}],"curies":[{"name":"wp","href":"https:\/\/api.w.org\/{rel}","templated":true}]}}