{"id":41255,"date":"2024-01-09T14:10:06","date_gmt":"2024-01-09T13:10:06","guid":{"rendered":"https:\/\/grappa.no\/?post_type=product&#038;p=41255"},"modified":"2024-01-24T06:11:23","modified_gmt":"2024-01-24T05:11:23","slug":"villeblomster","status":"publish","type":"product","link":"https:\/\/grappa.no\/no\/albums\/hubro\/villeblomster\/","title":{"rendered":"Ville Blomster"},"content":{"rendered":"<p><\/p>\n<p>Den 2. februar er det duket for release av Liv Andrea Hauge Trios f\u00f8rste studioalbum, \u00abVille blomster\u00bb. Trioens f\u00f8rste plate, &#8220;Live from St. Hanshaugen,&#8221; ble innspilt i Livs stue, kun en uke etter at de begynte \u00e5 spille sammen, mens &#8220;Ville blomster&#8221; derimot, representerer resultatet av et \u00e5r med hyppig turn\u00e9virksomhet, \u00f8ving og studiotid. Trioen har utviklet sitt eget uttrykk, som gir rom for utforskning og improvisasjon. Tittelen &#8220;Ville blomster&#8221; symboliserer den ville og improviserte siden av musikken deres, og de vakre og enkle melodiske elementene (blomstene) som skiller seg ut.<\/p>\n<p><!--more--><\/p>\n<p>Den 2. februar er det duket for release av Liv Andrea Hauge Trios f\u00f8rste studioalbum, \u00abVille blomster\u00bb. Trioens f\u00f8rste plate, &#8220;Live from St. Hanshaugen,&#8221; ble innspilt i Livs stue, kun en uke etter at de begynte \u00e5 spille sammen, mens &#8220;Ville blomster&#8221; derimot, representerer resultatet av et \u00e5r med hyppig turn\u00e9virksomhet, \u00f8ving og studiotid. Trioen har utviklet sitt eget uttrykk, som gir rom for utforskning og improvisasjon. Tittelen &#8220;Ville blomster&#8221; symboliserer den ville og improviserte siden av musikken deres, og de vakre og enkle melodiske elementene (blomstene) som skiller seg ut.<\/p>\n<p>Plata er spilt inn i Athletic Sound i Halden sammen med Dag Erik Johansen i mai 2023. Mye av musikken var skrevet like f\u00f8r og l\u00e5tene p\u00e5 albumet varierer fra drivende, fengende l\u00e5ter inspirert av pianister som Keith Jarrett og Brad Mehldau, til mer melankolske, luftige komposisjoner som V\u00e5r og \u00d8demarka. Om skriveprosessen sier Liv: \u00abAlle l\u00e5tene, for utenom \u00d8demarka og Du og jeg, baby, er skrevet hjemme i leiligheta mi midt i sentrum av Oslo. Jeg liker \u00e5 \u00e5pne vinduene og h\u00f8re p\u00e5 livet utenfor, og sitte bak pianoet alene i timesvis og lete en etter en id\u00e9 som har en tydelig karakter\u00bb. <\/p>\n<p>Fremover har trioen mange planer. Allerede dagen etter albumslipp s\u00e5 spiller de p\u00e5 \u00e5pninga av Bod\u00f824 sammen med Arktisk Filharmoni og tre vokalister. Senere i februar skal de p\u00e5 slippturn\u00e9, og i sommer skal de spille p\u00e5 ulike festivaler, samt konserter i utlandet. De er ogs\u00e5 valgt ut som eneste jazzband til \u00e5 delta p\u00e5 Northern Expo 2024. <\/p>\n<p>Liv, som har erfaring med at \u00e5 spille inn improvisert musikk i studio kan v\u00e6re utfordrende, fikk en meget positiv opplevelse i Athletic Sound i Halden. Liv forteller:<br \/>\n\u00abDe tre dagene i Halden var inspirerende, kreative og vi hadde tid til \u00e5 utforske og \u00e5 leke oss i studio. Vi hadde bestemt oss p\u00e5 forh\u00e5nd for \u00e5 ikke ta for mange takes av hver l\u00e5t, det kan v\u00e6re tungt \u00e5 spille solo igjen og igjen p\u00e5 samme parti, og dette gjorde at vi var fokusert fra f\u00f8rste take, i tillegg til at vi fikk tid til \u00e5 leke og teste ut ulike ting. Et resultat av dette er sporet \u00abDu og jeg, baby\u00bb, som er en fri improvisasjon. <\/p>\n<p>Det hjalp nok ogs\u00e5 at vi har spilt s\u00e5 mye sammen det siste \u00e5ret, samtidig som jeg skrev mye ny musikk som var helt fersk da vi gikk i studio. En blanding av trygghet oss musikere i mellom, og friskt materiale gjorde at dette ble min mest positive studioerfaring s\u00e5 langt.\u00bb<\/p>\n<p>Tittelen \u00abVille blomster\u00bb er ogs\u00e5 en referanse til naturen. \u00abDet blir viktigere og viktigere \u00e5 ta vare p\u00e5 det uber\u00f8rte og ville, og det f\u00f8rste sporet beskriver en slags dr\u00f8m om at man skal finne et uber\u00f8rt omr\u00e5de med ville blomster hvor naturen ikke st\u00e5r i fare for \u00e5 bli \u00f8delagt. P\u00e5 samme m\u00e5te som naturen er et fristed for oss, \u00f8nsker vi at musikken p\u00e5 denne plata skal v\u00e6re et fristed for de som lytter.\u00bb &#8211; Liv<\/p>\n<p>Trioen ble dannet i forbindelse med at Liv Andrea Hauge ble valgt som Norges representant p\u00e5 det europeiske jazzprogrammet Footprints i 2021. Hun inviterte August og Georgia til \u00e5 bli med p\u00e5 turn\u00e9en i Slovenia og Ungarn i 2022, og det var slik trioen ble f\u00f8dt. De tre musikerne, som tidligere ikke kjente hverandre, fant umiddelbart en gnist av kjemi og har siden spilt sammen og utviklet sitt eget unike uttrykk.<\/p>\n<p>Liv Andrea Hauge (f.1995) er en oslobasert musiker, opprinnelig fra Mosj\u00f8en i Nordland. Hun har studert jazzpiano ved Norges Musikkh\u00f8gskole, og har tross sin unge alder og karriere satt merke etter seg med Kongle Trio (med Veslem\u00f8y Narvesen p\u00e5 trommer og \u00d8ystein Skjelstad \u00d8stensen p\u00e5 bass), og Laydbird Orchestra. I 2022 ga hun ut albumet \u00abLive from St.Hanshaugen\u00bb med trioen Liv Andrea Hauge Trio, spilt inn i Liv sin stue. Albumet ble omtalt som et av \u00e5rets beste norske jazzplater. I 2023 ga hun ut albumet \u00abHva n\u00e5, Ekko?\u00bb p\u00e5 Odin, sammen med Marte Eberson, Ragnhild Moan, Signe Emmeluth, Torstein Lavik Larsen, Fredrik Luhr og Andreas Winther. Denne musikken var et bestillingsverk av Festspillene Helgeland, og var sommeren 2022 p\u00e5 turn\u00e9 med bes\u00f8k p\u00e5 Kongsberg Jazzfestival, Oslo Jazzfestival og Hemnesjazz. Albumets andre singel \u00abAgain\u00bb ble i Dagsavisen omtalt som \u00aben kanditat til \u00c5rets l\u00e5t i en mer rettferdig verden.\u00bb <\/p>\n<p>","protected":false},"excerpt":{"rendered":"<p>Liv Andrea Hauge Trio er ute med sitt f\u00f8rste studioalbum, \u00abVille blomster\u00bb! Trioens f\u00f8rste plate, &#8220;Live from St. Hanshaugen,&#8221; ble innspilt i Livs stue, kun en uke etter at de begynte \u00e5 spille sammen, mens &#8220;Ville blomster&#8221; derimot, representerer resultatet av et \u00e5r med hyppig turn\u00e9virksomhet, \u00f8ving og studiotid. Trioen har utviklet sitt eget uttrykk, som gir rom for utforskning og improvisasjon.<\/p>\n","protected":false},"featured_media":41256,"comment_status":"open","ping_status":"closed","template":"","meta":[],"product_brand":[],"product_cat":[36],"product_tag":[7947,7948],"class_list":{"0":"post-41255","1":"product","2":"type-product","3":"status-publish","4":"has-post-thumbnail","6":"product_cat-hubro","7":"product_tag-liv-andrea-hauge-trio","8":"product_tag-ville-blomster","9":"product_shipping_class-cddvd-shipping","10":"uni_artist_tag-august-glannestrand","11":"uni_artist_tag-georgia-wartel-collins","12":"uni_artist_tag-liv-andrea-hauge","13":"uni_artist_tag-liv-andrea-hauge-trio","14":"uni_main_artist_tag-liv-andrea-hauge-trio","15":"uni_artist_genre-contemporary-jazz","16":"uni_artist_genre-jazz","18":"first","19":"instock","20":"taxable","21":"shipping-taxable","22":"purchasable","23":"product-type-variable","24":"has-default-attributes"},"_links":{"self":[{"href":"https:\/\/grappa.no\/no\/wp-json\/wp\/v2\/product\/41255","targetHints":{"allow":["GET"]}}],"collection":[{"href":"https:\/\/grappa.no\/no\/wp-json\/wp\/v2\/product"}],"about":[{"href":"https:\/\/grappa.no\/no\/wp-json\/wp\/v2\/types\/product"}],"replies":[{"embeddable":true,"href":"https:\/\/grappa.no\/no\/wp-json\/wp\/v2\/comments?post=41255"}],"wp:featuredmedia":[{"embeddable":true,"href":"https:\/\/grappa.no\/no\/wp-json\/wp\/v2\/media\/41256"}],"wp:attachment":[{"href":"https:\/\/grappa.no\/no\/wp-json\/wp\/v2\/media?parent=41255"}],"wp:term":[{"taxonomy":"product_brand","embeddable":true,"href":"https:\/\/grappa.no\/no\/wp-json\/wp\/v2\/product_brand?post=41255"},{"taxonomy":"product_cat","embeddable":true,"href":"https:\/\/grappa.no\/no\/wp-json\/wp\/v2\/product_cat?post=41255"},{"taxonomy":"product_tag","embeddable":true,"href":"https:\/\/grappa.no\/no\/wp-json\/wp\/v2\/product_tag?post=41255"}],"curies":[{"name":"wp","href":"https:\/\/api.w.org\/{rel}","templated":true}]}}