{"id":41253,"date":"2024-01-09T12:56:19","date_gmt":"2024-01-09T11:56:19","guid":{"rendered":"https:\/\/grappa.no\/?post_type=product&#038;p=41253"},"modified":"2024-03-11T16:41:12","modified_gmt":"2024-03-11T15:41:12","slug":"hjalmarborgstrom_fiskeren","status":"publish","type":"product","link":"https:\/\/grappa.no\/no\/albums\/simax-classics\/hjalmarborgstrom_fiskeren\/","title":{"rendered":"Hjalmar Borgstr\u00f8m &#8211; Fiskeren (Der Fischer)"},"content":{"rendered":"<p><\/p>\n<p>Den 26. januar 2024 slippes endelig Det norske operakor- og orkesters innspilling av Hjalmar Borgstr\u00f8ms \u00abFiskeren\u00bb (Der Fischer). En opera som inneholder b\u00e5de et tvangsekteskap, en pakt med djevelen, guddommelig straff og tilgivelse. Innspillingen, som ble p\u00e5begynt allerede i 2008 har n\u00e5 funnet sin endelige form p\u00e5 denne utgivelsen p\u00e5 Simax. Fiskeren ble skrevet av Borgstr\u00f8m i 1900, men ble ikke uroppf\u00f8rt f\u00f8r i mars 2003, med det helt nystartede \u00abKristiansand Symfoniorkester\u00bb.<\/p>\n<p><!--more--><\/p>\n<p>Den 26. januar 2024 slippes endelig Det norske operakor- og orkesters innspilling av Hjalmar Borgstr\u00f8ms \u00abFiskeren\u00bb (Der Fischer). En opera som inneholder b\u00e5de et tvangsekteskap, en pakt med djevelen, guddommelig straff og tilgivelse. Innspillingen, som ble p\u00e5begynt allerede i 2008 har n\u00e5 funnet sin endelige form p\u00e5 denne utgivelsen p\u00e5 Simax. Fiskeren ble skrevet av Borgstr\u00f8m i 1900, men ble ikke uroppf\u00f8rt f\u00f8r i mars 2003, med det helt nystartede \u00abKristiansand Symfoniorkester\u00bb.<\/p>\n<p>Hjalmar Borgstr\u00f8m, som var godt kjent og spilt mellom 1900 til sin d\u00f8d i 1925, har i ettertiden forsvunnet fra konsertrepertoaret og blitt glemt bort. Han tilh\u00f8rte generasjonen etter Grieg og var jevnaldrende med Edvard Munch og Knut Hamsun, og komponister som Halvorsen, Mahler, Debussy og Sibelius. I tillegg til flere orkesterverker og en anselig mengde kammermusikk, komponerte Borgstr\u00f8m ogs\u00e5 to operaer, Thora paa Rimol (1894) og Fiskeren (\u00abDer Fischer\u00bb, 1900).<\/p>\n<p>Mellom 1870 og 1920, i \u00abgullalderen\u00bb for norsk musikkhistorie, ble rundt 30 operaer og syngespill fullf\u00f8rt av norske komponister. Flere av disse, Thora og Fiskeren inkludert, har forblitt ufremf\u00f8rt i lang tid etterp\u00e5. I Borgstr\u00f8ms tilfelle tok det over 100 \u00e5r f\u00f8r operaene hans fikk sin urpremiere. I de siste ti\u00e5rene har stadig flere av disse verkene blitt l\u00f8ftet ut av glemselen, og mange av dem viser seg \u00e5 v\u00e6re vel verdt \u00e5 ta frem igjen.<\/p>\n<p><strong>Fiskeren, et wagnersk sjeledrama<\/strong><br \/>\nWagner var Borgstr\u00f8ms store operatiske forbilde. \u00abHan gjorde verden opmerksom paa, hvor hindrende de traditionelle former var for den fri kunstutfoldelse.\u00bb Hos Wagner forsvinner skillet mellom deklamerende resitativ og melodi\u00f8s sang, og fridd fra de tradisjonelle formers grep, kan musikken uhindret tjene det dramatiske uttrykket. Wagner-inspirasjonen er tydelig til stede i begge Borgstr\u00f8ms operaer, men kommer spesielt til uttrykk i Fiskeren.<\/p>\n<p>Operaen er gjennomkomponert og oppsiktsvekkende kompakt, uten at noe f\u00f8les forhastet. I l\u00f8pet av halvannen time finner Borgstr\u00f8m plass til et tvangsekteskap, en pakt med djevelen og guddommelig straff og tilgivelse. Dramaet settes i gang med \u00e9n gang, med bare et par takters innledning i orkesteret, og g\u00e5r raskt mellom ulike scener. Det er ingen arier eller sanger i operaen som ikke har en sentral plass i dramaet, og operaen forl\u00f8per som \u00e9n musikalsk str\u00f8m. Som hos Wagner veves ogs\u00e5 orkesterstemmen sammen med ledemotiver, og orkestreringen er n\u00f8ye overveid.<\/p>\n<p>Orkesteret st\u00e5r sentralt i Borgstr\u00f8ms musikk, og han var sv\u00e6rt opptatt av at orkesteret m\u00e5tte speile musikkens meningsinnhold. I artikkelen \u00abOrkesterets Psychologi\u00bb (1912) skriver han om hvordan handlingen, b\u00e5de i instrumentalverk og opera, m\u00e5 fortelles gjennom instrumentenes klanglige egenart. Hos mange komponister tildeles \u00ab\u00e6dle instrumenter [\u2026] uv\u00e6rdige opgaver for det bestikkende tonedraperis skyld\u00bb. I Fiskeren er orkesterstemmen sl\u00e5ende variert og messingtung, noe som passer den dramatiske og usentimentale handlingen.<\/p>\n<p>Den sentrale konflikten i begge Borgstr\u00f8ms operaer er religion. I Thora dreier dramaet rundt Olav Tryggvasons til slutt seirende kristendom og H\u00e5kon Jarls \u00e5satro, og Thoras skjebnesvangre valg mellom de to. I Fiskeren forsverger den utarmede fiskeren Thorbj\u00f8rn Gud, og inng\u00e5r en pakt med Djevelen da han og familien er p\u00e5 sultens rand. Da Thorbj\u00f8rn s\u00e5 trosser elementene for \u00e5 redde dyrebart last fra et synkende skip \u2013 og ikke de druknende sj\u00f8mennene \u2013 rammes han av en mystisk sykdom. Det er bare tilgivelse fra b\u00e5de familien og Gud som kan redde ham fra fortapelse.<\/p>\n<p>Du finner librettoen ved \u00e5 kopiere denne lenken: https:\/\/www.dropbox.com\/s\/fdq5fq1c5542hpi\/Fiskeren%20begge%20libretto%20original.doc?dl=0<\/p>\n<p><\/p>","protected":false},"excerpt":{"rendered":"<p>Det norske operakor og orkesters innspilling av Hjalmar Borgstr\u00f8ms \u00abFiskeren\u00bb (Der Fischer) gis endelig ut p\u00e5 CD og Digitalt.<\/p>\n","protected":false},"featured_media":41254,"comment_status":"open","ping_status":"closed","template":"","meta":[],"product_brand":[],"product_cat":[180],"product_tag":[7934,7933,7935,7937,7936],"class_list":{"0":"post-41253","1":"product","2":"type-product","3":"status-publish","4":"has-post-thumbnail","6":"product_cat-simax-classics","7":"product_tag-den-norske-opera","8":"product_tag-det-norske-opera-kor-og-orkester","9":"product_tag-dnob","10":"product_tag-fiskeren","11":"product_tag-hjalmar-borgstrom","12":"product_shipping_class-cddvd-shipping","13":"uni_artist_tag-den-norske-opera","14":"uni_artist_tag-det-norske-operakor","15":"uni_artist_tag-det-norske-operakor-og-orkester","16":"uni_artist_tag-det-norske-operaorkester","17":"uni_artist_tag-eli-kristin-hanssveen","18":"uni_artist_tag-greg-santa","19":"uni_artist_tag-ingebjorg-kosmo","20":"uni_artist_tag-ketil-hugaas","21":"uni_artist_tag-kjell-magnus-sandve","22":"uni_artist_tag-njal-sparbo","23":"uni_artist_tag-steffen-kammler","24":"uni_artist_tag-terje-boye-hansen","25":"uni_artist_tag-thor-inge-falck","26":"uni_main_artist_tag-det-norske-operakor-og-orkester","27":"uni_main_artist_tag-terje-boye-hansen","28":"uni_artist_genre-klassisk","29":"uni_artist_genre-opera","31":"first","32":"instock","33":"taxable","34":"shipping-taxable","35":"purchasable","36":"product-type-simple"},"_links":{"self":[{"href":"https:\/\/grappa.no\/no\/wp-json\/wp\/v2\/product\/41253","targetHints":{"allow":["GET"]}}],"collection":[{"href":"https:\/\/grappa.no\/no\/wp-json\/wp\/v2\/product"}],"about":[{"href":"https:\/\/grappa.no\/no\/wp-json\/wp\/v2\/types\/product"}],"replies":[{"embeddable":true,"href":"https:\/\/grappa.no\/no\/wp-json\/wp\/v2\/comments?post=41253"}],"wp:featuredmedia":[{"embeddable":true,"href":"https:\/\/grappa.no\/no\/wp-json\/wp\/v2\/media\/41254"}],"wp:attachment":[{"href":"https:\/\/grappa.no\/no\/wp-json\/wp\/v2\/media?parent=41253"}],"wp:term":[{"taxonomy":"product_brand","embeddable":true,"href":"https:\/\/grappa.no\/no\/wp-json\/wp\/v2\/product_brand?post=41253"},{"taxonomy":"product_cat","embeddable":true,"href":"https:\/\/grappa.no\/no\/wp-json\/wp\/v2\/product_cat?post=41253"},{"taxonomy":"product_tag","embeddable":true,"href":"https:\/\/grappa.no\/no\/wp-json\/wp\/v2\/product_tag?post=41253"}],"curies":[{"name":"wp","href":"https:\/\/api.w.org\/{rel}","templated":true}]}}