{"id":41245,"date":"2024-01-08T16:18:54","date_gmt":"2024-01-08T15:18:54","guid":{"rendered":"https:\/\/grappa.no\/?post_type=product&#038;p=41245"},"modified":"2024-04-02T13:29:13","modified_gmt":"2024-04-02T12:29:13","slug":"introducing-steelfinger-slim","status":"publish","type":"product","link":"https:\/\/grappa.no\/no\/albums\/blue-mood-records\/introducing-steelfinger-slim\/","title":{"rendered":"Introducing SteelFinger Slim"},"content":{"rendered":"<p><\/p>\n<p>Bj\u00f8rn Berge flytter fjell med sine hardtsl\u00e5ende og unike akustiske arrangementer p\u00e5 plata &#8220;Introducing SteelFinger Slim&#8221;.<\/p>\n<p><!--more--><\/p>\n<p class=\"\">Bj\u00f8rn Berge har i en \u00e5rrekke vist seg som en unik gitarist, et akustisk geni og formidabel liveartist. Med sine akustiske gitarer flytter han fjell og bl\u00e5ser lytterne av banen med knallharde arrangementer. Berge sitt heftige og dynamiske gitarspill p\u00e5 akustisk gitar reiser mellom blues, rock, funk og ballader. Gitaristen fra Haugesund har tidligere utgitt 12 studio album og et live-album. I 2001 og 2002 mottok han Spellemannspris i kategorien Blues, og Notodden Blues Festival Blues Pris i 2001.<\/p>\n<p class=\"\">Det etterlengtede 13. studioalbumet fra Berge blir sluppet 26.januar, der imponerer han nok en gang med sine gitarferdigheter. Med coverversjoner av sanger som T-Rex\u00b4s &#8220;Get it on&#8221; fra 1971 og Deep Purple\u00b4s &#8220;Black Night&#8221; fra 1972, tar Berge rockeklassikere inn i et m\u00f8rkt akustisk blues-landskap. Han er en fantastisk historieforteller, med en dyp og karakteristisk stemme og forbl\u00f8ffende raske fingre laget av st\u00e5l. Han lever opp til tittelen p\u00e5 albumet: &#8220;Introducing SteelFinger Slim&#8221;. Berge forteller:<\/p>\n<p class=\"\"><em class=\"\">\u2013 Jeg velger coverl\u00e5ter ut fra sanger jeg allerede elsker, og jeg tester alltid ut hver sang jeg vil covere live forran et publikum. Det er viktig at l\u00e5ten ikke er covret for mye allerede, og at l\u00e5tene har elementer som er lette \u00e5 kjenne igjen. Da har jeg friheten til \u00e5 leke med arrangementene, uten at sangen mister sin identitet.<\/em><\/p>\n<p class=\"\">En sang som har for mange blitt en av de f\u00f8rste og st\u00f8rste glam rock\/boogie rock l\u00e5tene, var T-Rex sin &#8220;Get It On&#8221;. Denne fungerer ogs\u00e5 utmerket i Berge sitt en-mannsorkester. Hans m\u00f8rke og kraftfulle stemme tar l\u00e5ta inn i et r\u00f8ffere, mer nakent musikalsk landskap.<\/p>\n<p class=\"\"><em class=\"\">&#8211; Jeg har alltid digga T. Rex og Marc Bolan. H\u00f8rte en dag l\u00e5ta p\u00e5 radio,\u202fsatte meg ned og begynte \u00e5 p\u00f8nske ut en m\u00e5te \u00e5 gj\u00f8re noe p\u00e5. Tuna ned gitaren til en lav A, noe som funka bra og jeg fikk en noe tyngre sound enn orginalen, synes jeg,<\/em>\u00a0sier Bj\u00f8rn Berge.<\/p>\n<p class=\"\">Arrangementene blir til spontant b\u00e5de backstage og p\u00e5 konsert, men allikevel settes de endelige arrangementene ved \u00e5 testes forran et live publikum. Noe som er naturlig ettersom Bj\u00f8rn Berge har i l\u00f8pet av karrieren opparbeidet seg et solid live-rykte som en gitarist i verdenstoppen, noe som inneb\u00e6rer at han jevnlig bes\u00f8ker store jazz, blues og rock festivaler og klubber rundt i Europa og Nord Amerika. Han har tidligere spilt blant annet Roskilde Festival(DK), Cisco Ottawa Bluesfest(CAN), Versailles Jazzfestival(FR), Nice Guitarfestival(FR), Basel Guitarfestival(CH), Arezzo Wave Love Festival(IT), Koktebel Jazzfestival(UKR), Creation of Peace Festival(RUS), Burg Hertzberg Festival(DE), Notodden Blues Festival(NO), Molde Jazz Festival(NO), Skanderborg Festival(DK), Nibe Festival(DK) og mange, mange flere.<\/p>\n<p class=\"\">Albumet er innspilt ved ABC Studio i Etne av Kjetil Ulland.<\/p>\n<p>&nbsp;<\/p>\n<p>","protected":false},"excerpt":{"rendered":"<p>Bj\u00f8rn Berge flytter fjell med sine hardtsl\u00e5ende og unike akustiske arrangementer p\u00e5 plata &#8220;Introducing SteelFinger Slim&#8221;.<\/p>\n","protected":false},"featured_media":41248,"comment_status":"open","ping_status":"closed","template":"","meta":[],"product_brand":[],"product_cat":[51],"product_tag":[],"class_list":{"0":"post-41245","1":"product","2":"type-product","3":"status-publish","4":"has-post-thumbnail","6":"product_cat-blue-mood-records","7":"product_shipping_class-cddvd-shipping","8":"uni_artist_tag-bjorn-berge","9":"uni_main_artist_tag-bjorn-berge","10":"uni_artist_genre-blues","11":"uni_artist_genre-bluesrock","13":"first","14":"instock","15":"taxable","16":"shipping-taxable","17":"purchasable","18":"product-type-variable","19":"has-default-attributes"},"_links":{"self":[{"href":"https:\/\/grappa.no\/no\/wp-json\/wp\/v2\/product\/41245","targetHints":{"allow":["GET"]}}],"collection":[{"href":"https:\/\/grappa.no\/no\/wp-json\/wp\/v2\/product"}],"about":[{"href":"https:\/\/grappa.no\/no\/wp-json\/wp\/v2\/types\/product"}],"replies":[{"embeddable":true,"href":"https:\/\/grappa.no\/no\/wp-json\/wp\/v2\/comments?post=41245"}],"wp:featuredmedia":[{"embeddable":true,"href":"https:\/\/grappa.no\/no\/wp-json\/wp\/v2\/media\/41248"}],"wp:attachment":[{"href":"https:\/\/grappa.no\/no\/wp-json\/wp\/v2\/media?parent=41245"}],"wp:term":[{"taxonomy":"product_brand","embeddable":true,"href":"https:\/\/grappa.no\/no\/wp-json\/wp\/v2\/product_brand?post=41245"},{"taxonomy":"product_cat","embeddable":true,"href":"https:\/\/grappa.no\/no\/wp-json\/wp\/v2\/product_cat?post=41245"},{"taxonomy":"product_tag","embeddable":true,"href":"https:\/\/grappa.no\/no\/wp-json\/wp\/v2\/product_tag?post=41245"}],"curies":[{"name":"wp","href":"https:\/\/api.w.org\/{rel}","templated":true}]}}