{"id":412,"date":"2006-08-03T00:00:00","date_gmt":"2006-08-02T23:00:00","guid":{"rendered":"http:\/\/www.grappa.no\/albums\/uncategorized\/great-norwegian-performers-1945-2000-%c2%b7-vol-i\/"},"modified":"2020-12-26T14:01:55","modified_gmt":"2020-12-26T13:01:55","slug":"great-norwegian-performers-1945-2000-%c2%b7-vol-i","status":"publish","type":"product","link":"https:\/\/grappa.no\/no\/albums\/simax-classics\/great-norwegian-performers-1945-2000-%c2%b7-vol-i\/","title":{"rendered":"Great Norwegian Performers 1945\u20132000 \u00b7 Vol I"},"content":{"rendered":"<p><\/p>\n<p>Fem eminente ut\u00f8vere<\/p>\n<p>Marit Isene (1923\u20132003) debuterte i 1946, og p\u00e5 50-tallet ble hun oppdaget og engasjert av Sir Georg Solti til rollen som Leonore i Beethovens Fidelio. Opptakene p\u00e5 denne utgivelsen viser en stemme- og tolkningskraft p\u00e5 internasjonalt toppniv\u00e5. Fiolinisten Ernst Glaser (1904\u201374) virket som konsertmester i Oslo Filharmoniske Orkester i en mannsalder, og urfremf\u00f8rte en mengde norske verk i sin karriere som solist. P\u00e5 denne platen m\u00f8ter vi en fremragende stryker i briljante tolkninger av vakre og sv\u00e6rt virtuose sm\u00e5stykker, akkompagnert av sin kone, pianistinnen Kari Aarvoll Glaser. Arild Sandvold (1895\u20131984) satte sitt stempel p\u00e5 den kirkemusikalske utviklingen i landet i n\u00e6rmere to mannsaldre. Opptaket vi her h\u00f8rer er hentet fra Paulus kirke i Oslo, der ett av hans favorittinstrumenter sto, i en fremf\u00f8relse som sier det meste. \u00d8rnulf Gulbransen (1916\u20132004) var ansatt i Oslo-filharmonien i 30 \u00e5r. Som ut\u00f8ver var han p\u00e5 den ene siden samspillets mann, men han var ogs\u00e5 en suveren solist og samarbeidet med verdensnavn som Rudolf Serkin og Pablo Casals. Robert Riefling (1911\u201388) var den f\u00f8rste norske pianisten som spilte J. S. Bachs Das wohltemperierte Klavier i sin helhet p\u00e5 konsert. Han spilte verket inn to ganger (bl.a. for Decca) og samtlige Beethovensonater kom ogs\u00e5 ut p\u00e5 plate.<\/p>\n<p><!--more--><\/p>\n<p>De satte virkelig spor etter seg disse fem, b\u00e5de hjemme og ute. Store i sin egen tid og med sentrale roller i den fantastiske musikalske utviklingen som vi er med p\u00e5 i dagens Norge. Denne platen er den f\u00f8rste i en ny stor serie p\u00e5 10 utgivelser.<\/p>\n<h4><\/h4>\n<p>Marit Isene (1923\u20132003) debuterte i 1946, og p\u00e5 50-tallet ble hun oppdaget og engasjert av Sir Georg Solti til rollen som Leonore i Beethovens Fidelio. P\u00e5 terskelen av en stor internasjonal karriere ble Isene hentet til opprettelsen av den Norske Opera av Kirsten Flagstad \u2013 til enorm glede og berikelse for det hjemlige publikum. Opptakene p\u00e5 denne utgivelsen viser en stemme- og tolkningskraft p\u00e5 internasjonalt toppniv\u00e5.<br \/>\nFiolinisten Ernst Glaser (1904\u201374) virket som konsertmester i Oslo Filharmoniske Orkester i en mannsalder, og urfremf\u00f8rte en mengde norske verk i sin karriere som solist. P\u00e5 denne platen m\u00f8ter vi en fremragende stryker i briljante tolkninger av vakre og sv\u00e6rt virtuose sm\u00e5stykker, akkompagnert av sin kone, pianistinnen Kari Aarvoll Glaser.<\/p>\n<h4><\/h4>\n<p>Domorganisten, korlederen, komponisten og pedagogen Arild Sandvold (1895\u20131984) satte sitt stempel p\u00e5 den kirkemusikalske utviklingen i landet i n\u00e6rmere to mannsaldre. Opptaket vi her h\u00f8rer er hentet fra Paulus kirke i Oslo, der ett av hans favorittinstrumenter sto, i en fremf\u00f8relse som sier det meste. Fl\u00f8ytisten \u00d8rnulf Gulbransen (1916\u20132004) var ansatt i Oslo-filharmonien i 30 \u00e5r. Som ut\u00f8ver var han p\u00e5 den ene siden samspillets mann, men han var ogs\u00e5 en suveren solist og samarbeidet med verdensnavn som Rudolf Serkin og Pablo Casals. Robert Riefling (1911\u201388) var den f\u00f8rste norske pianisten som spilte J. S. Bachs Das wohltemperierte Klavier i sin helhet p\u00e5 konsert. Han spilte verket inn to ganger (bl.a. for Decca) og samtlige Beethovensonater kom ogs\u00e5 ut p\u00e5 plate.<\/p>\n<h4><\/h4>\n<p>Serien springer ut av et samarbeid mellom forskningsprosjekt ved Norges musikkh\u00f8gskole, Norsk kulturr\u00e5d, NRK og Simax Classics. Opptakene er hentet fra NRKs arkiver.<\/p>\n<p><\/p>","protected":false},"excerpt":{"rendered":"<p>Norske ut\u00f8veres verker 1945 \u2013 2000 tar for seg artistenes roller i Norges klassiske levende musikkultur, b\u00e5de som tradisjonsb\u00e6rere og fortolkere.<\/p>\n","protected":false},"featured_media":27845,"comment_status":"closed","ping_status":"closed","template":"","meta":[],"product_brand":[],"product_cat":[180],"product_tag":[],"class_list":{"0":"post-412","1":"product","2":"type-product","3":"status-publish","4":"has-post-thumbnail","6":"product_cat-simax-classics","7":"product_shipping_class-cddvd-shipping","8":"uni_artist_tag-arild-sandvold","9":"uni_artist_tag-edward-elgar","10":"uni_artist_tag-ernst-glaser","11":"uni_artist_tag-fritz-kreisler","12":"uni_artist_tag-giuseppe-verdi","13":"uni_artist_tag-johan-kvandal","14":"uni_artist_tag-johann-sebastian-bach","15":"uni_artist_tag-l-m-lindeman","16":"uni_artist_tag-manuel-de-falla","17":"uni_artist_tag-marit-isene","18":"uni_artist_tag-moritz-moszkovsky","19":"uni_artist_tag-ornulf-gulbransen","20":"uni_artist_tag-richard-strauss","21":"uni_artist_tag-robert-riefling","22":"uni_artist_tag-sigurd-lie","23":"uni_main_artist_tag-robert-riefling","24":"uni_artist_genre-historic-recording","26":"first","27":"outofstock","28":"taxable","29":"shipping-taxable","30":"purchasable","31":"product-type-simple"},"_links":{"self":[{"href":"https:\/\/grappa.no\/no\/wp-json\/wp\/v2\/product\/412","targetHints":{"allow":["GET"]}}],"collection":[{"href":"https:\/\/grappa.no\/no\/wp-json\/wp\/v2\/product"}],"about":[{"href":"https:\/\/grappa.no\/no\/wp-json\/wp\/v2\/types\/product"}],"replies":[{"embeddable":true,"href":"https:\/\/grappa.no\/no\/wp-json\/wp\/v2\/comments?post=412"}],"wp:featuredmedia":[{"embeddable":true,"href":"https:\/\/grappa.no\/no\/wp-json\/wp\/v2\/media\/27845"}],"wp:attachment":[{"href":"https:\/\/grappa.no\/no\/wp-json\/wp\/v2\/media?parent=412"}],"wp:term":[{"taxonomy":"product_brand","embeddable":true,"href":"https:\/\/grappa.no\/no\/wp-json\/wp\/v2\/product_brand?post=412"},{"taxonomy":"product_cat","embeddable":true,"href":"https:\/\/grappa.no\/no\/wp-json\/wp\/v2\/product_cat?post=412"},{"taxonomy":"product_tag","embeddable":true,"href":"https:\/\/grappa.no\/no\/wp-json\/wp\/v2\/product_tag?post=412"}],"curies":[{"name":"wp","href":"https:\/\/api.w.org\/{rel}","templated":true}]}}