{"id":411,"date":"2012-11-30T00:00:00","date_gmt":"2012-11-29T23:00:00","guid":{"rendered":"http:\/\/www.grappa.no\/albums\/uncategorized\/the-lindeman-legacy\/"},"modified":"2019-02-22T15:49:39","modified_gmt":"2019-02-22T14:49:39","slug":"the-lindeman-legacy","status":"publish","type":"product","link":"https:\/\/grappa.no\/no\/albums\/simax-classics\/the-lindeman-legacy\/","title":{"rendered":"The Lindeman Legacy"},"content":{"rendered":"<p><\/p>\n<p>Lindemanslekten i norsk musikkliv<\/p>\n<p>Slekten Lindeman har i generasjoner hatt stor betydning for musikklivet i Norge, som kirkemusikere, folkemusikksamlere og musikkpedagoger. I 2012 er de 200 \u00e5r siden Ludvig Mathias Lindeman ble f\u00f8dt, og Simax Classics er med p\u00e5 markeringen ved \u00e5 utgi en 3CD samleboks med musikk av hele fem komponister i dette norske musikkdynastiet.<\/p>\n<p>I tid strekker det seg fra Ole Andreas, som f\u00f8des i 1769, til Anna Severine, som d\u00f8r i 1938. Instrumentariet favner kor, orgel, clavichord, cembalo, hammerklaver, piano og strykekvartett. Utgivelsen kom f\u00f8rste gang ut p\u00e5 LP i 1983, og har aldri tidligere v\u00e6rt tilgjengelig p\u00e5 CD.<\/p>\n<p><!--more--><\/p>\n<p>Slekten Lindeman har i generasjoner hatt stor betydning for musikklivet i Norge, som kirkemusikere, folkemusikksamlere og musikkpedagoger. I 2012 er de 200 \u00e5r siden Ludvig Mathias Lindeman ble f\u00f8dt, og Simax Classics er med p\u00e5 markeringen ved \u00e5 utgi en 3CD samleboks med musikk av hele 5 komponister fra dette norske &#8216;musikkdynastiet&#8217;.<\/p>\n<h4>Ludvig Mathias Lindeman (1812-1887) Kor, orgel- og klavermusikk<\/h4>\n<p>L. M. Lindeman inntar en klar f\u00f8rsteplass i musikerslekten Lindeman, som hadde sine viktigste baser i Trondhjem og Christiania. Han regnes som 1800-tallets fremste norske kirkemusiker, som foruten \u00e5 v\u00e6re en fremragende orgelspiller og improvisator, ogs\u00e5 ut\u00f8vde stor innflytelse som pedagog. Sammen med s\u00f8nnen Peter grunnla han i 1883 en organistskole som 10 \u00e5r senere ble til Musikkonservatoriet i Kristiania (Oslo) og forl\u00f8peren for Norges musikkh\u00f8gskole. Blant hans elever var Johan Svendsen, Johannes Haarklou og Hjalmar Borgstr\u00f8m.<\/p>\n<h4><\/h4>\n<p>Hans improvisasjonskunst p\u00e5 orgel var kjent i vide kretser, og organister ble sendt bl.a. fra K\u00f8benhavn for \u00e5 l\u00e6re av hans spill. I 1871 ble han invitert til innvielsen av orgelet i Royal Albert Hall i London. Her ga han 8 konserter der programmene besto av egne improvisasjoner, bl.a. over salmemelodier og norske folkemelodier. En hel CD p\u00e5 denne utgivelsen er viet L.M.s orgelmusikk, spilt av K\u00e5re Nordstoga p\u00e5 orgelet i Oslo Domkirke.<\/p>\n<p>L.M. var ogs\u00e5 en betydelig folkemusikksamler og foretok flere reiser i bl.a. Valdres og Telemark. Han utga ogs\u00e5 folketonebearbeidelser i forskjellige utgaver for kor \u2013 b\u00e5de blandet kor, tre like stemmer og mannskor \u2013 og et utvalg av disse er med p\u00e5 utgivelsen. Blant dem er Draumkv\u00e6det, et visjonsikt med melodi fra Telemark.<\/p>\n<h4>De mindre kjente komponistene i Lindeman-slekten<\/h4>\n<p>Utgivelsen presenter ogs\u00e5 to strykekvartetter av Anna Severine og Just Riddervold, samt klaverstykker av Ole Andreas og Peter Brynie. Det meste av musikken er fremf\u00f8rt fra manuskripter, men noen av stykkene ble ogs\u00e5 utgitt i sin samtid. Samlingen akkompagneres av fyldig artikkel med bidrag fra Norges fremste musikkforskere, og er st\u00f8ttet av Lindemans Legat.<\/p>\n<p><\/p>","protected":false},"excerpt":{"rendered":"<p>I 2012 er det 200 \u00e5r siden Ludvig Mathias Lindemans f\u00f8dsel.<\/p>\n","protected":false},"featured_media":27843,"comment_status":"closed","ping_status":"open","template":"","meta":[],"product_brand":[],"product_cat":[180],"product_tag":[],"class_list":{"0":"post-411","1":"product","2":"type-product","3":"status-publish","4":"has-post-thumbnail","6":"product_cat-simax-classics","7":"product_shipping_class-cddvd-shipping","8":"uni_artist_tag-anfinn-oien","9":"uni_artist_tag-anna-severine-lindeman","10":"uni_artist_tag-arne-akselberg","11":"uni_artist_tag-copenhagen-string-quartet","12":"uni_artist_tag-einar-steen-nokleberg","13":"uni_artist_tag-eva-knardahl","14":"uni_artist_tag-j-r-lindeman","15":"uni_artist_tag-kare-nordstoga","16":"uni_artist_tag-l-m-lindeman","17":"uni_artist_tag-malmo-chamber-choir","18":"uni_artist_tag-o-a-lindeman","19":"uni_artist_tag-oystein-gaukstad","20":"uni_artist_tag-peter-brynie-lindeman","21":"uni_artist_tag-tore-simonsen","22":"uni_main_artist_tag-eva-knardahl","23":"uni_artist_genre-collection","24":"uni_artist_genre-historic-recording","25":"uni_artist_genre-organ","26":"uni_artist_genre-premiere-recording","27":"uni_artist_genre-strings","29":"first","30":"instock","31":"taxable","32":"shipping-taxable","33":"purchasable","34":"product-type-simple"},"_links":{"self":[{"href":"https:\/\/grappa.no\/no\/wp-json\/wp\/v2\/product\/411","targetHints":{"allow":["GET"]}}],"collection":[{"href":"https:\/\/grappa.no\/no\/wp-json\/wp\/v2\/product"}],"about":[{"href":"https:\/\/grappa.no\/no\/wp-json\/wp\/v2\/types\/product"}],"replies":[{"embeddable":true,"href":"https:\/\/grappa.no\/no\/wp-json\/wp\/v2\/comments?post=411"}],"wp:featuredmedia":[{"embeddable":true,"href":"https:\/\/grappa.no\/no\/wp-json\/wp\/v2\/media\/27843"}],"wp:attachment":[{"href":"https:\/\/grappa.no\/no\/wp-json\/wp\/v2\/media?parent=411"}],"wp:term":[{"taxonomy":"product_brand","embeddable":true,"href":"https:\/\/grappa.no\/no\/wp-json\/wp\/v2\/product_brand?post=411"},{"taxonomy":"product_cat","embeddable":true,"href":"https:\/\/grappa.no\/no\/wp-json\/wp\/v2\/product_cat?post=411"},{"taxonomy":"product_tag","embeddable":true,"href":"https:\/\/grappa.no\/no\/wp-json\/wp\/v2\/product_tag?post=411"}],"curies":[{"name":"wp","href":"https:\/\/api.w.org\/{rel}","templated":true}]}}