{"id":41058,"date":"2023-11-15T15:29:22","date_gmt":"2023-11-15T14:29:22","guid":{"rendered":"https:\/\/grappa.no\/?post_type=product&#038;p=41058"},"modified":"2024-11-08T12:44:33","modified_gmt":"2024-11-08T11:44:33","slug":"tredje-sangbok","status":"publish","type":"product","link":"https:\/\/grappa.no\/no\/albums\/grappa\/tredje-sangbok\/","title":{"rendered":"Tredje Sangbok &#8211; SIGNERT UTGAVE!"},"content":{"rendered":"<p><\/p>\n<p>BEGRENSET OPPLAG SIGNERT CD!<\/p>\n<p>Maj Britt Andersen, Lars Saabye Christensen og Geir Holmsen slipper avsluttende kapittel i KORK-trilogien og deres unike samarbeid<\/p>\n<p><!--more--><\/p>\n<p>Maj Britt Andersen, Lars Saabye Christensen og Geir Holmsen gir ut det etterlengtede siste kapittelet i deres KORK-Trilogi. Etter \u00e5 ha gitt ut &#8220;Et Stille Sted&#8221; i 2018 og &#8220;Et snev av evig&#8221; i 2021, mottok de med god grunn flere spellemannsnominasjoner. Den 17.november kommer &#8220;Tredje Sangbok&#8221; som avslutter et fantastisk og unikt samarbeid. Med Andersens nydelige stemme og formidlingsevne, Christensen sine formidable spr\u00e5klige bilder og Holmsen sine vidunderlige komposisjoner; er det ingen tvil om at dette samarbeidet g\u00e5r rett inn i historieb\u00f8kene.<\/p>\n<p>&#8220;Tredje Sangbok&#8221; er et selvstendig verk, som b\u00e6rer med seg klangen fra de to f\u00f8rste utgivelsene. De tidligere kapitlene har allerede gitt lytterne en helt spesiell mulighet til \u00e5 reflektere, med Christensens eksepsjonelle penn har han skrevet gjenkjennelige og gripende tekster. Det avsluttende kapittelet i trilogien er intet unntak, og denne gangen tar forfatteren tekstene i en dypere retning.<\/p>\n<p>Komponist Geir Holmsen bruker Kringkastingsorkestret til sitt fulle potensiale, og understreker det tekstlige musikalsk. Holmsen sier:<\/p>\n<p style=\"padding-left: 40px;\"><em>&#8211; Jeg skriver sanger\u202fsom skal kunne synges av Maj Britt alene, slik som en salme kan synges.\u202fDette har ogs\u00e5 v\u00e6rt en grunntanke i \u00abDesembers salme\u00bb. Her bruker jeg KORK sine store klangflater, med m\u00f8rke klanger som understreker alvoret i teksten og med lyse klanger som kanskje kan gi oss et h\u00e5p,\u202fsier Geir Holmsen.\u00a0<\/em><\/p>\n<p>Innspillingen er gjort i Store Studio i NRK, der det ogs\u00e5 ble holdt konsert for en fullsatt sal. Konserten ble filmet av NRK og sendes p\u00e5 TV i desember. Tor Hammer\u00f8 fra Nettavisen var tilstede under konserten, og han roser samarbeidet deres og for at de har skapt en helt egen sjanger! Han gir terningkast seks, og skriver:<\/p>\n<p style=\"padding-left: 40px;\"><em>&#8211; Hver for seg har Andersen, Saabye Christensen og Holmsen &#8211; og KORK &#8211; mer enn nok av unike kvaliteter \u00e5 by p\u00e5. Det betyr ikke n\u00f8dvendigvis at n\u00e5r de har sl\u00e5tt sine putler sammen s\u00e5 ville det f\u00f8re til noe enda st\u00f8rre. Men med &#8220;Et stille sted&#8221;, &#8220;Et snev av evig&#8221; og n\u00e5 &#8220;Tredje sangbok&#8221; p\u00e5 plass, s\u00e5 har det vist seg og forsetter \u00e5 vise seg at det er akkurat det det har blitt.\u00a0<\/em><\/p>\n<p>Maj Britt Andersen har en lang karriere bak seg, med musikalske erfaringer innenfor en rekke ulike sjangere. Det var et tilfeldig m\u00f8te backstage som f\u00f8rte til at disse tre m\u00f8ttes og fant tonen, og derfor bestemte seg for \u00e5 komme sammen for \u00e5 skape musikalsk magi. Maj Britt forteller:<\/p>\n<p style=\"padding-left: 40px;\"><em>&#8211; Mitt samarbeid med Lars og Geir har gitt meg mulighet til \u00e5 g\u00e5 inn i et helt nytt univers! Sammen med KORK\u202fhar\u202fvi ogs\u00e5 f\u00e5tt utviklet sangene v\u00e5re og kledd dem i en symfonisk drakt.\u00a0<\/em><\/p>\n<p><\/p>","protected":false},"excerpt":{"rendered":"<p>Maj Britt Andersen, Lars Saabye Christensen og Geir Holmsen slipper avsluttende kapittel i KORK-trilogien og deres unike samarbeid<\/p>\n","protected":false},"featured_media":41059,"comment_status":"open","ping_status":"closed","template":"","meta":[],"product_brand":[],"product_cat":[6],"product_tag":[],"class_list":{"0":"post-41058","1":"product","2":"type-product","3":"status-publish","4":"has-post-thumbnail","6":"product_cat-grappa","7":"product_shipping_class-cddvd-shipping","8":"uni_main_artist_tag-maj-britt-andersen","9":"uni_artist_genre-norsk-pop","10":"uni_artist_genre-pop","11":"uni_artist_genre-viser","13":"first","14":"instock","15":"taxable","16":"shipping-taxable","17":"purchasable","18":"product-type-simple"},"_links":{"self":[{"href":"https:\/\/grappa.no\/no\/wp-json\/wp\/v2\/product\/41058","targetHints":{"allow":["GET"]}}],"collection":[{"href":"https:\/\/grappa.no\/no\/wp-json\/wp\/v2\/product"}],"about":[{"href":"https:\/\/grappa.no\/no\/wp-json\/wp\/v2\/types\/product"}],"replies":[{"embeddable":true,"href":"https:\/\/grappa.no\/no\/wp-json\/wp\/v2\/comments?post=41058"}],"wp:featuredmedia":[{"embeddable":true,"href":"https:\/\/grappa.no\/no\/wp-json\/wp\/v2\/media\/41059"}],"wp:attachment":[{"href":"https:\/\/grappa.no\/no\/wp-json\/wp\/v2\/media?parent=41058"}],"wp:term":[{"taxonomy":"product_brand","embeddable":true,"href":"https:\/\/grappa.no\/no\/wp-json\/wp\/v2\/product_brand?post=41058"},{"taxonomy":"product_cat","embeddable":true,"href":"https:\/\/grappa.no\/no\/wp-json\/wp\/v2\/product_cat?post=41058"},{"taxonomy":"product_tag","embeddable":true,"href":"https:\/\/grappa.no\/no\/wp-json\/wp\/v2\/product_tag?post=41058"}],"curies":[{"name":"wp","href":"https:\/\/api.w.org\/{rel}","templated":true}]}}