{"id":41038,"date":"2023-11-08T14:02:23","date_gmt":"2023-11-08T13:02:23","guid":{"rendered":"https:\/\/grappa.no\/?post_type=product&#038;p=41038"},"modified":"2023-11-08T14:23:36","modified_gmt":"2023-11-08T13:23:36","slug":"amerikabaten","status":"publish","type":"product","link":"https:\/\/grappa.no\/no\/albums\/hubro\/amerikabaten\/","title":{"rendered":"Amerikab\u00e5ten"},"content":{"rendered":"<p><\/p>\n<p><strong>Sammen med et stjernelag av musikere drar gitaristen og komponisten Trond Kallev\u00e5g til sj\u00f8s, og utforsker historier og mystikken rundt det norsk-amerikanske og en tid da Nordmenn selv var flyktninger. <\/strong><\/p>\n<p><!--more--><\/p>\n<p>Etter suksessen med sine to kritikerroste utgivelser, &#8220;Bedehus &#038; Hawaii&#8221; (2019) og &#8220;Fengselsfugl&#8221; (2021), er Trond Kallev\u00e5g tilbake med sitt etterlengtede tredje album, &#8220;Amerikab\u00e5ten&#8221;. P\u00e5 den ene siden er platen innom kitsch, sn\u00f8 og rosemalerier, som like gjerne kunne v\u00e6rt musikken til en spagettiwestern eller god gammal Cohen-br\u00f8drene-film. P\u00e5 friskt vis utforsker ogs\u00e5 platen et slags skj\u00e6ringspunkt mellom Norsk og Amerikansk folkemusikk. <\/p>\n<p>Albumet inkluderer blant annet Daniela Reyes p\u00e5 trekkspill og Selma French p\u00e5 Hardingfele, som begge er talentfulle og fremadstormende soloartister. Han har ogs\u00e5 f\u00e5tt med seg Fieh-trommeslager Ola \u00d8verby, fiolin-virtous og multiinstrumentalist H\u00e5kon Aase og bassist Jo Berger Myhre, kjent fra blant annet bandet til Nils Petter Molv\u00e6r. <\/p>\n<p>\u00ab\u00abAmerikab\u00e5ten\u00bb er en utforskning av min dype beundring og fascinasjon for den amerikanske kulturen, samt den store dr\u00f8mmen og livet ombord Amerikab\u00e5tene som fraktet s\u00e5 mange nordmenn over til Amerika helt frem til midten av 1900-tallet. En tid da sj\u00f8en var eneste reisealternativ. Mange opplevde sj\u00f8en som et liberalt fristed hvor man turte \u00e5 v\u00e6re seg selv uten datidens konformiteter. Overfarten hadde en hypnotisk tiltrekningskraft p\u00e5 individualistene og de som ikke passet inn, ofte de nyreligi\u00f8se og lovl\u00f8se.<\/p>\n<p>Besteforeldrene mine kunne fortelle historier om flere n\u00e6re slektninger som drog over til Amerika og aldri kom tilbake, som regel individualistene og de rastl\u00f8se. Det var ikke uvanlig at n\u00e6re slektninger drog til Amerika. Dette skapte kulturelle forbindelser, spesielt langs norskekysten der jeg vokste opp.\u00bb<\/p>\n<p>&#8220;Amerikab\u00e5ten&#8221; spinner videre p\u00e5 de konseptuelle tankene og ideene fra Trond Kallev\u00e5g sine to tidligere Hubro-utgivelser &#8220;Bedehus &#038; Hawaii&#8221; (2019) og &#8220;Fengselsfugl&#8221; (2021) som begge var inspirert av egenopplevde livshendelser og m\u00f8ter med milj\u00f8er som st\u00e5r ved siden av det etablerte. P\u00e5 platene introduserte Trond oss for en musikalsk verden som hentet inspirasjon fra norsk bedehusmusikk, skillingsviser og fengselsviser. P\u00e5 sporet trakterer Trond for f\u00f8rste gang pedalsteel gitar p\u00e5 egen solo-utgivelse; etter to Hubro-utgivelser hvor Hubro-kollega Geir Sundst\u00f8l fikk dette oppdraget. Som ved forrige to plater har Trond komponert og mikset all musikken selv, som er en stor del av hans kreative arbeid. <\/p>\n<p>Trond Kallev\u00e5g har p\u00e5 f\u00e5 \u00e5r etablert seg som en s\u00e6rs original og viktig musikalsk stemme i sin generasjon musikere i Norge i dag. Anmeldere har hyllet musikken for sitt \u00e6rlige og lyriske instrumentale uttrykk som p\u00e5 originalt vis blander alt fra vestnorsk melodisk n\u00f8ysomhet til amerikansk folk og Americana. <\/p>\n<p>Hans hubro-debut \u00abBedehus og Hawaii\u00bb var inspirert av de mange somrene han tilbrakte hos sine besteforeldre p\u00e5 B\u00f8mlo, hvor bedehuset og musikken var sentral. Likheten til polynesiske gitartradisjoner og bedehusmusikken og fascinerte Trond. <\/p>\n<p>Trond ble fort lagt merke til etter av anmeldere og fikk blant annet to hele sider i V\u00e5rt Land dedikert til seg med tittelen \u00abDen Nye Strengemusikken\u00bb. H\u00f8ydepunktet ble n\u00e5dd da Bandcamp, utvilsomt en av verdens st\u00f8rste og viktigste platformer for salg av musikk, k\u00e5ret platen Bedehus &#038; Hawaii til en av 15 beste internasjonale jazzutgivelser i 2019. I sin anmeldelse skrev de at det var \u00aben av de nydeligste innspillingene som har n\u00e5dd butikkhyllene i 2019.<\/p>\n<p>Anmeldelser kom ogs\u00e5 p\u00e5 l\u00f8pende b\u00e5nd p\u00e5 trykk. Blant annet i Dagens N\u00e6ringsliv &#8211; &#8220;\u00c5pen Klasse av H\u00f8y Klasse&#8221;, Dagsavisen &#8211; &#8220;Klasse for seg&#8221;, Dag og Tid &#8211; \u00abKallev\u00e5g og Sundst\u00f8l er s\u00e5 avgjort p\u00e5 b\u00f8lgelengde&#8221; og V\u00e5rt Land p\u00e5 to hele sider &#8211; &#8220;Den Nye Strengemusikken&#8221;. BBC radio lovpriste ogs\u00e5 platen og skrev &#8211; &#8220;It\u2019s a lovely album all the way through\u00bb.<\/p>\n<p>Trond fulgte opp med utgivelsen \u00abFengselsfugl\u00bb (2021). P\u00e5 platen lot han seg inspirere av f\u00f8rsteh\u00e5nds opplevelser fra inni Oslo Fengsel hvor han jobbet med innsatte under pandemien samt gamle norske skilling- og fengsels-viser. Musikken kunne like gjerne v\u00e6rt det perfekte soundtracket til fengselsfilmen regiss\u00f8r Wim Wenders aldri lagde, tett i leia til Ry Cooder og Bill Frisell. Som flere utenlandske anmeldere har trukket paraleller til, b\u00e5de n\u00e5r det gjelder hans gitarspill, kompoisjoner og konsepter, som er med p\u00e5 \u00e5 skape bilder hos lytteren. Platen fikk ikke mindre gode omtaler som \u00abBedehus &#038; Hawaii\u00bb. Blant annet trillet Dagsavisen, Nettavisen og Klassekampen alle femmere for albumet. <\/p>\n<p>Trond bruker gitaren som et verkt\u00f8y for \u00e5 formidle sine musikalske ideer som ofte har sterkt melodisk fundament og historiefortellende kvalitet, men som fremdeles er \u00e5pne nok til at medmusikantene kan uttrykke seg uten problemer. Alt ser ut til \u00e5 falle naturlig p\u00e5 plass, og det intime lydbildet f\u00f8les n\u00e6rt og personlig p\u00e5 platen. &#8220;Jeg \u00f8nsket at musikerne skulle uttrykke seg uten \u00e5 f\u00f8le seg begrenset av musikken&#8221;, sier han. <\/p>\n<p><\/p>","protected":false},"excerpt":{"rendered":"<p><strong>Sammen med et stjernelag av musikere drar gitaristen og komponisten Trond Kallev\u00e5g til sj\u00f8s, og utforsker historier og mystikken rundt det norsk-amerikanske og en tid da Nordmenn selv var flyktninger. <\/strong><\/p>\n","protected":false},"featured_media":41039,"comment_status":"open","ping_status":"closed","template":"","meta":[],"product_brand":[],"product_cat":[36],"product_tag":[7926,7925],"class_list":{"0":"post-41038","1":"product","2":"type-product","3":"status-publish","4":"has-post-thumbnail","6":"product_cat-hubro","7":"product_tag-amerikabaten","8":"product_tag-trond-kallevag","9":"product_shipping_class-cddvd-shipping","10":"uni_artist_tag-daniela-reyes","11":"uni_artist_tag-hakon-aase","12":"uni_artist_tag-jo-berger-myhre","13":"uni_artist_tag-ola-overby","14":"uni_artist_tag-selma-french","15":"uni_artist_tag-trond-kallevag","16":"uni_artist_tag-trond-kallevag-hansen","17":"uni_main_artist_tag-trond-kallevag","18":"uni_artist_genre-americana","19":"uni_artist_genre-contemporary-jazz","20":"uni_artist_genre-instrumental-music","22":"first","23":"instock","24":"taxable","25":"shipping-taxable","26":"purchasable","27":"product-type-variable"},"_links":{"self":[{"href":"https:\/\/grappa.no\/no\/wp-json\/wp\/v2\/product\/41038","targetHints":{"allow":["GET"]}}],"collection":[{"href":"https:\/\/grappa.no\/no\/wp-json\/wp\/v2\/product"}],"about":[{"href":"https:\/\/grappa.no\/no\/wp-json\/wp\/v2\/types\/product"}],"replies":[{"embeddable":true,"href":"https:\/\/grappa.no\/no\/wp-json\/wp\/v2\/comments?post=41038"}],"wp:featuredmedia":[{"embeddable":true,"href":"https:\/\/grappa.no\/no\/wp-json\/wp\/v2\/media\/41039"}],"wp:attachment":[{"href":"https:\/\/grappa.no\/no\/wp-json\/wp\/v2\/media?parent=41038"}],"wp:term":[{"taxonomy":"product_brand","embeddable":true,"href":"https:\/\/grappa.no\/no\/wp-json\/wp\/v2\/product_brand?post=41038"},{"taxonomy":"product_cat","embeddable":true,"href":"https:\/\/grappa.no\/no\/wp-json\/wp\/v2\/product_cat?post=41038"},{"taxonomy":"product_tag","embeddable":true,"href":"https:\/\/grappa.no\/no\/wp-json\/wp\/v2\/product_tag?post=41038"}],"curies":[{"name":"wp","href":"https:\/\/api.w.org\/{rel}","templated":true}]}}