{"id":41008,"date":"2023-10-19T13:03:27","date_gmt":"2023-10-19T12:03:27","guid":{"rendered":"https:\/\/grappa.no\/?post_type=product&#038;p=41008"},"modified":"2024-04-09T12:10:58","modified_gmt":"2024-04-09T11:10:58","slug":"den-lyse-dag","status":"publish","type":"product","link":"https:\/\/grappa.no\/no\/albums\/heilo\/den-lyse-dag\/","title":{"rendered":"Den lyse dag"},"content":{"rendered":"<p> <\/p>\n<p>P\u00e5 setra i \u00d8sterdalen regjerte budeia, i idyllisk og v\u00e6rhardt terreng. Folk og dyr skulle ha det godt om sommeren, og arbeidet fulgte solens ferd p\u00e5 himmelen. \u201cDen lyse dag\u201d best\u00e5r av vokal folkemusikk knyttet til seterlivet: Lokker, sl\u00e5ttetralling,b\u00e5nsuller og stubber som gjenspeiler livet for budeiene p\u00e5 setra. Budeienes<br \/>\nh\u00f8gtidssang. Hver budeie hadde sine egne sanger og lokker, som fungerte p\u00e5 deres dyr. S\u00e6terlivet var ogs\u00e5 dans p\u00e5 setervollen om kveldene, og morgensalmer mens fuglene v\u00e5knet til liv ute. Kanskje huldra listet seg rundt hj\u00f8rnet p\u00e5 kvelden mens haugfolket voktet over dyrene p\u00e5 b\u00e5sen. Det er mye av historiene og seterkulturen<br \/>\nsom er bevart nettopp i musikken. I dag tar jeg med meg disse sangene fra min lokale tradisjon videre inn i mitt liv som ung folkesanger. P\u00e5 denne m\u00e5ten h\u00e5per jeg musikken kan f\u00e5 leve videre i dagens samfunn. Dette albumet er bygget opp slik jeg ser for meg en dag p\u00e5 setra, fra morgen til kveld.<\/p>\n<p>Synn\u00f8ve Br\u00f8ndbo Plassen har p\u00e5 kort tid blitt en av de mest ettertraktede unge folkemusikerne i Norge. Hun kommer fra Folldal i \u00d8sterdalen, der hun vokste opp folkemusikk og gammeldans som en naturlig del av hverdagen. I 2021 ga hun ut sitt debutalbum &#8220;Hjemve&#8221; med sl\u00e5ttet ralling fra Folldal, som hun fikk Spellemannsnominasjon og Folkelarmprisen for. Hun har en master i ut\u00f8vende folkemusikk fra Norges musikkh\u00f8gskole, og holder for tiden til i Oslo.<\/p>\n<p>","protected":false},"excerpt":{"rendered":"<p>Synn\u00f8ve Br\u00f8ndbo Plassen har p\u00e5 kort tid blitt en av de mest ettertraktede unge folkemusikerne i Norge. I 2021 ga hun ut sitt debutalbum &#8220;Hjemve&#8221; med sl\u00e5ttet ralling fra Folldal, som hun fikk Spellemannsnominasjon og<br \/>\nFolkelarmprisen for.<\/p>\n","protected":false},"featured_media":41009,"comment_status":"open","ping_status":"closed","template":"","meta":[],"product_brand":[],"product_cat":[35],"product_tag":[],"class_list":{"0":"post-41008","1":"product","2":"type-product","3":"status-publish","4":"has-post-thumbnail","6":"product_cat-heilo","7":"product_shipping_class-cddvd-shipping","8":"uni_artist_tag-synnove-brondbo-plassen","9":"uni_main_artist_tag-synnove-brondbo-plassen","10":"uni_artist_genre-folkemusikk","11":"uni_artist_genre-traditional-folk-music","13":"first","14":"instock","15":"taxable","16":"shipping-taxable","17":"purchasable","18":"product-type-simple"},"_links":{"self":[{"href":"https:\/\/grappa.no\/no\/wp-json\/wp\/v2\/product\/41008","targetHints":{"allow":["GET"]}}],"collection":[{"href":"https:\/\/grappa.no\/no\/wp-json\/wp\/v2\/product"}],"about":[{"href":"https:\/\/grappa.no\/no\/wp-json\/wp\/v2\/types\/product"}],"replies":[{"embeddable":true,"href":"https:\/\/grappa.no\/no\/wp-json\/wp\/v2\/comments?post=41008"}],"wp:featuredmedia":[{"embeddable":true,"href":"https:\/\/grappa.no\/no\/wp-json\/wp\/v2\/media\/41009"}],"wp:attachment":[{"href":"https:\/\/grappa.no\/no\/wp-json\/wp\/v2\/media?parent=41008"}],"wp:term":[{"taxonomy":"product_brand","embeddable":true,"href":"https:\/\/grappa.no\/no\/wp-json\/wp\/v2\/product_brand?post=41008"},{"taxonomy":"product_cat","embeddable":true,"href":"https:\/\/grappa.no\/no\/wp-json\/wp\/v2\/product_cat?post=41008"},{"taxonomy":"product_tag","embeddable":true,"href":"https:\/\/grappa.no\/no\/wp-json\/wp\/v2\/product_tag?post=41008"}],"curies":[{"name":"wp","href":"https:\/\/api.w.org\/{rel}","templated":true}]}}