{"id":409,"date":"1996-01-01T00:00:00","date_gmt":"1995-12-31T23:00:00","guid":{"rendered":"http:\/\/www.grappa.no\/albums\/uncategorized\/flagstad-collection-vol-4-grieg-wagner-sibelius-%c2%b7-anglo-american-songs\/"},"modified":"2019-02-22T15:49:32","modified_gmt":"2019-02-22T14:49:32","slug":"flagstad-collection-vol-4-grieg-wagner-sibelius-%c2%b7-anglo-american-songs","status":"publish","type":"product","link":"https:\/\/grappa.no\/no\/albums\/simax-classics\/flagstad-collection-vol-4-grieg-wagner-sibelius-%c2%b7-anglo-american-songs\/","title":{"rendered":"Flagstad Collection Vol 4: Grieg, Wagner, Sibelius \u00b7 Anglo-American Songs"},"content":{"rendered":"<p><\/p>\n<p>Kirsten Flagstads Grieg, Wagner, Sibelius and Anglo-American Songs [2 CD]<\/p>\n<p>I l\u00f8pet av sin 40 \u00e5r lange sangkarriere sang Kirsten Flagstad roller i over \u00e5tti operaer og operetter fordelt p\u00e5 mer en 2100 forestillinger. Hun sang i to hundre og femti konserter med orkester og ga mer en seks hundre recitals. Flagstad etterlot seg ogs\u00e5 en arv i form av mer enn ni hundre lydopptak.<\/p>\n<p>I denne fem-boks utgivelsen har Simax Classics gleden av \u00e5 kunne presentere de viktigste av disse opptakene. Utvalget er gjort av Arne D\u00f8rumsgaard, komponist, sanger og platesamler \u2013 som i tillegg var en n\u00e6r personlig venn av Flagstad i \u00e5rene etter 2. verdenskrig.<\/p>\n<p><!--more--><\/p>\n<h4><\/h4>\n<\/p>\n<h4><\/h4>\n<p><h4><\/h4>\n<\/p>\n<p><\/p>","protected":false},"excerpt":{"rendered":"<p>\u00c5rhundrets stemme, Vol. 4<\/p>\n","protected":false},"featured_media":27840,"comment_status":"closed","ping_status":"open","template":"","meta":[],"product_brand":[],"product_cat":[180],"product_tag":[],"class_list":{"0":"post-409","1":"product","2":"type-product","3":"status-publish","4":"has-post-thumbnail","6":"product_cat-simax-classics","7":"product_shipping_class-cddvd-shipping","8":"uni_artist_tag-arnold-bax","9":"uni_artist_tag-bruno-walter","10":"uni_artist_tag-cyril-scott","11":"uni_artist_tag-detroit-symphony-orchestra-corus","12":"uni_artist_tag-edvard-grieg","13":"uni_artist_tag-edward-elgar","14":"uni_artist_tag-edwin-macarthur","15":"uni_artist_tag-ernest-charles","16":"uni_artist_tag-frank-bridge","17":"uni_artist_tag-frederick-delius","18":"uni_artist_tag-jean-sibelius","19":"uni_artist_tag-john-alden-carpenter","20":"uni_artist_tag-kirsten-flagstad","21":"uni_artist_tag-landon-ronald","22":"uni_artist_tag-michael-head","23":"uni_artist_tag-richard-hagemann","24":"uni_artist_tag-richard-wagner","25":"uni_artist_tag-samuel-barber","26":"uni_artist_tag-stephen-foster","27":"uni_artist_tag-tore-simonsen","28":"uni_artist_tag-waldemar-alme","29":"uni_artist_tag-watts","30":"uni_artist_genre-historic-recording","31":"uni_artist_genre-song-with-orchestra","33":"first","34":"instock","35":"taxable","36":"shipping-taxable","37":"purchasable","38":"product-type-simple"},"_links":{"self":[{"href":"https:\/\/grappa.no\/no\/wp-json\/wp\/v2\/product\/409","targetHints":{"allow":["GET"]}}],"collection":[{"href":"https:\/\/grappa.no\/no\/wp-json\/wp\/v2\/product"}],"about":[{"href":"https:\/\/grappa.no\/no\/wp-json\/wp\/v2\/types\/product"}],"replies":[{"embeddable":true,"href":"https:\/\/grappa.no\/no\/wp-json\/wp\/v2\/comments?post=409"}],"wp:featuredmedia":[{"embeddable":true,"href":"https:\/\/grappa.no\/no\/wp-json\/wp\/v2\/media\/27840"}],"wp:attachment":[{"href":"https:\/\/grappa.no\/no\/wp-json\/wp\/v2\/media?parent=409"}],"wp:term":[{"taxonomy":"product_brand","embeddable":true,"href":"https:\/\/grappa.no\/no\/wp-json\/wp\/v2\/product_brand?post=409"},{"taxonomy":"product_cat","embeddable":true,"href":"https:\/\/grappa.no\/no\/wp-json\/wp\/v2\/product_cat?post=409"},{"taxonomy":"product_tag","embeddable":true,"href":"https:\/\/grappa.no\/no\/wp-json\/wp\/v2\/product_tag?post=409"}],"curies":[{"name":"wp","href":"https:\/\/api.w.org\/{rel}","templated":true}]}}