{"id":40894,"date":"2023-09-22T10:03:24","date_gmt":"2023-09-22T09:03:24","guid":{"rendered":"https:\/\/grappa.no\/?post_type=product&#038;p=40894"},"modified":"2025-06-13T12:22:00","modified_gmt":"2025-06-13T11:22:00","slug":"hest-i-huset-2","status":"publish","type":"product","link":"https:\/\/grappa.no\/no\/albums\/grappa\/hest-i-huset-2\/","title":{"rendered":"Hest i Huset"},"content":{"rendered":"<p><\/p>\n<p>Nytt spennende univers skapt av \u00abHest i huset\u00bb: Gustav Lorentzens dikt f\u00e5r nytt liv i form av enest\u00e5ende musikk<\/p>\n<p><!--more--><\/p>\n<p>Hest i huset, best\u00e5ende av det talentfulle ensemblet Elisabeth Vannebo, Christine Sandtorv, Tone Hulb\u00e6kmo og \u00d8yvind Skarb\u00f8, tar deg med p\u00e5 en reise inn i et helt nytt og fortryllende univers. Dette unike prosjektet gir liv til de fantastiske tekstene til Gustav Lorentzen, ledsaget av gripende melodier skapt av Elisabeth Vannebo.<\/p>\n<p>&nbsp;<\/p>\n<p>Gustav Lorentzen&#8217;s dikt, danner rammene for dette levende, frodige, og eventyrlige universet. I dette huset finner b\u00e5de mennesker og dyr sitt hjem, og gjennom t\u00f8ysete og morsomme karakterer &#8211; noen snille, noen ville &#8211; tar Lorentzen oss med p\u00e5 en reise gjennom hverdagslige gj\u00f8rem\u00e5l og hendelser. Dette gir en humoristisk og underholdende vri til tekstene, med originale poenger og vittige innslag som trekker deg inn i historiene.<\/p>\n<p>Musikken f\u00e5r liv og magi takket v\u00e6re Christine Sandtorv (vokal, gitar og gitarbanjo), Tone Hulb\u00e6kmo (tr\u00f8orgel, harpe, Fender Rhodes, mellotron og vokal), Elisabeth Vannebo (tuba, vokal og klokkespill), og \u00d8yvind Skarb\u00f8 (trommer, perkusjon og vokal). Innspillingen fant sted i Duper Studio med den erfarne Iver Sand\u00f8y som tekniker, produsent og mastering-ekspert. Sand\u00f8y&#8217;s tekniske kompetanse har sikret en innspilling av h\u00f8y kvalitet som gjenspeiler musikernes talent og lidenskap for prosjektet. I tillegg bidrar ogs\u00e5 Hildegunn \u00d8iseth (trompet, bukkehorn og vokal), Vegar V\u00e5rdal (fele) og Julie Vannebo-Gr\u00f8nning (vokal) p\u00e5 flere av l\u00e5tene. Den imponerende samlingen av talentfulle musikere gir en rik lydopplevelse som forsterker tekstenes og historienes kraft.<\/p>\n<p>Elisabeth Vannebo, initiativtaker og komponist, deler noen innsikter om prosessen bak prosjektet: &#8220;Jeg hadde med et utkast av et arrangement, og i studio blomstret kreativiteten til lydtekniker\/produsent Iver Sand\u00f8y og musikerne. Innspillingen ble gjort i et stort og koselig rom med utsikt over Bergensfjorden og god kaffe, som bidro til en flott atmosf\u00e6re.&#8221;<\/p>\n<p>Dette prosjektet har ikke bare f\u00f8rt til fantastisk musikk, men har ogs\u00e5 gitt nytt liv til Gustav Lorentzen&#8217;s tidl\u00f8se tekster. Vannebo forklarer: &#8220;\u00c5 jobbe med tekstene til Gustav Lorentzen var en ren forn\u00f8yelse. Jeg synes de er morsomme, selv den tragiske historien til stakkars Mariann. Jeg satt og humret da jeg leste gjennom boka og jobbet med sangene&#8221;<\/p>\n<p>Sangene i dette prosjektet er hentet fra diktsamlingen &#8220;Hest i huset,&#8221; som ble utgitt i 1999. Boken er kjent for sin humor og overraskende sluttpoeng, og den gir en innf\u00f8ring i det mangfoldige huset befolket av dyr og mennesker. Vannebo deler noen h\u00f8ydepunkter fra l\u00e5tene, som tar lytterne med p\u00e5 en morsom reise gjennom hverdagen og skaper uventede situasjoner.<\/p>\n<p>M\u00e5let med dette musikalske prosjektet er tydelig for Elisabeth Vannebo: &#8220;Mitt \u00f8nske er \u00e5 f\u00e5 med folk inn i det fargerike og frodige universet til Gustav Lorentzen. Jeg h\u00e5per folk sitter igjen med en feel good stemning og synger med!&#8221;<\/p>\n<p><\/p>","protected":false},"excerpt":{"rendered":"<p>Hest i huset, best\u00e5ende av det talentfulle ensemblet Elisabeth Vannebo, Christine Sandtorv, Tone Hulb\u00e6kmo og \u00d8yvind Skarb\u00f8, tar deg med p\u00e5 en reise inn i et helt nytt og fortryllende univers. Dette unike prosjektet gir liv til de fantastiske tekstene til Gustav Lorentzen, ledsaget av gripende melodier skapt av Elisabeth Vannebo.<\/p>\n","protected":false},"featured_media":40893,"comment_status":"open","ping_status":"closed","template":"","meta":[],"product_brand":[],"product_cat":[6],"product_tag":[],"class_list":{"0":"post-40894","1":"product","2":"type-product","3":"status-publish","4":"has-post-thumbnail","6":"product_cat-grappa","7":"product_shipping_class-cddvd-shipping","8":"uni_artist_tag-hest-i-huset","9":"uni_main_artist_tag-hest-i-huset","10":"uni_artist_genre-barnemusikk","12":"first","13":"instock","14":"taxable","15":"shipping-taxable","16":"purchasable","17":"product-type-simple"},"_links":{"self":[{"href":"https:\/\/grappa.no\/no\/wp-json\/wp\/v2\/product\/40894","targetHints":{"allow":["GET"]}}],"collection":[{"href":"https:\/\/grappa.no\/no\/wp-json\/wp\/v2\/product"}],"about":[{"href":"https:\/\/grappa.no\/no\/wp-json\/wp\/v2\/types\/product"}],"replies":[{"embeddable":true,"href":"https:\/\/grappa.no\/no\/wp-json\/wp\/v2\/comments?post=40894"}],"wp:featuredmedia":[{"embeddable":true,"href":"https:\/\/grappa.no\/no\/wp-json\/wp\/v2\/media\/40893"}],"wp:attachment":[{"href":"https:\/\/grappa.no\/no\/wp-json\/wp\/v2\/media?parent=40894"}],"wp:term":[{"taxonomy":"product_brand","embeddable":true,"href":"https:\/\/grappa.no\/no\/wp-json\/wp\/v2\/product_brand?post=40894"},{"taxonomy":"product_cat","embeddable":true,"href":"https:\/\/grappa.no\/no\/wp-json\/wp\/v2\/product_cat?post=40894"},{"taxonomy":"product_tag","embeddable":true,"href":"https:\/\/grappa.no\/no\/wp-json\/wp\/v2\/product_tag?post=40894"}],"curies":[{"name":"wp","href":"https:\/\/api.w.org\/{rel}","templated":true}]}}