{"id":40889,"date":"2023-09-22T09:37:54","date_gmt":"2023-09-22T08:37:54","guid":{"rendered":"https:\/\/grappa.no\/?post_type=product&#038;p=40889"},"modified":"2025-06-13T12:55:56","modified_gmt":"2025-06-13T11:55:56","slug":"relics","status":"publish","type":"product","link":"https:\/\/grappa.no\/no\/albums\/blue-mood-records\/relics\/","title":{"rendered":"Relics"},"content":{"rendered":"<p>&nbsp;<\/p>\n<p><\/p>\n<p>Den anerkjente bluesmusikeren Knut Nordhagen er tilbake med et etterlengtet nytt album som markerer hans f\u00f8rste utgivelse p\u00e5 15 \u00e5r.<\/p>\n<p><!--more--><\/p>\n<p>Albumet er et resultat av grundige \u00f8kter i trommis Per Eriksens eget studio, kjent for sin imponerende takh\u00f8yde og atmosf\u00e6re. Den kreative prosessen strakte seg over flere m\u00e5neder hvor l\u00e5tene fikk liv med et hovedfokus p\u00e5 \u00e5 bevare live-lyden mens det ble lagt til noen ekstra elementer.<\/p>\n<p>\u2013 Jeg hadde en skoeske fylt med ideer som hadde samlet seg over tid, og jeg f\u00f8lte at tiden var inne for \u00e5 utvikle disse til nesten ferdige l\u00e5ter. Sammen med bandet v\u00e5rt, presenterte vi ideene, \u00f8vde og eksperimenterte, og l\u00e5tene utviklet seg naturlig gjennom samarbeidet v\u00e5rt, forteller Nordhagen.<\/p>\n<p>Nordhagen har v\u00e6rt prim\u00e6r kreativ kraft bak l\u00e5tideer og tekster p\u00e5 albumet, med ett unntak: albumspor nummer to, der en uferdig tekst for ti \u00e5r siden ble levert av hans venn Egil Birkeland. Dette samarbeidet f\u00f8rte til en unik dynamikk p\u00e5 albumet.<\/p>\n<p>Med referanse til musikalsk inspirasjon, sier Nordhagen: &#8220;Jeg har alltid trukket inspirasjon fra en bred rhythm &amp; blues tradisjon, i tillegg til \u00e5 inkludere elementer av soul og jazz. Albumet henter ogs\u00e5 innflytelser fra Memphis-sounden p\u00e5 1960-tallet, og det har v\u00e6rt spennende \u00e5 blande b\u00e5de moderne og klassiske elementer i musikken.&#8221;<\/p>\n<p>Albumet &#8220;Relics&#8221; er en feiring av Nordhagens musikalske reise og erfaringer, og det viser tydelig bandets samspill og harmoni som kommer fra mange \u00e5rs samarbeid. Med en variert og rikholdig samling av l\u00e5ter, tar &#8220;Relics&#8221; lytterne med p\u00e5 en utforskende reise innenfor rhythm &amp; blues-sjangeren.<\/p>\n<p><\/p>","protected":false},"excerpt":{"rendered":"<p>Den anerkjente bluesmusikeren Knut Nordhagen er tilbake med et etterlengtet nytt album som markerer hans f\u00f8rste utgivelse p\u00e5 15 \u00e5r.<\/p>\n","protected":false},"featured_media":40890,"comment_status":"open","ping_status":"closed","template":"","meta":[],"product_brand":[],"product_cat":[51],"product_tag":[],"class_list":{"0":"post-40889","1":"product","2":"type-product","3":"status-publish","4":"has-post-thumbnail","6":"product_cat-blue-mood-records","7":"product_shipping_class-cddvd-shipping","8":"uni_artist_tag-knut-nordhagen-jaguars","9":"uni_main_artist_tag-knut-nordhagen-jaguars","10":"uni_artist_genre-blues","12":"first","13":"instock","14":"taxable","15":"shipping-taxable","16":"purchasable","17":"product-type-simple"},"_links":{"self":[{"href":"https:\/\/grappa.no\/no\/wp-json\/wp\/v2\/product\/40889","targetHints":{"allow":["GET"]}}],"collection":[{"href":"https:\/\/grappa.no\/no\/wp-json\/wp\/v2\/product"}],"about":[{"href":"https:\/\/grappa.no\/no\/wp-json\/wp\/v2\/types\/product"}],"replies":[{"embeddable":true,"href":"https:\/\/grappa.no\/no\/wp-json\/wp\/v2\/comments?post=40889"}],"wp:featuredmedia":[{"embeddable":true,"href":"https:\/\/grappa.no\/no\/wp-json\/wp\/v2\/media\/40890"}],"wp:attachment":[{"href":"https:\/\/grappa.no\/no\/wp-json\/wp\/v2\/media?parent=40889"}],"wp:term":[{"taxonomy":"product_brand","embeddable":true,"href":"https:\/\/grappa.no\/no\/wp-json\/wp\/v2\/product_brand?post=40889"},{"taxonomy":"product_cat","embeddable":true,"href":"https:\/\/grappa.no\/no\/wp-json\/wp\/v2\/product_cat?post=40889"},{"taxonomy":"product_tag","embeddable":true,"href":"https:\/\/grappa.no\/no\/wp-json\/wp\/v2\/product_tag?post=40889"}],"curies":[{"name":"wp","href":"https:\/\/api.w.org\/{rel}","templated":true}]}}