{"id":40879,"date":"2023-09-14T08:26:07","date_gmt":"2023-09-14T07:26:07","guid":{"rendered":"https:\/\/grappa.no\/?post_type=product&#038;p=40879"},"modified":"2025-06-13T14:12:38","modified_gmt":"2025-06-13T13:12:38","slug":"stubb","status":"publish","type":"product","link":"https:\/\/grappa.no\/no\/albums\/heilo\/stubb\/","title":{"rendered":"Stubb"},"content":{"rendered":"<p><\/p>\n<p>Folkemusikk-festbandet Gangar har p\u00e5 kort tid blitt en av Norges st\u00f8rste eksport\u00f8rer av Norsk folkemusikk &#8211; n\u00e5 serverer de endelig debutalbumet!<\/p>\n<p>&#8220;Stubb&#8221; er en kraftpakke av gamle sl\u00e5tter i ny forpakning!<\/p>\n<p><!--more--><\/p>\n<p>Etter de ga ut sin debut-EP \u00abTre Danser\u00bb i 2022 til vill begeistring, f\u00f8lger folkrock-bandet Gangar n\u00e5 opp med det etterlengtede debutalbumet \u00abStubb\u00bb 29.september. Navnet er tatt fra deres tidligere bandnavn: Gangarstubbgutta. Albumet kommer som et resultat av flere \u00e5r med hardt og detaljert arbeid. \u00abStubb\u00bb er en samling av materialet gruppa har jobbet med og spilt de siste \u00e5rene, i tillegg til gjesteopptredener fra n\u00e6re venner i folkemusikkmilj\u00f8et.<\/p>\n<p><em>&#8211; Etter tre \u00e5r med stadig raffinering og tilpassing, tror vi at vi har kommet frem til noe bra nok, og at vi kan v\u00e6re forn\u00f8yde med det vi gir ut n\u00e5. Vi ser p\u00e5 Stubb som hovedretten p\u00e5 en middag, hvor Tre Danser EP (2022) var forretten. Denne middagen h\u00e5per vi allikevel at har 100 hovedretter! Desserten kommer ikke f\u00f8r en god stund, sier Mattias Thedens.\u00a0<\/em><\/p>\n<p>Gangar kombinerer norsk folkemusikk med Rock, Metal, og Jazz, og skaper et nytt og spennende musikalsk uttrykk i prosessen. Inspirert av band som AC\/DC, Hoven Droven og Meshuggah, gj\u00f8r Gangar eldgamle melodier tilgjengelig for et allment publikum uten \u00e5 inng\u00e5 kompromisser ovenfor tradisjonen. Frontmann og felespiller Mattias Thedens finner melodiene fra gamle opptak, og deretter arrangeres de i fellesskap. Bandmedlemmenes ulike musikalske bakgrunner tilf\u00f8yer det ekstra kruttet som tar festen til et nytt niv\u00e5 \u2013 og resultatet er en kule av ung energi du sent vil glemme!<\/p>\n<p>Blant de 11 l\u00e5tene p\u00e5 albumet er det et stort sprik i sjanger. I og med at Gangar henter inspirasjon fra s\u00e5 mange forskjellige hold, heriblant Folk-metallet i Synnjavinden og Dorisk Reinlender til mer alternative i Skrebua, og videre til real oldschool shuffle-rockabilly eller kubjelle-Dad-rock med Hennar Valborg og Slarkjen. Alt dette kulminerer i den folkrockfesten Gangar har reist rundt i Norge og Europa med de siste par \u00e5rene. Mattias Thedens forteller om \u00e5 overf\u00f8re det musikalske live-uttrykket til innspilt album:<\/p>\n<p><em>&#8211; Det har v\u00e6rt en spennende prosess for oss \u00e5 flytte disse l\u00e5tene fra scenen til studio. Vi er jo hovedsakelig et live-band, s\u00e5 det blir helt klart en annerledes m\u00e5te \u00e5 tenke p\u00e5. Jeg tror vi har l\u00f8st det p\u00e5 en bra m\u00e5te, hvor vi har beholdt energien vi har p\u00e5 scenen, i tillegg til \u00e5 tilf\u00f8ye et detaljfokus som man ofte m\u00e5 ofre p\u00e5 scenen for showets del.\u00a0<\/em><\/p>\n<p>","protected":false},"excerpt":{"rendered":"<p>Folkemusikk-festbandet Gangar har p\u00e5 kort tid blitt en av Norges st\u00f8rste eksport\u00f8rer av Norsk folkemusikk &#8211; n\u00e5 serverer de endelig debutalbumet! &#8220;Stubb&#8221; er en kraftpakke av gamle sl\u00e5tter i ny forpakning!<\/p>\n","protected":false},"featured_media":40882,"comment_status":"open","ping_status":"closed","template":"","meta":[],"product_brand":[],"product_cat":[35],"product_tag":[],"class_list":{"0":"post-40879","1":"product","2":"type-product","3":"status-publish","4":"has-post-thumbnail","6":"product_cat-heilo","7":"product_shipping_class-cddvd-shipping","8":"uni_artist_tag-gangar","9":"uni_main_artist_tag-gangar","10":"uni_artist_genre-folkrock","11":"uni_artist_genre-rock","12":"uni_artist_genre-traditional","14":"first","15":"instock","16":"taxable","17":"shipping-taxable","18":"purchasable","19":"product-type-variable","20":"has-default-attributes"},"_links":{"self":[{"href":"https:\/\/grappa.no\/no\/wp-json\/wp\/v2\/product\/40879","targetHints":{"allow":["GET"]}}],"collection":[{"href":"https:\/\/grappa.no\/no\/wp-json\/wp\/v2\/product"}],"about":[{"href":"https:\/\/grappa.no\/no\/wp-json\/wp\/v2\/types\/product"}],"replies":[{"embeddable":true,"href":"https:\/\/grappa.no\/no\/wp-json\/wp\/v2\/comments?post=40879"}],"wp:featuredmedia":[{"embeddable":true,"href":"https:\/\/grappa.no\/no\/wp-json\/wp\/v2\/media\/40882"}],"wp:attachment":[{"href":"https:\/\/grappa.no\/no\/wp-json\/wp\/v2\/media?parent=40879"}],"wp:term":[{"taxonomy":"product_brand","embeddable":true,"href":"https:\/\/grappa.no\/no\/wp-json\/wp\/v2\/product_brand?post=40879"},{"taxonomy":"product_cat","embeddable":true,"href":"https:\/\/grappa.no\/no\/wp-json\/wp\/v2\/product_cat?post=40879"},{"taxonomy":"product_tag","embeddable":true,"href":"https:\/\/grappa.no\/no\/wp-json\/wp\/v2\/product_tag?post=40879"}],"curies":[{"name":"wp","href":"https:\/\/api.w.org\/{rel}","templated":true}]}}