{"id":40810,"date":"2023-09-05T13:10:10","date_gmt":"2023-09-05T12:10:10","guid":{"rendered":"https:\/\/grappa.no\/?post_type=product&#038;p=40810"},"modified":"2024-11-08T12:21:40","modified_gmt":"2024-11-08T11:21:40","slug":"toyensessions","status":"publish","type":"product","link":"https:\/\/grappa.no\/no\/albums\/heilo\/toyensessions\/","title":{"rendered":"T\u00f8yen Sessions- SIGNERT UTGAVE"},"content":{"rendered":"<p>&nbsp;<\/p>\n<p><\/p>\n<p>Vi har et begrenset opplag signerte CD&#8217;er tilgjengelig! (Se bilde)<\/p>\n<p>Gjermund Larsen Trio med sitt vakreste og mest samspilte album til dags dato!<\/p>\n<p><!--more--><\/p>\n<p style=\"font-weight: 400;\">Syv \u00e5r etter forrige utgivelse kommer endelig Gjermund Larsen Trio med sin etterlengtede oppf\u00f8lger, <em>T\u00f8yen Sessions<\/em>. Albumet ble p\u00e5tenkt allerede i 2019, men ble f\u00f8rst innspilt i sin helhet i T\u00f8yenkirka i januar 2023. Kirka har v\u00e6rt trioens \u00f8vingslokale siden oppstarten i 2005, s\u00e5 p\u00e5 denne utgivelsen er musikken definitivt p\u00e5 hjemmebane.<\/p>\n<p style=\"font-weight: 400;\">Gjermund Larsen er uten tvil en av Norges mest kjente og kj\u00e6re folkemusikere, som med sitt lekne og f\u00f8lelsesladede felespill har fanget et bredt publikum som strekker seg utover det tradisjonelle folkemusikkpublikumet.<\/p>\n<p style=\"font-weight: 400;\">Trioen, som best\u00e5r av Gjermund Larsen (fele), Andreas Utnem (piano) og Sondre Meisfjord (kontrabass), har siden sin f\u00f8rste utgivelse i 2008 h\u00f8stet lovord, jubel og en rekke priser, herunder b\u00e5de Spellemannpris (2008), German phonographic critics award (2015) og TONOs komponistpris (2016).<\/p>\n<p style=\"font-weight: 400;\"><em>T\u00f8yen Sessions<\/em> tar deg med p\u00e5 en reise gjennom b\u00e5de dagen og \u00e5ret med sin begynnende <em>Morgensl\u00e5tt<\/em>, via <em>April<\/em>, <em>Sankthansvals<\/em>, til<em>Kveldsvals<\/em>, og er vakkert og uts\u00f8kt spilt av trioen som igjen viser sin unike evne til samspill, dynamikk og lekenhet. Gjermund Larsens komposisjoner er varme og f\u00f8lelsesladede, og gir et innblikk i tiden Gjermund har v\u00e6rt gjennom de siste \u00e5rene, som den oppstemte <em>April<\/em> som ble skrevet da lockdown i 2020 var ferdig og hans fire barn endelig kunne returnere til skole og barnehage. P\u00e5 albumet finner du ogs\u00e5 <em>Vintermarsj<\/em>, et bestillingsverk til <em>Vinterfestspill i Bergstaden<\/em>, som er tiltenkt spilt hvert \u00e5r under festivalen. Lytt og la deg bergta av Gjermund Larsen Trios s\u00e6regne klang og komposisjoner n\u00e5r dette albumet endelig utgis i oktober 2023.<\/p>\n<p><\/p>","protected":false},"excerpt":{"rendered":"<p>Gjermund Larsen Trio med sin f\u00f8rste utgivelse p\u00e5 syv \u00e5r, T\u00f8yen Sessions, et vakkert, f\u00f8lelsesladet og samspilt album med noen av norges mest kjente og kj\u00e6re folkemusikere<\/p>\n","protected":false},"featured_media":40812,"comment_status":"open","ping_status":"closed","template":"","meta":[],"product_brand":[],"product_cat":[35],"product_tag":[7905],"class_list":{"0":"post-40810","1":"product","2":"type-product","3":"status-publish","4":"has-post-thumbnail","6":"product_cat-heilo","7":"product_tag-gjermund-larsen-trio","8":"product_shipping_class-cddvd-shipping","9":"uni_artist_tag-gjermund-larsen","10":"uni_artist_tag-gjermund-larsen-trio","11":"uni_main_artist_tag-gjermund-larsen-trio","12":"uni_artist_genre-folkemusikk","14":"first","15":"instock","16":"taxable","17":"shipping-taxable","18":"purchasable","19":"product-type-simple"},"_links":{"self":[{"href":"https:\/\/grappa.no\/no\/wp-json\/wp\/v2\/product\/40810","targetHints":{"allow":["GET"]}}],"collection":[{"href":"https:\/\/grappa.no\/no\/wp-json\/wp\/v2\/product"}],"about":[{"href":"https:\/\/grappa.no\/no\/wp-json\/wp\/v2\/types\/product"}],"replies":[{"embeddable":true,"href":"https:\/\/grappa.no\/no\/wp-json\/wp\/v2\/comments?post=40810"}],"wp:featuredmedia":[{"embeddable":true,"href":"https:\/\/grappa.no\/no\/wp-json\/wp\/v2\/media\/40812"}],"wp:attachment":[{"href":"https:\/\/grappa.no\/no\/wp-json\/wp\/v2\/media?parent=40810"}],"wp:term":[{"taxonomy":"product_brand","embeddable":true,"href":"https:\/\/grappa.no\/no\/wp-json\/wp\/v2\/product_brand?post=40810"},{"taxonomy":"product_cat","embeddable":true,"href":"https:\/\/grappa.no\/no\/wp-json\/wp\/v2\/product_cat?post=40810"},{"taxonomy":"product_tag","embeddable":true,"href":"https:\/\/grappa.no\/no\/wp-json\/wp\/v2\/product_tag?post=40810"}],"curies":[{"name":"wp","href":"https:\/\/api.w.org\/{rel}","templated":true}]}}