{"id":40803,"date":"2023-09-05T12:27:24","date_gmt":"2023-09-05T11:27:24","guid":{"rendered":"https:\/\/grappa.no\/?post_type=product&#038;p=40803"},"modified":"2023-09-05T13:07:45","modified_gmt":"2023-09-05T12:07:45","slug":"tilfeldignaepe","status":"publish","type":"product","link":"https:\/\/grappa.no\/no\/albums\/hubro\/tilfeldignaepe\/","title":{"rendered":"Tilfeldig N\u00e6pe"},"content":{"rendered":"<p><\/p>\n<h4>Hans Hulb\u00e6kmo &#8211; Tilfeldig N\u00e6pe<\/h4>\n<p><!--more--><\/p>\n<p><strong>Hans Hulb\u00e6kmos aller f\u00f8rste soloalbum!<\/strong><\/p>\n<p style=\"font-weight: 400;\">Hans Hulb\u00e6kmo, en drivende kraft i gruppene Moskus, Skadedyr, Flukten og Reolo, samt kjent fra band som Atomic, Hanna Paulsberg Concept, Broen og Hulb\u00e6kmo &amp; Jacobsen Familieorkester, er n\u00e5 klar med sitt f\u00f8rste soloalbum \u2013 \u00abTilfeldig N\u00e6pe\u00bb.<\/p>\n<p style=\"font-weight: 400;\">P\u00e5 &#8220;Tilfeldig N\u00e6pe&#8221; utforsker han en rekke forskjellige instrumenter som danner et \u00abutvidet trommesett\u00bb. Gjennom albumet blir lytteren introdusert for Hulb\u00e6kmos lidenskap for dadaisme og europeisk\u00a0improvisasjonsmusikk, samtidig som han finner inspirasjon i det hverdagslige og\u00a0i norsk tradisjons- og\u00a0bruksmusikk.\u00a0Hvert spor\u00a0er improvisert og viser frem hans unike musikalitet, sterkt karakteristiske spillestil og evne til\u00a0spontan komponering.<\/p>\n<p style=\"font-weight: 400;\">For Hulb\u00e6kmo er den umiddelbare f\u00f8lelsen lytteren f\u00e5r n\u00e5r de h\u00f8rer albumet av stor betydning. Han\u00a0\u00f8nsker at mottakeren skal kunne f\u00f8le p\u00e5 musikken instinktivt: \u00abJeg har valgt musikken ut ifra en distinkt\u00a0kroppslig f\u00f8lelse, og valgt bort de strekkene hvor jeg f\u00f8lte intellektet ble koblet inn i for stor grad\u00bb.<\/p>\n<p style=\"font-weight: 400;\">Kj\u00e6rligheten til samspillet, improvisasjon i fellesskap og det sosiale aspektet ved musikk, har alltid st\u00e5tt sentralt for Hulb\u00e6kmo. P\u00e5 hans f\u00f8rste soloalbum har han funnet m\u00e5ter \u00e5 spille med eller mot seg selv, b\u00e5de i den spontante skapningen, men ogs\u00e5 i prosessen med \u00e5 sette sammen albumet til en helhet. I lengre perioder spiller han flere ulike instrumenter samtidig. Dette er en ramme som skaper b\u00e5de muligheter og begrensninger. \u00abTilfeldig N\u00e6pe\u00bb trekker lytteren inn i Hans Hulb\u00e6kmo sin kreative verden, en verden full av tilfeldigheter og spennende komposisjoner.<\/p>\n<p>","protected":false},"excerpt":{"rendered":"<p>Hans Hulb\u00e6kmo\u00b4s f\u00f8rste soloalbum!<\/p>\n<p>Hans Hulb\u00e6kmo, en drivende kraft og trommeslager i gruppene Moskus, Skadedyr, Flukten og Reolo, samt kjent fra band som Atomic, Hanna Paulsberg Concept, Broen og Hulb\u00e6kmo &amp; Jacobsen Familieorkester, er n\u00e5 klar med sitt f\u00f8rste soloalbum \u2013 \u00abTilfeldig N\u00e6pe\u00bb.<\/p>\n","protected":false},"featured_media":40806,"comment_status":"open","ping_status":"closed","template":"","meta":[],"product_brand":[],"product_cat":[36],"product_tag":[7903,7901,7902],"class_list":{"0":"post-40803","1":"product","2":"type-product","3":"status-publish","4":"has-post-thumbnail","6":"product_cat-hubro","7":"product_tag-experimental-jazz","8":"product_tag-hans-hulbaekmo","9":"product_tag-tilfeldig-naepe","10":"product_shipping_class-cddvd-shipping","11":"uni_artist_tag-hans-hulbaekmo","12":"uni_main_artist_tag-hans-hulbaekmo","13":"uni_artist_genre-alternative-jazz","14":"uni_artist_genre-contemporary-jazz","16":"first","17":"instock","18":"taxable","19":"shipping-taxable","20":"purchasable","21":"product-type-variable"},"_links":{"self":[{"href":"https:\/\/grappa.no\/no\/wp-json\/wp\/v2\/product\/40803","targetHints":{"allow":["GET"]}}],"collection":[{"href":"https:\/\/grappa.no\/no\/wp-json\/wp\/v2\/product"}],"about":[{"href":"https:\/\/grappa.no\/no\/wp-json\/wp\/v2\/types\/product"}],"replies":[{"embeddable":true,"href":"https:\/\/grappa.no\/no\/wp-json\/wp\/v2\/comments?post=40803"}],"wp:featuredmedia":[{"embeddable":true,"href":"https:\/\/grappa.no\/no\/wp-json\/wp\/v2\/media\/40806"}],"wp:attachment":[{"href":"https:\/\/grappa.no\/no\/wp-json\/wp\/v2\/media?parent=40803"}],"wp:term":[{"taxonomy":"product_brand","embeddable":true,"href":"https:\/\/grappa.no\/no\/wp-json\/wp\/v2\/product_brand?post=40803"},{"taxonomy":"product_cat","embeddable":true,"href":"https:\/\/grappa.no\/no\/wp-json\/wp\/v2\/product_cat?post=40803"},{"taxonomy":"product_tag","embeddable":true,"href":"https:\/\/grappa.no\/no\/wp-json\/wp\/v2\/product_tag?post=40803"}],"curies":[{"name":"wp","href":"https:\/\/api.w.org\/{rel}","templated":true}]}}