{"id":408,"date":"1995-01-01T00:00:00","date_gmt":"1994-12-31T23:00:00","guid":{"rendered":"http:\/\/www.grappa.no\/albums\/uncategorized\/flagstad-collection-vol-3-live-performances-1948-1957\/"},"modified":"2020-04-06T15:14:07","modified_gmt":"2020-04-06T14:14:07","slug":"flagstad-collection-vol-3-live-performances-1948-1957","status":"publish","type":"product","link":"https:\/\/grappa.no\/no\/albums\/simax-classics\/flagstad-collection-vol-3-live-performances-1948-1957\/","title":{"rendered":"Flagstad Collection Vol 3: Live Performances 1948 \u2013 1957"},"content":{"rendered":"<p><\/p>\n<p>Kirsten Flagstads live-innspillinger 1948-1948 [3 CD]<\/p>\n<p>I l\u00f8pet av sin 40 \u00e5r lange sangkarriere sang Kirsten Flagstad roller i over \u00e5tti operaer og operetter fordelt p\u00e5 mer en 2100 forestillinger. Hun sang i to hundre og femti konserter med orkester og ga mer en seks hundre recitals. Flagstad etterlot seg ogs\u00e5 en arv i form av mer enn ni hundre lydopptak.<\/p>\n<p>I denne fem-boks utgivelsen har Simax Classics gleden av \u00e5 kunne presentere de viktigste av disse opptakene. Utvalget er gjort av Arne D\u00f8rumsgaard, komponist, sanger og platesamler \u2013 som i tillegg var en n\u00e6r personlig venn av Flagstad i \u00e5rene etter 2. verdenskrig.<\/p>\n<p><!--more--><\/p>\n<h4><\/h4>\n<\/p>\n<h4><\/h4>\n<p><h4><\/h4>\n<\/p>\n<p><\/p>","protected":false},"excerpt":{"rendered":"<p>\u00c5rhundrets stemme, Vol. 3<\/p>\n","protected":false},"featured_media":27839,"comment_status":"closed","ping_status":"open","template":"","meta":[],"product_brand":[],"product_cat":[180],"product_tag":[],"class_list":{"0":"post-408","1":"product","2":"type-product","3":"status-publish","4":"has-post-thumbnail","6":"product_cat-simax-classics","7":"product_shipping_class-cddvd-shipping","8":"uni_artist_tag-edvard-grieg","9":"uni_artist_tag-henry-purcell","10":"uni_artist_tag-kirsten-flagstad","11":"uni_artist_tag-ludwig-van-beethoven","12":"uni_artist_tag-richard-strauss","13":"uni_artist_tag-richard-wagner","14":"uni_artist_tag-teatro-colon-orchestra","15":"uni_artist_tag-tore-simonsen","16":"uni_main_artist_tag-kirsten-flagstad","17":"uni_artist_genre-historic-recording","18":"uni_artist_genre-lieder","19":"uni_artist_genre-opera","21":"first","22":"outofstock","23":"taxable","24":"shipping-taxable","25":"product-type-simple"},"_links":{"self":[{"href":"https:\/\/grappa.no\/no\/wp-json\/wp\/v2\/product\/408","targetHints":{"allow":["GET"]}}],"collection":[{"href":"https:\/\/grappa.no\/no\/wp-json\/wp\/v2\/product"}],"about":[{"href":"https:\/\/grappa.no\/no\/wp-json\/wp\/v2\/types\/product"}],"replies":[{"embeddable":true,"href":"https:\/\/grappa.no\/no\/wp-json\/wp\/v2\/comments?post=408"}],"wp:featuredmedia":[{"embeddable":true,"href":"https:\/\/grappa.no\/no\/wp-json\/wp\/v2\/media\/27839"}],"wp:attachment":[{"href":"https:\/\/grappa.no\/no\/wp-json\/wp\/v2\/media?parent=408"}],"wp:term":[{"taxonomy":"product_brand","embeddable":true,"href":"https:\/\/grappa.no\/no\/wp-json\/wp\/v2\/product_brand?post=408"},{"taxonomy":"product_cat","embeddable":true,"href":"https:\/\/grappa.no\/no\/wp-json\/wp\/v2\/product_cat?post=408"},{"taxonomy":"product_tag","embeddable":true,"href":"https:\/\/grappa.no\/no\/wp-json\/wp\/v2\/product_tag?post=408"}],"curies":[{"name":"wp","href":"https:\/\/api.w.org\/{rel}","templated":true}]}}