{"id":40781,"date":"2023-08-16T14:39:16","date_gmt":"2023-08-16T13:39:16","guid":{"rendered":"https:\/\/grappa.no\/?post_type=product&#038;p=40781"},"modified":"2025-06-13T12:18:14","modified_gmt":"2025-06-13T11:18:14","slug":"free","status":"publish","type":"product","link":"https:\/\/grappa.no\/no\/albums\/grappa\/free\/","title":{"rendered":"Free"},"content":{"rendered":"<p><\/p>\n<div class=\"\">\n<p style=\"font-weight: 400;\">Etter \u00e5 ha gitt ut ny musikk som soloartist har Marte Eberson virkelig markert seg i popverdenen. Eberson har blitt omtalt i b\u00e5de inn- og utland for sin dr\u00f8mmende og hardtsl\u00e5ende retro-pop. Med en tydelig identitet, b\u00e5de som keyboardist og sanger har hun levert hit etter hit. Hennes unike sound har til og med blitt beskrevet som noe eget, nemlig: \u00abMarte-pop\u00bb.<\/p>\n<p style=\"font-weight: 400;\">Eberson har en luftig og myk vokal, som plasseres i et deilig synth-landskap med retro elementer fra 70- og 80-tallet, uten \u00e5 miste kontakten med det moderne. Catchy og mystisk, m\u00f8rkt og oppl\u00f8ftende &#8211; leverer Eberson fengslende og kontrastfulle l\u00e5ter i et sjanger-overskridende pop univers.<\/p>\n<p style=\"font-weight: 400;\">Det etterlengtede albumet \u00abFree\u00bb kommer 6.oktober og gir lytteren alt fra dansbare perler til smooth west-coast pop. Tematikken omhandler ofte den bitters\u00f8te kj\u00e6rligheten, \u00e5 st\u00e5 opp for seg selv, egen styrke og individualitet.<\/p>\n<p style=\"font-weight: 400;\">Marte Eberson har et bredt spekter som b\u00e5de musiker og artist.\u00a0Som aktiv og erfaren musiker har hun har gjort inntrykk i mange sjangere, med en lang CV og\u00a0en rekke annerkjennelser og priser. Marte har tidligere utgitt et soloalbum som ble mottatt av str\u00e5lende anmeldelser.<\/p>\n<\/div>\n<p><!--more--><\/p>\n<p style=\"font-weight: 400;\">Eberson har en luftig og myk vokal, som plasseres i et deilig synth-landskap med retro elementer fra 70- og 80-tallet, uten \u00e5 miste kontakten med det moderne. Catchy og mystisk, m\u00f8rkt og oppl\u00f8ftende &#8211; leverer Eberson fengslende og kontrastfulle l\u00e5ter i et sjanger-overskridende pop univers.<\/p>\n<p style=\"font-weight: 400;\">Det etterlengtede albumet \u00abFree\u00bb kommer 6.oktober og gir lytteren alt fra dansbare perler til smooth west-coast pop. Tematikken omhandler ofte den bitters\u00f8te kj\u00e6rligheten, \u00e5 st\u00e5 opp for seg selv, egen styrke og individualitet.<\/p>\n<p style=\"font-weight: 400;\">Marte Eberson har et bredt spekter som b\u00e5de musiker og artist.\u00a0Som aktiv og erfaren musiker har hun har gjort inntrykk i mange sjangere, med en lang CV og\u00a0en rekke annerkjennelser og priser. Marte har tidligere utgitt et soloalbum som ble mottatt av str\u00e5lende anmeldelser.<\/p>\n<p><\/p>","protected":false},"excerpt":{"rendered":"<p>Det nye, sv\u00e6rt etterlengtede albumet fra Marte Eberson byr p\u00e5 dansbare perler og behagelig vestkystpop, med et herlig synth-landskap. Det henter inspirasjon fra 70- og 80-tallet samtidig som det holder seg solid forankret i det moderne, alt rundt temaer som kj\u00e6rlighet, styrke og selvuttrykk.<\/p>\n","protected":false},"featured_media":40780,"comment_status":"open","ping_status":"closed","template":"","meta":[],"product_brand":[],"product_cat":[6],"product_tag":[],"class_list":{"0":"post-40781","1":"product","2":"type-product","3":"status-publish","4":"has-post-thumbnail","6":"product_cat-grappa","7":"product_shipping_class-vinyl-shipping","9":"first","10":"instock","11":"taxable","12":"shipping-taxable","13":"purchasable","14":"product-type-simple"},"_links":{"self":[{"href":"https:\/\/grappa.no\/no\/wp-json\/wp\/v2\/product\/40781","targetHints":{"allow":["GET"]}}],"collection":[{"href":"https:\/\/grappa.no\/no\/wp-json\/wp\/v2\/product"}],"about":[{"href":"https:\/\/grappa.no\/no\/wp-json\/wp\/v2\/types\/product"}],"replies":[{"embeddable":true,"href":"https:\/\/grappa.no\/no\/wp-json\/wp\/v2\/comments?post=40781"}],"wp:featuredmedia":[{"embeddable":true,"href":"https:\/\/grappa.no\/no\/wp-json\/wp\/v2\/media\/40780"}],"wp:attachment":[{"href":"https:\/\/grappa.no\/no\/wp-json\/wp\/v2\/media?parent=40781"}],"wp:term":[{"taxonomy":"product_brand","embeddable":true,"href":"https:\/\/grappa.no\/no\/wp-json\/wp\/v2\/product_brand?post=40781"},{"taxonomy":"product_cat","embeddable":true,"href":"https:\/\/grappa.no\/no\/wp-json\/wp\/v2\/product_cat?post=40781"},{"taxonomy":"product_tag","embeddable":true,"href":"https:\/\/grappa.no\/no\/wp-json\/wp\/v2\/product_tag?post=40781"}],"curies":[{"name":"wp","href":"https:\/\/api.w.org\/{rel}","templated":true}]}}