{"id":40752,"date":"2023-08-03T12:05:47","date_gmt":"2023-08-03T11:05:47","guid":{"rendered":"https:\/\/grappa.no\/?post_type=product&#038;p=40752"},"modified":"2023-08-03T13:14:38","modified_gmt":"2023-08-03T12:14:38","slug":"nice-time-on-earth-today","status":"publish","type":"product","link":"https:\/\/grappa.no\/no\/albums\/heilo\/nice-time-on-earth-today\/","title":{"rendered":"Nice time on Earth today"},"content":{"rendered":"<p><\/p>\n<p>BUSTER SLEDGE: UTFORSKER YTTERGRENSENE AV AMERIKANSK TRADISJONSMUSIKK<\/p>\n<p><!--more--><\/p>\n<p>Nice Time on Earth Today,den tredje fullengdes utgivelsen fra den Oslobaserte norsk-amerikanske akustiske gruppen Buster Sledge, favner over et bredt spekter av amerikansk folke-og popul\u00e6rmusikk, med et \u00f8nske \u00e5 fortelle en historie i hver sang. Med utgangspunkt i et bluegrass\/Americana-basert lydbilde, trekker de inn eklektiske elementer fra blant annet jazz,country, indie og jamband. Selv om det musikalske bakteppet stadig skifter, er tekstene alltid i fokus og formidles gjennom nynnbare melodier. \u00d8yeblikk av uhemmet maksimalisme eksploderer gjennom komplekse akkordskifter, grandiose arrangementer og utsvevende soloer, men p\u00e5 et tett sammenvevd og kontrollert bakteppe.<\/p>\n<p>","protected":false},"excerpt":{"rendered":"<p>BUSTER SLEDGE: UTFORSKER YTTERGRENSENE AV AMERIKANSK TRADISJONSMUSIKK<\/p>\n","protected":false},"featured_media":40744,"comment_status":"open","ping_status":"closed","template":"","meta":[],"product_brand":[],"product_cat":[35],"product_tag":[],"class_list":{"0":"post-40752","1":"product","2":"type-product","3":"status-publish","4":"has-post-thumbnail","6":"product_cat-heilo","7":"product_shipping_class-cddvd-shipping","8":"uni_artist_tag-buster-sledge","9":"uni_main_artist_tag-buster-sledge","10":"uni_artist_genre-bluegrass","11":"uni_artist_genre-roots","13":"first","14":"instock","15":"taxable","16":"shipping-taxable","17":"purchasable","18":"product-type-variable"},"_links":{"self":[{"href":"https:\/\/grappa.no\/no\/wp-json\/wp\/v2\/product\/40752","targetHints":{"allow":["GET"]}}],"collection":[{"href":"https:\/\/grappa.no\/no\/wp-json\/wp\/v2\/product"}],"about":[{"href":"https:\/\/grappa.no\/no\/wp-json\/wp\/v2\/types\/product"}],"replies":[{"embeddable":true,"href":"https:\/\/grappa.no\/no\/wp-json\/wp\/v2\/comments?post=40752"}],"wp:featuredmedia":[{"embeddable":true,"href":"https:\/\/grappa.no\/no\/wp-json\/wp\/v2\/media\/40744"}],"wp:attachment":[{"href":"https:\/\/grappa.no\/no\/wp-json\/wp\/v2\/media?parent=40752"}],"wp:term":[{"taxonomy":"product_brand","embeddable":true,"href":"https:\/\/grappa.no\/no\/wp-json\/wp\/v2\/product_brand?post=40752"},{"taxonomy":"product_cat","embeddable":true,"href":"https:\/\/grappa.no\/no\/wp-json\/wp\/v2\/product_cat?post=40752"},{"taxonomy":"product_tag","embeddable":true,"href":"https:\/\/grappa.no\/no\/wp-json\/wp\/v2\/product_tag?post=40752"}],"curies":[{"name":"wp","href":"https:\/\/api.w.org\/{rel}","templated":true}]}}