{"id":40741,"date":"2023-08-03T10:55:30","date_gmt":"2023-08-03T09:55:30","guid":{"rendered":"https:\/\/grappa.no\/?post_type=product&#038;p=40741"},"modified":"2023-08-03T11:02:02","modified_gmt":"2023-08-03T10:02:02","slug":"dunesatnight","status":"publish","type":"product","link":"https:\/\/grappa.no\/no\/albums\/hubro\/dunesatnight\/","title":{"rendered":"Dunes at Night"},"content":{"rendered":"<div>\n<p><\/p>\n<\/div>\n<div>\n<p><strong>Komponist og gitarist Morten Georg Gismervik tar lytterne med p\u00e5 en fengslende reise gjennom sitt nyeste album \u00abDunes at night\u00bb hvor han utforsker to vidt forskjellige karakterer med sin musikk. \u00a0<\/strong><\/p>\n<\/div>\n<div>\n<p>&nbsp;<\/p>\n<p>N\u00e5r du dykker inn i &#8220;Dunes at Night&#8221;, blir du vitne til den eventyrlige reisen til disse to karakterene, som blir presentert gjennom deres egne dedikerte musikalske verk, som b\u00e5de \u00e5pner og avslutter albumet. F\u00f8rst m\u00f8ter vi Kimri, en karakter full av liv og energi, som gjennom utadvendte melodier og eksplosive grooves umiddelbart fanger oppmerksomheten. Men deretter tar Winter scenen, en mer innadvendt og sjenert personlighet, hvor inspirasjonen fra den nordiske jazzen kommer til sin fulle rett, og setter sitt preg p\u00e5 musikken.<\/p>\n<\/div>\n<div>\n<p>Gismervik, en mesterlig historieforteller, har satt sammen en musikalsk reise som ikke bare utforsker ulike karaktertrekk, men som ogs\u00e5 maler et levende bilde av deres unike verdener. Hans evne til \u00e5 skape stemninger og f\u00f8lelser gjennom sine komposisjoner er enest\u00e5ende, og &#8220;Dunes at Night&#8221; er intet unntak.<\/p>\n<\/div>\n<div>\n<p>&nbsp;<\/p>\n<p>Morten Georg Gismervik beskriver det slik:<\/p>\n<\/div>\n<div>\n<p><em>Inspirasjonen bak \u00abDunes at Night\u00bb var \u00e5 skrive et verk i albumformat, som kunne speile filmopplevelsen. Det \u00e5 kunne fortelle en historie p\u00e5 m\u00e5ten en film gj\u00f8r, samtidig som jeg bevarer styrken ved de ukonkr\u00e9te f\u00f8lelsene og stemningene som er unikt for musikk, var en spennende utfordring. Resultatet ble et verk hvor man som lytter kan skimte gjennom musikken hvilke personer man f\u00f8lger, hva slags type handling man er i, og hvordan karakterene som bygges opp gjennom verket endrer seg i l\u00f8pet av tiden man tilbringer med musikken.\u00a0<\/em><\/p>\n<\/div>\n<div>\n<p>&nbsp;<\/p>\n<p><span lang=\"NO-BOK\">Da Morten Georg Gismervik ble annonsert som vinner av Sildajazzprisen i 2022 hadde juryen denne begrunnelsen: I komposisjonene f\u00f8ler man sterkt at man har med en historieforteller \u00e5 gj\u00f8re \u2013 selv om det dreier seg om instrumentalmusikk. Man h\u00f8rer ogs\u00e5 spor av ut\u00f8verens brede musikalske interessefelt: fra klassisk musikk, prog og metal til det lyriske i den nordiske jazzen. Siden sin debut i 2018 har Gismervik kommet med to utgivelser (2018 &amp; 2020) og er n\u00e5 p\u00e5 vei med sitt tredje album &#8211; Dunes at Night &#8211; spilt inn i Kongshavn Studio drevet av Bj\u00f8rn Ole Rasch, og som slippes h\u00f8sten 2023 p\u00e5 det anerkjente labelet Hubro.<\/span><\/p>\n<\/div>\n<div>\n<p><span lang=\"NO-BOK\">Gismervik er tidligere vinner av PwC-talentprisen 2017, Karm\u00f8y Kulturstipend 2020, Dr\u00f8mmestipendet 2022 og Haugaland Kraft Sildajazzpris 2022 (som ogs\u00e5 inneb\u00e6rer en prisvinnerkonsert til neste \u00e5rs Sildajazz).<span class=\"apple-converted-space\">\u00a0<\/span><\/span><\/p>\n<\/div>\n<div>\n<p><\/p>\n<\/div>","protected":false},"excerpt":{"rendered":"<p style=\"font-weight: 400;\">\n<p style=\"font-weight: 400;\">\n<p style=\"font-weight: 400;\">\n<p style=\"font-weight: 400;\">\n<p style=\"font-weight: 400;\">\n<p style=\"font-weight: 400;\">Den dyktige gitaristen og historiefortelleren Morten Georg Gismervik med et nytt og kontrastfylt album!<\/p>\n<p style=\"font-weight: 400;\">\n<p style=\"font-weight: 400;\">\n","protected":false},"featured_media":40739,"comment_status":"open","ping_status":"closed","template":"","meta":[],"product_brand":[],"product_cat":[36],"product_tag":[7888,7889,40],"class_list":{"0":"post-40741","1":"product","2":"type-product","3":"status-publish","4":"has-post-thumbnail","6":"product_cat-hubro","7":"product_tag-dunes-at-night","8":"product_tag-guitar","9":"product_tag-jazz","10":"product_shipping_class-cddvd-shipping","11":"uni_artist_tag-anders-skjerdal","12":"uni_artist_tag-ellen-martine-gismervik","13":"uni_artist_tag-hakon-huldt-nystrom","14":"uni_artist_tag-harsha-jerome","15":"uni_artist_tag-morten-georg-gismervik","16":"uni_artist_tag-oystein-folkedal","17":"uni_artist_tag-sigurd-drogset-hemmingsen","18":"uni_artist_tag-torger-forsberg","19":"uni_main_artist_tag-morten-georg-gismervik","20":"uni_artist_genre-contemporary-jazz","21":"uni_artist_genre-jazz","22":"uni_artist_genre-progjazz","24":"first","25":"instock","26":"taxable","27":"shipping-taxable","28":"purchasable","29":"product-type-simple"},"_links":{"self":[{"href":"https:\/\/grappa.no\/no\/wp-json\/wp\/v2\/product\/40741","targetHints":{"allow":["GET"]}}],"collection":[{"href":"https:\/\/grappa.no\/no\/wp-json\/wp\/v2\/product"}],"about":[{"href":"https:\/\/grappa.no\/no\/wp-json\/wp\/v2\/types\/product"}],"replies":[{"embeddable":true,"href":"https:\/\/grappa.no\/no\/wp-json\/wp\/v2\/comments?post=40741"}],"wp:featuredmedia":[{"embeddable":true,"href":"https:\/\/grappa.no\/no\/wp-json\/wp\/v2\/media\/40739"}],"wp:attachment":[{"href":"https:\/\/grappa.no\/no\/wp-json\/wp\/v2\/media?parent=40741"}],"wp:term":[{"taxonomy":"product_brand","embeddable":true,"href":"https:\/\/grappa.no\/no\/wp-json\/wp\/v2\/product_brand?post=40741"},{"taxonomy":"product_cat","embeddable":true,"href":"https:\/\/grappa.no\/no\/wp-json\/wp\/v2\/product_cat?post=40741"},{"taxonomy":"product_tag","embeddable":true,"href":"https:\/\/grappa.no\/no\/wp-json\/wp\/v2\/product_tag?post=40741"}],"curies":[{"name":"wp","href":"https:\/\/api.w.org\/{rel}","templated":true}]}}