{"id":40719,"date":"2023-07-26T14:41:09","date_gmt":"2023-07-26T13:41:09","guid":{"rendered":"https:\/\/grappa.no\/?post_type=product&#038;p=40719"},"modified":"2023-07-26T14:55:09","modified_gmt":"2023-07-26T13:55:09","slug":"the-woodland-songbook","status":"publish","type":"product","link":"https:\/\/grappa.no\/no\/albums\/blue-mood-records\/the-woodland-songbook\/","title":{"rendered":"The Woodland Songbook Part 1"},"content":{"rendered":"<p><\/p>\n<div class=\"\">\n<p class=\"text-elements__Title-sc-1il5uxg-0 fsAFgu\">Stjerneskuddet Marius Lien med knallsterk bluesplate-debut!<\/p>\n<\/div>\n<p><!--more--><\/p>\n<p class=\"body\" style=\"margin: 0cm 0cm 12.0pt 0cm;\">Unge lovende blues-gitarist, vokalist og l\u00e5tskriver Marius Lien slipper debutalbum. Der beviser han hvorfor han allerede regnes som en del av eliten i bluesmilj\u00f8et.<\/p>\n<p>Allerede har Marius Lien fra Vormsund blitt annerkjent som et nytt stjerneskudd i det norske bluesmilj\u00f8et, og det med god grunn. Den 4.august slipper han sitt debutalbum &#8220;The Woodland Songbook Part 1&#8221;, som han ogs\u00e5 har produsert og innspilt selv. Albumet er spilt inn p\u00e5 Vormsund, inne i et studio p\u00e5 l\u00e5ven til Lien sine besteforeldre. Navnet Woodland Songbook kommer av at studioet er p\u00e5 et sm\u00e5bruk blant mye skog og natur. Marius bor selv 100 meter unna, og trenger bare \u00e5 tusle over jordet for \u00e5 komme seg dit. De idylliske og naturn\u00e6re forholdene har p\u00e5virket innspillingsprosessen med en overordnet ro.<\/p>\n<p>&#8220;The Woodland Songbook Part 1&#8221; er en introduksjon til Marius sitt kreative univers. Navnet er en liten hon\u00f8r til den plassen Lien er fra og hvor det kunstneriske blir til. Albumet er nyskapende og moderne, samtidig som det har sterke r\u00f8tter til den tradisjonelle og klassisk tidl\u00f8se bluesen. Som sin egen produsent og tekniker, har han ikke trengt \u00e5 begrense sitt personlige uttrykk, ved \u00e5 l\u00e6re seg \u00e5 spille inn p\u00e5 egenh\u00e5nd og eksperimentere med lyder. Det kommer tydelig frem p\u00e5 det varierte debutalbumet, der det finnes alt fra klassiske bluesdrevne l\u00e5ter til psykedeliske rockeperler.<\/p>\n<p>Gitaren er en sentral del av l\u00e5tskrivingen, helt siden han var liten. Med en familie som har hatt Blues n\u00e6rt hjerte, har det v\u00e6rt en essensiell del av oppveksten.\u00a0For Marius Lien startet facsinasjon for gitarspilling ogs\u00e5 tidlig.<\/p>\n<p style=\"padding-left: 40px;\"><em>&#8211; Jeg fikk gitar rett f\u00f8r jeg ble f\u00f8dt, og spilte luftgitar da jeg var 2 \u00e5r. Begynte f\u00f8rst \u00e5 l\u00e6re akkorder da jeg ble 9 \u00e5r. Bluesmusikk har v\u00e6rt tilgjengelig hele veien, og digga det allerede som 2\/3-\u00e5ring, og fikk veldig dilla p\u00e5 det igjen som 10-\u00e5ring. Jeg begynte \u00e5 skrive l\u00e5ter nesten med en gang jeg begynte \u00e5 l\u00e6re gitar. Vet ikke hvorfor jeg begynte med det, men det f\u00f8ltes av en eller annen grunn naturlig. <\/em><\/p>\n<p>Arrangeringen b\u00e6rer preg av at Lien spiller mye live, og mange av l\u00e5tene har gradvis tatt form ettersom de har blitt spilt p\u00e5 en rekke konsertscener landet over.<\/p>\n<p>Med gode st\u00f8ttespillere og inspirasjonskilder tett p\u00e5, har Marius b\u00e5de familie og kollegaer hatt mye \u00e5 si for hans musikalske stilvalg og vei. Fra han var liten har bluesen alltid v\u00e6rt en stor del av hverdagen. Med en musikalsk far som introduserte han for sjangeren og tok han med p\u00e5 en rekke bluesfestivaler. I tillegg til musikere i n\u00e6rmilj\u00f8et, som Amund Maarud som forbilde og Vidar Busk som en mentor. Busk har v\u00e6rt med i studioprosessen b\u00e5de som bidragsyter og r\u00e5dgiver. Lien forteller om hvordan Vidar har v\u00e6rt en n\u00f8kkelperson for at han:<\/p>\n<p style=\"padding-left: 40px;\"><em>&#8211; Vidar Busk har v\u00e6rt en stor helt siden jeg var liten, og har i senere tid blitt en kollega, mentor og kamerat. Vi har tilbringt mye tid sammen b\u00e5de p\u00e5 scenen og i studio og jeg har l\u00e6rt utrolig mye.\u00a0<\/em><\/p>\n<p>I tillegg til \u00e5 bidra som st\u00f8tte, har ogs\u00e5 flere venner og slektninger v\u00e6rt med som musikere p\u00e5 plata.<\/p>\n<p style=\"padding-left: 40px;\"><em>&#8211; Fatter Rune Lien p\u00e5 munnspill og mormor Bj\u00f8rg Sannerud p\u00e5 trekkspill!<\/em><\/p>\n<p>Kompet best\u00e5r ellers av Martin Morland p\u00e5 bass, Ola \u00d8verby p\u00e5 trommer, Vidar Busk p\u00e5 kor, Bill Troiani p\u00e5 bass og Marius Elfstedt p\u00e5 keys. I tillegg er bassist Kim Andr\u00e9 T\u00f8nnesen og trommeslager Kn\u00e6rten Simonsen med p\u00e5 to l\u00e5ter. Miksing er ogs\u00e5 gjort av den unge og lovende Marius Elfstedt. Mastring av Espen H\u00f8ydalsvik ved Oslo Fuzz.<\/p>\n<p>","protected":false},"excerpt":{"rendered":"<p class=\"text-elements__Title-sc-1il5uxg-0 fsAFgu\">Stjerneskuddet Marius Lien med knallsterk bluesplate-debut!<\/p>\n","protected":false},"featured_media":40721,"comment_status":"closed","ping_status":"closed","template":"","meta":[],"product_brand":[],"product_cat":[51],"product_tag":[],"class_list":{"0":"post-40719","1":"product","2":"type-product","3":"status-publish","4":"has-post-thumbnail","6":"product_cat-blue-mood-records","7":"product_shipping_class-cddvd-shipping","8":"uni_artist_tag-marius-lien","9":"uni_main_artist_tag-marius-lien","10":"uni_artist_genre-blues","11":"uni_artist_genre-bluesrock","12":"uni_artist_genre-rhythm-and-blues","14":"first","15":"instock","16":"taxable","17":"shipping-taxable","18":"purchasable","19":"product-type-simple"},"_links":{"self":[{"href":"https:\/\/grappa.no\/no\/wp-json\/wp\/v2\/product\/40719","targetHints":{"allow":["GET"]}}],"collection":[{"href":"https:\/\/grappa.no\/no\/wp-json\/wp\/v2\/product"}],"about":[{"href":"https:\/\/grappa.no\/no\/wp-json\/wp\/v2\/types\/product"}],"replies":[{"embeddable":true,"href":"https:\/\/grappa.no\/no\/wp-json\/wp\/v2\/comments?post=40719"}],"wp:featuredmedia":[{"embeddable":true,"href":"https:\/\/grappa.no\/no\/wp-json\/wp\/v2\/media\/40721"}],"wp:attachment":[{"href":"https:\/\/grappa.no\/no\/wp-json\/wp\/v2\/media?parent=40719"}],"wp:term":[{"taxonomy":"product_brand","embeddable":true,"href":"https:\/\/grappa.no\/no\/wp-json\/wp\/v2\/product_brand?post=40719"},{"taxonomy":"product_cat","embeddable":true,"href":"https:\/\/grappa.no\/no\/wp-json\/wp\/v2\/product_cat?post=40719"},{"taxonomy":"product_tag","embeddable":true,"href":"https:\/\/grappa.no\/no\/wp-json\/wp\/v2\/product_tag?post=40719"}],"curies":[{"name":"wp","href":"https:\/\/api.w.org\/{rel}","templated":true}]}}