{"id":407,"date":"1995-01-01T00:00:00","date_gmt":"1994-12-31T23:00:00","guid":{"rendered":"http:\/\/www.grappa.no\/albums\/uncategorized\/flagstad-collection-vol-2-live-performances-1935-1948\/"},"modified":"2019-02-22T15:49:25","modified_gmt":"2019-02-22T14:49:25","slug":"flagstad-collection-vol-2-live-performances-1935-1948","status":"publish","type":"product","link":"https:\/\/grappa.no\/no\/albums\/simax-classics\/flagstad-collection-vol-2-live-performances-1935-1948\/","title":{"rendered":"Flagstad Collection Vol 2: Live Performances 1935 \u2013 1948"},"content":{"rendered":"<p><\/p>\n<p>Kirsten Flagstads live-innspillinger 1933-1948 [2 CD]<\/p>\n<p>I l\u00f8pet av sin 40 \u00e5r lange sangkarriere sang Kirsten Flagstad roller i over \u00e5tti operaer og operetter fordelt p\u00e5 mer en 2100 forestillinger. Hun sang i to hundre og femti konserter med orkester og ga mer en seks hundre recitals. Flagstad etterlot seg ogs\u00e5 en arv i form av mer enn ni hundre lydopptak.<\/p>\n<p>I denne fem-boks utgivelsen har Simax Classics gleden av \u00e5 kunne presentere de viktigste av disse opptakene. Utvalget er gjort av Arne D\u00f8rumsgaard, komponist, sanger og platesamler \u2013 som i tillegg var en n\u00e6r personlig venn av Flagstad i \u00e5rene etter 2. verdenskrig.<\/p>\n<p><!--more--><\/p>\n<h4><\/h4>\n<\/p>\n<h4><\/h4>\n<p><h4><\/h4>\n<\/p>\n<p><\/p>","protected":false},"excerpt":{"rendered":"<p>\u00c5rhundrets stemme, Vol. 2<\/p>\n","protected":false},"featured_media":27838,"comment_status":"closed","ping_status":"open","template":"","meta":[],"product_brand":[],"product_cat":[180],"product_tag":[],"class_list":{"0":"post-407","1":"product","2":"type-product","3":"status-publish","4":"has-post-thumbnail","6":"product_cat-simax-classics","7":"product_shipping_class-cddvd-shipping","8":"uni_artist_tag-carl-maria-von-weber","9":"uni_artist_tag-giacchino-rossini","10":"uni_artist_tag-kirsten-flagstad","11":"uni_artist_tag-ludwig-van-beethoven","12":"uni_artist_tag-orchestra-of-the-metropolitan-opera-company","13":"uni_artist_tag-richard-wagner","14":"uni_artist_tag-tore-simonsen","15":"uni_main_artist_tag-kirsten-flagstad","16":"uni_artist_genre-historic-recording","17":"uni_artist_genre-lieder","18":"uni_artist_genre-opera","20":"first","21":"instock","22":"taxable","23":"shipping-taxable","24":"purchasable","25":"product-type-simple"},"_links":{"self":[{"href":"https:\/\/grappa.no\/no\/wp-json\/wp\/v2\/product\/407","targetHints":{"allow":["GET"]}}],"collection":[{"href":"https:\/\/grappa.no\/no\/wp-json\/wp\/v2\/product"}],"about":[{"href":"https:\/\/grappa.no\/no\/wp-json\/wp\/v2\/types\/product"}],"replies":[{"embeddable":true,"href":"https:\/\/grappa.no\/no\/wp-json\/wp\/v2\/comments?post=407"}],"wp:featuredmedia":[{"embeddable":true,"href":"https:\/\/grappa.no\/no\/wp-json\/wp\/v2\/media\/27838"}],"wp:attachment":[{"href":"https:\/\/grappa.no\/no\/wp-json\/wp\/v2\/media?parent=407"}],"wp:term":[{"taxonomy":"product_brand","embeddable":true,"href":"https:\/\/grappa.no\/no\/wp-json\/wp\/v2\/product_brand?post=407"},{"taxonomy":"product_cat","embeddable":true,"href":"https:\/\/grappa.no\/no\/wp-json\/wp\/v2\/product_cat?post=407"},{"taxonomy":"product_tag","embeddable":true,"href":"https:\/\/grappa.no\/no\/wp-json\/wp\/v2\/product_tag?post=407"}],"curies":[{"name":"wp","href":"https:\/\/api.w.org\/{rel}","templated":true}]}}