{"id":40534,"date":"2023-06-19T11:15:21","date_gmt":"2023-06-19T10:15:21","guid":{"rendered":"https:\/\/grappa.no\/?post_type=product&#038;p=40534"},"modified":"2024-03-06T10:23:59","modified_gmt":"2024-03-06T09:23:59","slug":"pre-order-red-tide","status":"publish","type":"product","link":"https:\/\/grappa.no\/no\/albums\/grappa\/pre-order-red-tide\/","title":{"rendered":"Red Tide"},"content":{"rendered":"<p><\/p>\n<p>P\u00e5 Three Souls andre album \u00abRed Tide\u00bb , f\u00e5r lytteren et innblikk inn i bandets musikalske verden &#8211; en sjelfull reise som gj\u00f8r inntrykk! Bandet tar for seg politiske og ekstensielle temaer, pakket inn i en musikalsk dansbar kraftpakke. Det er variert og dynamisk. Groovet st\u00e5r st\u00f8pt fra f\u00f8rste stund, med et solid og thight band som grunnmuren og en bl\u00e5serrekke som fargelegger og bl\u00e5ser lytteren av banen!<\/p>\n<p>","protected":false},"excerpt":{"rendered":"<p>P\u00e5 Three Souls andre album \u00abRed Tide\u00bb, f\u00e5r lytteren et innblikk inn i bandets musikalske verden &#8211; en sjelfull reise som gj\u00f8r inntrykk!<\/p>\n","protected":false},"featured_media":40483,"comment_status":"closed","ping_status":"closed","template":"","meta":[],"product_brand":[],"product_cat":[6],"product_tag":[7983,7982],"class_list":{"0":"post-40534","1":"product","2":"type-product","3":"status-publish","4":"has-post-thumbnail","6":"product_cat-grappa","7":"product_tag-red-tide","8":"product_tag-three-souls","9":"product_shipping_class-cddvd-shipping","10":"uni_artist_tag-emil-bo","11":"uni_artist_tag-henrik-smelhus-sjoeng","12":"uni_artist_tag-konstantin-ellingsberg-helmers","13":"uni_artist_tag-lars-fauchald-hartmann","14":"uni_artist_tag-mikkel-braendsrod-bjorneboe","15":"uni_artist_tag-olve-gravklev","16":"uni_artist_tag-sem-petros","17":"uni_artist_tag-sondre-moshagen","18":"uni_main_artist_tag-three-souls","19":"uni_artist_genre-funk","20":"uni_artist_genre-soul","22":"first","23":"instock","24":"taxable","25":"shipping-taxable","26":"purchasable","27":"product-type-simple"},"_links":{"self":[{"href":"https:\/\/grappa.no\/no\/wp-json\/wp\/v2\/product\/40534","targetHints":{"allow":["GET"]}}],"collection":[{"href":"https:\/\/grappa.no\/no\/wp-json\/wp\/v2\/product"}],"about":[{"href":"https:\/\/grappa.no\/no\/wp-json\/wp\/v2\/types\/product"}],"replies":[{"embeddable":true,"href":"https:\/\/grappa.no\/no\/wp-json\/wp\/v2\/comments?post=40534"}],"wp:featuredmedia":[{"embeddable":true,"href":"https:\/\/grappa.no\/no\/wp-json\/wp\/v2\/media\/40483"}],"wp:attachment":[{"href":"https:\/\/grappa.no\/no\/wp-json\/wp\/v2\/media?parent=40534"}],"wp:term":[{"taxonomy":"product_brand","embeddable":true,"href":"https:\/\/grappa.no\/no\/wp-json\/wp\/v2\/product_brand?post=40534"},{"taxonomy":"product_cat","embeddable":true,"href":"https:\/\/grappa.no\/no\/wp-json\/wp\/v2\/product_cat?post=40534"},{"taxonomy":"product_tag","embeddable":true,"href":"https:\/\/grappa.no\/no\/wp-json\/wp\/v2\/product_tag?post=40534"}],"curies":[{"name":"wp","href":"https:\/\/api.w.org\/{rel}","templated":true}]}}