{"id":405,"date":"1994-08-08T00:00:00","date_gmt":"1994-08-07T23:00:00","guid":{"rendered":"http:\/\/www.grappa.no\/albums\/uncategorized\/geirr-tveitt-plays-geirr-tveitt\/"},"modified":"2019-02-22T15:49:09","modified_gmt":"2019-02-22T14:49:09","slug":"geirr-tveitt-plays-geirr-tveitt","status":"publish","type":"product","link":"https:\/\/grappa.no\/no\/albums\/simax-classics\/geirr-tveitt-plays-geirr-tveitt\/","title":{"rendered":"Geirr Tveitt plays Geirr Tveitt"},"content":{"rendered":"<p><\/p>\n<p>Pianisten Geirr Tveitt<\/p>\n<p>I forordet til denne utgivelsen, skriver Leif Ove Andsnes:<\/p>\n<p>\u00abMitt f\u00f8rste m\u00f8te med Geirr Tveitt som pianist og ut\u00f8ver hadde jeg i august -93. Sammen med flere fra Ris\u00f8r Kammermusikkfest var vi p\u00e5 bes\u00f8k hos komponistens datter Gyri for \u00e5 se p\u00e5 notemateriale. Samtidig fikk vi gleden av \u00e5 h\u00f8re p\u00e5 gamle opptak med komponisten selv som ut\u00f8ver. Bare etter f\u00e5 takter forstod jeg at vi her har \u00e5 gj\u00f8re med en betydelig pianist. &#8216;For en klangbehandling!&#8217; var det f\u00f8rste som slo meg. I h\u00f8yeste grad en orkestral klagbehandling, \u2013 med en kombinasjon av impresjonistiske farger og Prokofievske &#8216;n\u00e5lestikk&#8217; som sentrale ingredienser. For her er nemlig ogs\u00e5 en utrolig &#8216;kjerne&#8217; en fascinerende konserntrasjon, vitalitet og energi \u2013 ofte med voldsomme utladninger. Spillet preges ogs\u00e5 av en levende puls-f\u00f8lelse. Lytteren trekkes med inn i den musikalske dramaturgi ved hjelp av sm\u00e5 og st\u00f8rre tempo-forskyvninger.<\/p>\n<p>I tillegg til dette mektige spill er det ogs\u00e5 oppsiksvekkende at det finnes lydopptak av &#8216;tapte&#8217; verk som Konsert nr. 3 for klaver og orkester og Morild-etyden \u2026 med komponisten selv ved klaveret. Geirr Tveitt g\u00e5r for meg inn i rekken av \u00e5rhundrets store komponist-pianister som Bela Bartok, Benjamin Britten, Sergej Prokofiev og Sergej Rachmaninov.\u00bb<\/p>\n<p><!--more--><\/p>\n<h4><\/h4>\n<\/p>\n<h4><\/h4>\n<p><h4><\/h4>\n<\/p>\n<p><\/p>","protected":false},"excerpt":{"rendered":"<p>For her er nemlig ogs\u00e5 en utrolig &#8216;kjerne&#8217; en fascinerende konserntrasjon, vitalitet og energi \u2013 ofte med voldsomme utladninger. Spillet preges ogs\u00e5 av en levende puls-f\u00f8lelse. Lytteren trekkes med inn i den musikalske dramaturgi ved hjelp av sm\u00e5 og st\u00f8rre tempo-forskyvninger. [Leif Ove Andsnes]<\/p>\n","protected":false},"featured_media":27836,"comment_status":"closed","ping_status":"open","template":"","meta":[],"product_brand":[],"product_cat":[180],"product_tag":[],"class_list":{"0":"post-405","1":"product","2":"type-product","3":"status-publish","4":"has-post-thumbnail","6":"product_cat-simax-classics","7":"product_shipping_class-cddvd-shipping","8":"uni_artist_tag-bergen-philharmonic-orchestra","9":"uni_artist_tag-geirr-tveitt","10":"uni_main_artist_tag-geirr-tveitt","11":"uni_artist_genre-historic-recording","13":"first","14":"instock","15":"taxable","16":"shipping-taxable","17":"purchasable","18":"product-type-simple"},"_links":{"self":[{"href":"https:\/\/grappa.no\/no\/wp-json\/wp\/v2\/product\/405","targetHints":{"allow":["GET"]}}],"collection":[{"href":"https:\/\/grappa.no\/no\/wp-json\/wp\/v2\/product"}],"about":[{"href":"https:\/\/grappa.no\/no\/wp-json\/wp\/v2\/types\/product"}],"replies":[{"embeddable":true,"href":"https:\/\/grappa.no\/no\/wp-json\/wp\/v2\/comments?post=405"}],"wp:featuredmedia":[{"embeddable":true,"href":"https:\/\/grappa.no\/no\/wp-json\/wp\/v2\/media\/27836"}],"wp:attachment":[{"href":"https:\/\/grappa.no\/no\/wp-json\/wp\/v2\/media?parent=405"}],"wp:term":[{"taxonomy":"product_brand","embeddable":true,"href":"https:\/\/grappa.no\/no\/wp-json\/wp\/v2\/product_brand?post=405"},{"taxonomy":"product_cat","embeddable":true,"href":"https:\/\/grappa.no\/no\/wp-json\/wp\/v2\/product_cat?post=405"},{"taxonomy":"product_tag","embeddable":true,"href":"https:\/\/grappa.no\/no\/wp-json\/wp\/v2\/product_tag?post=405"}],"curies":[{"name":"wp","href":"https:\/\/api.w.org\/{rel}","templated":true}]}}