{"id":40499,"date":"2023-06-06T13:31:27","date_gmt":"2023-06-06T12:31:27","guid":{"rendered":"https:\/\/grappa.no\/?post_type=product&#038;p=40499"},"modified":"2023-11-10T09:14:37","modified_gmt":"2023-11-10T08:14:37","slug":"ketil-bjornstad-nightwalker","status":"publish","type":"product","link":"https:\/\/grappa.no\/no\/albums\/grappa\/ketil-bjornstad-nightwalker\/","title":{"rendered":"Ketil Bj\u00f8rnstad &#8211; Nightwalker"},"content":{"rendered":"<p><\/p>\n<div class=\"\">\n<p><strong>NIGHTWALKER er en suite inspirert av Ketil Bj\u00f8rnstad egne erfaringer som \u2018nattevandrer\u2019 &#8230; i naturen, i Oslos bygater eller i musikkens landskap.<\/strong><\/p>\n<\/div>\n<p><!--more--><\/p>\n<p>Som Ketil selv skriver:<br \/>\n\u00abEn nattevandrer kan ha et helt liv i hodet mens han g\u00e5r. Denne suiten er bygget p\u00e5 b\u00e5de dr\u00f8mmer og erfaringer, sinnstilstander som vi alle har, med sine br\u00e5 skiftninger, og ofte med en dramaturgi vi ikke forst\u00e5r, f\u00f8r vi f\u00f8rst i ettertid kan skj\u00f8nne hva som hendte, og hvorfor ting ble som de ble. Hele suiten er skrevet i l\u00f8pet av vinteren, v\u00e5ren og sommeren 2022, det m\u00f8rke \u00e5ret som ingen av oss hadde forutsett.<\/p>\n<p>Allerede f\u00f8r vi flyttet til Frogner Plass i 1967 hadde jeg likt \u00e5 g\u00e5 ute om natten. S\u00e6rlig om h\u00f8sten, n\u00e5r vinden bl\u00e5ste og l\u00f8vet falt fra tr\u00e6rne, men ogs\u00e5 i vinternatten, v\u00e5rnatten og sommernatten, ofte i Oslos gater, eller i n\u00e6rheten av en hytte ved Eftang, et kystparadis mellom Sandefjord og Larvik, der en ung jente som interesserte meg veldig ferierte med sin familie. Knut Hamsun skrev romanen <em>Svermere<\/em>, og selv var jeg vel, som n\u00e5, en svermer som suget inn alle inntrykk fra naturen, der jeg gikk for meg selv og tenkte tanker jeg ikke selv helt kunne begripe. Musikken var dessuten alltid en f\u00f8lgesvenn. Da Frognerparken ble min n\u00e6rmeste nabo i 1967 og i \u00e5rene fremover, gikk jeg mellom Gustav Vigelands skulpturer opp til <em>Monolitten<\/em>, parkens h\u00f8yeste punkt, der menneskekropper hugget i sten kravler oppover, oppover; en videreutvikling av Edvard Munchs <em>Menneskeberget<\/em> som Munch mislikte at kollegaen kopierte. Men der, p\u00e5 toppen av parken, hadde jeg utsikt over byen, Uranienborg-spiret og Ekeberg\u00e5sen. Jeg kunne se ut fjorden til Nesodden og f\u00f8lge lysene fra de siste flyene som skulle lande p\u00e5 Fornebu, den gamle og stemningsfulle flyplassen som hadde rullebanen helt ut i vannet. Hva gjorde jeg der oppe p\u00e5 utsiktspunktet, ofte helt alene? Bare en enslig nattevandrer.<\/p>\n<p>Jeg dr\u00f8mmer ofte at jeg fortsatt g\u00e5r om natten, men mest i musikkens landskap.<\/p>\n<p>Januar 2023 kom. Sneen kom. Catharina gikk ut i hagen v\u00e5r ved Bunnefjorden og fotograferte den unge svarttrosten som satt i frukttreet og enn\u00e5 ikke hadde f\u00e5tt gult nebb. For meg var det en hilsen fra fortiden, fra Brahms, fra Frogner plass og Frognerparken den gangen. Blackbird singing in the dead of night.\u00bb<\/p>\n<p>CD 2 p\u00e5 denne utgivelsen er NIGHTWALKER-suiten spilt p\u00e5 det \u00e6rverdige og klassiske Fender Rhodes-pianoet, sendt gjennom en like klassisk Leslie som gir en sp\u00f8kelsesaktige intensitet og en helt unik atmosf\u00e6re -noe som gir suiten en helt annen stemning.<\/p>\n<p>&nbsp;<\/p>\n<p>&nbsp;<\/p>\n<p><\/p>","protected":false},"excerpt":{"rendered":"<p>NIGHTWALKER er en suite inspirert av Ketil Bj\u00f8rnstad egne erfaringer som \u2018nattevandrer\u2019!<\/p>\n","protected":false},"featured_media":40497,"comment_status":"open","ping_status":"closed","template":"","meta":[],"product_brand":[],"product_cat":[6],"product_tag":[],"class_list":{"0":"post-40499","1":"product","2":"type-product","3":"status-publish","4":"has-post-thumbnail","6":"product_cat-grappa","7":"product_shipping_class-cddvd-shipping","8":"uni_artist_tag-ketil-bjornstad","9":"uni_main_artist_tag-ketil-bjornstad","10":"uni_artist_genre-solo-piano","12":"first","13":"instock","14":"taxable","15":"shipping-taxable","16":"purchasable","17":"product-type-simple"},"_links":{"self":[{"href":"https:\/\/grappa.no\/no\/wp-json\/wp\/v2\/product\/40499","targetHints":{"allow":["GET"]}}],"collection":[{"href":"https:\/\/grappa.no\/no\/wp-json\/wp\/v2\/product"}],"about":[{"href":"https:\/\/grappa.no\/no\/wp-json\/wp\/v2\/types\/product"}],"replies":[{"embeddable":true,"href":"https:\/\/grappa.no\/no\/wp-json\/wp\/v2\/comments?post=40499"}],"wp:featuredmedia":[{"embeddable":true,"href":"https:\/\/grappa.no\/no\/wp-json\/wp\/v2\/media\/40497"}],"wp:attachment":[{"href":"https:\/\/grappa.no\/no\/wp-json\/wp\/v2\/media?parent=40499"}],"wp:term":[{"taxonomy":"product_brand","embeddable":true,"href":"https:\/\/grappa.no\/no\/wp-json\/wp\/v2\/product_brand?post=40499"},{"taxonomy":"product_cat","embeddable":true,"href":"https:\/\/grappa.no\/no\/wp-json\/wp\/v2\/product_cat?post=40499"},{"taxonomy":"product_tag","embeddable":true,"href":"https:\/\/grappa.no\/no\/wp-json\/wp\/v2\/product_tag?post=40499"}],"curies":[{"name":"wp","href":"https:\/\/api.w.org\/{rel}","templated":true}]}}