{"id":40493,"date":"2023-06-02T13:16:11","date_gmt":"2023-06-02T12:16:11","guid":{"rendered":"https:\/\/grappa.no\/?post_type=product&#038;p=40493"},"modified":"2025-01-30T14:13:45","modified_gmt":"2025-01-30T13:13:45","slug":"snu-hver-stein","status":"publish","type":"product","link":"https:\/\/grappa.no\/no\/albums\/heilo\/snu-hver-stein\/","title":{"rendered":"Snu Hver Stein"},"content":{"rendered":"<p><\/p>\n<div class=\"\">\n<p style=\"font-weight: 400;\">Hvorfor finnes det s\u00e5 f\u00e5 kombinasjoner av norsk folkemusikk og elektronisk musikk? Er det fordi den er vanskelig \u00e5 spille eller er kulturene forskjellige? Men de siste \u00e5rene har det skjedd ting, folkemusikken har tatt nye uante former: kanskje det ikke er s\u00e5 langt imellom tradisjonell dans og en kveld p\u00e5 klubb? Men hvordan kan man gj\u00f8re det her uten \u00e5 &#8220;kick the burger&#8221; og ende opp som en parodi p\u00e5 begge sjangere?<\/p>\n<\/div>\n<p><!--more--><\/p>\n<p style=\"font-weight: 400;\">Lien og Center fors\u00f8ker \u00e5 svare p\u00e5 dette sp\u00f8rsm\u00e5let med denne plata; det \u00e5 g\u00e5 til bunns i materialet og \u00e5 <em>snu hver stein <\/em>i jakten p\u00e5 noe felles for begge sjangere. Den hypnotiske pulsen og den mystiske stemningen er felles, det suggererende tempoet ligner og ingen bytter toneart.<\/p>\n<p style=\"font-weight: 400;\">Kenneth har spilt og J\u00f8rgen har h\u00f8sta inn samples av b\u00e5de understrenger og overstrenger, laget klanger og rytmer, og f\u00e5tt sine maskiner til \u00e5 spille springar. Det er lett \u00e5 vanne ut tradisjoner n\u00e5r man bruker elektroniske ting, for teknologien har en tendens til \u00e5 bestemme; det nekter Lien og Center \u00e5 gj\u00f8re, de vil heller forsterke tradisjonene og kanskje legge til rette for noe nytt? S\u00e5 syntene m\u00e5 spille renstemt og trommemaskinene hakke etter. Alle l\u00e5ter og rytmer er tradisjonelle, det er ogs\u00e5 808-trommene og 303-syntene fra house og techno, for dette er kanskje ogs\u00e5 en mer moderne folkemusikk?<\/p>\n<p style=\"font-weight: 400;\">Kenneth Lien er en multiinstrumentalist med r\u00f8tter i black metal og improvisert rock. Han trakterer en rekke folkeinstrumenter som for eksempel fele, hardingfele, seljefl\u00f8yte og ikke minst munnharpe. Han er mest kjent fra trioen \u00c6vestaden men har ogs\u00e5 bemerket seg p\u00e5 kappleikscenen med flere munnharpeseiere.<\/p>\n<p style=\"font-weight: 400;\">J\u00f8rgen Skjulstad er en musiker og DJ som og er ogs\u00e5 kjent som Center of the Universe eller DJ Sissyfus. J\u00f8rgen har gitt ut ca 20 plater under eget navn og bidratt p\u00e5 kanskje noen hundre som remikser og produsent.<\/p>\n<p><\/p>","protected":false},"excerpt":{"rendered":"<p>Kenneth Lien og Center of the Universe med elektronisk folkemusikk!<\/p>\n","protected":false},"featured_media":40495,"comment_status":"open","ping_status":"closed","template":"","meta":[],"product_brand":[],"product_cat":[35],"product_tag":[],"class_list":{"0":"post-40493","1":"product","2":"type-product","3":"status-publish","4":"has-post-thumbnail","6":"product_cat-heilo","7":"product_shipping_class-vinyl-shipping","8":"uni_artist_tag-kenneth-lien","9":"uni_main_artist_tag-center-of-the-universe","10":"uni_artist_genre-electronic","11":"uni_artist_genre-folkemusikk","12":"uni_artist_genre-folktronica","14":"first","15":"outofstock","16":"taxable","17":"shipping-taxable","18":"purchasable","19":"product-type-simple"},"_links":{"self":[{"href":"https:\/\/grappa.no\/no\/wp-json\/wp\/v2\/product\/40493","targetHints":{"allow":["GET"]}}],"collection":[{"href":"https:\/\/grappa.no\/no\/wp-json\/wp\/v2\/product"}],"about":[{"href":"https:\/\/grappa.no\/no\/wp-json\/wp\/v2\/types\/product"}],"replies":[{"embeddable":true,"href":"https:\/\/grappa.no\/no\/wp-json\/wp\/v2\/comments?post=40493"}],"wp:featuredmedia":[{"embeddable":true,"href":"https:\/\/grappa.no\/no\/wp-json\/wp\/v2\/media\/40495"}],"wp:attachment":[{"href":"https:\/\/grappa.no\/no\/wp-json\/wp\/v2\/media?parent=40493"}],"wp:term":[{"taxonomy":"product_brand","embeddable":true,"href":"https:\/\/grappa.no\/no\/wp-json\/wp\/v2\/product_brand?post=40493"},{"taxonomy":"product_cat","embeddable":true,"href":"https:\/\/grappa.no\/no\/wp-json\/wp\/v2\/product_cat?post=40493"},{"taxonomy":"product_tag","embeddable":true,"href":"https:\/\/grappa.no\/no\/wp-json\/wp\/v2\/product_tag?post=40493"}],"curies":[{"name":"wp","href":"https:\/\/api.w.org\/{rel}","templated":true}]}}