{"id":40425,"date":"2023-04-14T08:27:12","date_gmt":"2023-04-14T07:27:12","guid":{"rendered":"https:\/\/grappa.no\/?post_type=product&#038;p=40425"},"modified":"2023-04-27T09:25:48","modified_gmt":"2023-04-27T08:25:48","slug":"unfolded-wings","status":"publish","type":"product","link":"https:\/\/grappa.no\/no\/albums\/blue-mood-records\/unfolded-wings\/","title":{"rendered":"Unfolded Wings"},"content":{"rendered":"<p><\/p>\n<div class=\"\">\n<h6 class=\"text-elements__Title-sc-1il5uxg-0 fsAFgu\">&#8220;Unfolded Wings&#8221; fra Johanna Demker er et statement, et comeback og en introduksjon p\u00e5 samme tid.<\/h6>\n<\/div>\n<p><!--more--><\/p>\n<p class=\"body\" style=\"margin: 0cm 0cm 12.0pt 0cm;\">Albumet inneholder 9 l\u00e5ter av forskjellig karakter, som sammen lager et helst\u00f8pt album som samler bredden i Johannas forskjellige uttrykk.\u00a0Sist Johanna ga ut et album p\u00e5 engelsk i eget navn var i 2011 (Madness) og siden da har hun skrevet musikk p\u00e5 morsm\u00e5let svensk og jobbet med Americana-duoen Trudy &amp; Dave, sammen med Alf Bretteville. Johanna har alltid sagt at hun ikke er opptatt av genre, men av god musikk. N\u00e5r det er sagt plasseres hun oftest i country-americana-genren, da utgangspunktet for influensene kommer fra et amerikansk rotuttrykk. Samtidig har hun et svensk pop-gen i blodet, oppvokst blant svenske folketoner og popul\u00e6rmusikk. Herfra kan vi spore en bl\u00e5 nerve som g\u00e5r igjen i mange av sangene hennes. Tekstene er n\u00e6re, og omhandler relasjoner og menneskenes problemstillinger. Visjonen for denne platen, har v\u00e6rt \u00e5 f\u00e5 frem sangene og stemmen til Johanna, og la arrangementet bygge opp under det.\u00a0Resultatet er et tidl\u00f8st kvalitetsprodukt. Albumet er et statement, et comeback og en introduksjon p\u00e5 samme tid, og viser hvordan hun har modnet som l\u00e5tskriver over tid.<\/p>\n<p>","protected":false},"excerpt":{"rendered":"<p>&#8220;Unfolded Wings&#8221; fra Johanna Demker er et statement, et comeback og en introduksjon p\u00e5 samme tid.<\/p>\n","protected":false},"featured_media":40426,"comment_status":"closed","ping_status":"closed","template":"","meta":[],"product_brand":[],"product_cat":[51],"product_tag":[],"class_list":{"0":"post-40425","1":"product","2":"type-product","3":"status-publish","4":"has-post-thumbnail","6":"product_cat-blue-mood-records","7":"product_shipping_class-cddvd-shipping","8":"uni_artist_tag-johanna-demker","9":"uni_main_artist_tag-johanna-demker","10":"uni_artist_genre-americana","11":"uni_artist_genre-country","12":"uni_artist_genre-nordicana","14":"first","15":"instock","16":"taxable","17":"shipping-taxable","18":"purchasable","19":"product-type-simple"},"_links":{"self":[{"href":"https:\/\/grappa.no\/no\/wp-json\/wp\/v2\/product\/40425","targetHints":{"allow":["GET"]}}],"collection":[{"href":"https:\/\/grappa.no\/no\/wp-json\/wp\/v2\/product"}],"about":[{"href":"https:\/\/grappa.no\/no\/wp-json\/wp\/v2\/types\/product"}],"replies":[{"embeddable":true,"href":"https:\/\/grappa.no\/no\/wp-json\/wp\/v2\/comments?post=40425"}],"wp:featuredmedia":[{"embeddable":true,"href":"https:\/\/grappa.no\/no\/wp-json\/wp\/v2\/media\/40426"}],"wp:attachment":[{"href":"https:\/\/grappa.no\/no\/wp-json\/wp\/v2\/media?parent=40425"}],"wp:term":[{"taxonomy":"product_brand","embeddable":true,"href":"https:\/\/grappa.no\/no\/wp-json\/wp\/v2\/product_brand?post=40425"},{"taxonomy":"product_cat","embeddable":true,"href":"https:\/\/grappa.no\/no\/wp-json\/wp\/v2\/product_cat?post=40425"},{"taxonomy":"product_tag","embeddable":true,"href":"https:\/\/grappa.no\/no\/wp-json\/wp\/v2\/product_tag?post=40425"}],"curies":[{"name":"wp","href":"https:\/\/api.w.org\/{rel}","templated":true}]}}