{"id":40423,"date":"2023-04-21T12:49:35","date_gmt":"2023-04-21T11:49:35","guid":{"rendered":"https:\/\/grappa.no\/?post_type=product&#038;p=40423"},"modified":"2023-04-26T12:58:44","modified_gmt":"2023-04-26T11:58:44","slug":"5-stages-of-grief-kopi","status":"publish","type":"product","link":"https:\/\/grappa.no\/no\/albums\/simax-classics\/5-stages-of-grief-kopi\/","title":{"rendered":"5 Stages of Grief"},"content":{"rendered":"<p><\/p>\n<div class=\"\">\n<p><strong>Kristina V\u00e5rlids nye album &#8220;5 Stages of Grief&#8221; er en r\u00f8rende hyllest til den talentfulle serbiske gitaristen Sabrina Vlaskalic, som dessverre gikk bort i en alder av 29 \u00e5r. Som tidligere elev og n\u00e6r venn har V\u00e5rlid kanalisert sorgen sin gjennom ulike stykker som utforsker sorgens emosjonelle reise gjennom musikken. Albumet baserer seg p\u00e5 den rike tradisjonen innenfor klassisk gitar, og inneholder verk av kjente komponister som \u0160t\u011bp\u00e1n Rak, Nikita Koshkin, T\u014dru Takemitsu, P\u0113teris Vasks og Georg Schmitz, hver med sitt unike perspektiv p\u00e5 sorgprosessen.<\/strong><\/p>\n<\/div>\n<p><!--more--><\/p>\n<p><span data-contrast=\"none\">Albumet er basert p\u00e5 teorien om de fem stadiene av sorgprosessen som best\u00e5r av benektelse, sinne, forhandlinger, depresjon og aksept.<\/span><span data-contrast=\"none\">\u00a0Teorien presenteres i en rekke begravelsesoder og marsjer, men ogs\u00e5 i barokkiske tombeaus og romantiske elegier, samt i stykkene som Kristina presenterer p\u00e5 dette albumet:<\/span><\/p>\n<p>Den tsjekkiske komponisten og gitaristen\u00a0\u0160t\u011bp\u00e1n Rak (f. 1945) skrev\u00a0<em>Tombeau for Sabrina<\/em>\u00a0s\u00e5\u00a0fort han\u00a0mottok den tragiske nyheten. I det som i hovedsak er en elegisk sang utviklet fra et arpeggio-akkompagnement, akkumulerer i et melodisk og dramatisk h\u00f8ydepunkt, for \u00e5 s\u00e5 roe seg ned i en nedadg\u00e5ende kromatisk bevegelse.<br \/>\nNikita Koshkins (f. 1956)\u00a0<em>Sonata nr. 2<\/em>\u00a0er et<span class=\"ContentPasted4\">\u00a0intenst verk som i l\u00f8pet av tre satser tar deg med p\u00e5 en reise gjennom m\u00f8rkets desperasjon,\u00a0<\/span>hikstende minner og mektig kamplyst.<br \/>\nDet er knapt mulig \u00e5 forestille seg to komponister som er mer ulike enn Koshkin og den japanske komponisten\u00a0T\u014dru Takemitsu (1930-1996). Mens Koshkin er dramatisk, uopph\u00f8rlig og pulserende, handler Takemitsus musikk om \u00e5 ta tiden til hjelp.\u00a0<em>In the Woods<\/em>\u00a0er et subtilt og meditativt stykke og var Takemitsus siste verk, skrevet da han l\u00e5 p\u00e5 d\u00f8dsleie.<br \/>\nDen latviske komponisten\u00a0P\u0113teris Vasks (f. 1946) skrev\u00a0<em>Sonata of Loneliness<\/em>\u00a0i 1990 for \u00e5 uttrykke sorgen han f\u00f8lte etter \u00e5 ha mistet s\u00f8steren sin. I dette verket har alle tre satsene et alvorlig og smertefullt aspekt. Kristina\u00a0forteller selv at hun opplever at f\u00f8rste sats\u00a0gir\u00a0et preg av uutholdelig stillhet og manisk fortvilelse; andre sats uttrykker sinne og brutale rop; i tredje sats kommer den virkelig hjerteskj\u00e6rende sorgen med skrikende gr\u00e5t av smerte.<br \/>\nDet tyske komponisten og gitaristen Georg Schmitz (1958-) sitt verk\u00a0<em>Last Encores<\/em>, har blitt hans mest kjente gitar-verk. De fire satsene\u00a0gjennomsyres av en m\u00f8rk og rik klang som gir en f\u00f8lelse av endelig resignasjon.<\/p>\n<p><em>5 Stages of Grief<\/em>\u00a0er et dypt personlig og emosjonelt album som viser frem V\u00e5rlids utrolige talent som gitarist og hennes evne til \u00e5 uttrykke komplekse og intense f\u00f8lelser av sorg gjennom musikken.\u00a0M\u00e5tte denne musikken\u00a0gi tr\u00f8st til alle som hadde gleden av \u00e5 bli kjent med Sabrinas kunst.<\/p>\n<p><\/p>","protected":false},"excerpt":{"rendered":"<p>Kristina V\u00e5rlid gir ut album til minne om Sabrina Vlaskalic<\/p>\n","protected":false},"featured_media":40410,"comment_status":"closed","ping_status":"closed","template":"","meta":[],"product_brand":[],"product_cat":[180],"product_tag":[],"class_list":{"0":"post-40423","1":"product","2":"type-product","3":"status-publish","4":"has-post-thumbnail","6":"product_cat-simax-classics","7":"product_shipping_class-cddvd-shipping","8":"uni_artist_tag-kristina-varlid","9":"uni_main_artist_tag-kristina-varlid","11":"first","12":"instock","13":"taxable","14":"shipping-taxable","15":"purchasable","16":"product-type-simple"},"_links":{"self":[{"href":"https:\/\/grappa.no\/no\/wp-json\/wp\/v2\/product\/40423","targetHints":{"allow":["GET"]}}],"collection":[{"href":"https:\/\/grappa.no\/no\/wp-json\/wp\/v2\/product"}],"about":[{"href":"https:\/\/grappa.no\/no\/wp-json\/wp\/v2\/types\/product"}],"replies":[{"embeddable":true,"href":"https:\/\/grappa.no\/no\/wp-json\/wp\/v2\/comments?post=40423"}],"wp:featuredmedia":[{"embeddable":true,"href":"https:\/\/grappa.no\/no\/wp-json\/wp\/v2\/media\/40410"}],"wp:attachment":[{"href":"https:\/\/grappa.no\/no\/wp-json\/wp\/v2\/media?parent=40423"}],"wp:term":[{"taxonomy":"product_brand","embeddable":true,"href":"https:\/\/grappa.no\/no\/wp-json\/wp\/v2\/product_brand?post=40423"},{"taxonomy":"product_cat","embeddable":true,"href":"https:\/\/grappa.no\/no\/wp-json\/wp\/v2\/product_cat?post=40423"},{"taxonomy":"product_tag","embeddable":true,"href":"https:\/\/grappa.no\/no\/wp-json\/wp\/v2\/product_tag?post=40423"}],"curies":[{"name":"wp","href":"https:\/\/api.w.org\/{rel}","templated":true}]}}