{"id":40421,"date":"2023-05-05T00:01:38","date_gmt":"2023-05-04T23:01:38","guid":{"rendered":"https:\/\/grappa.no\/?post_type=product&#038;p=40421"},"modified":"2023-04-26T12:49:01","modified_gmt":"2023-04-26T11:49:01","slug":"rita-strohl-cesar-franck-sonatas-for-cello-piano-kopi","status":"publish","type":"product","link":"https:\/\/grappa.no\/no\/albums\/simax-classics\/rita-strohl-cesar-franck-sonatas-for-cello-piano-kopi\/","title":{"rendered":"Rita Strohl \/ C\u00e9sar Franck &#8211; Sonatas for cello &#038; piano"},"content":{"rendered":"<p><\/p>\n<div class=\"\">\n<p><span class=\"TextRun MacChromeBold SCXW231216862 BCX0\" lang=\"NB-NO\" xml:lang=\"NB-NO\" data-contrast=\"none\"><span class=\"NormalTextRun SCXW231216862 BCX0\">Cellisten Sandra Lied Haga st\u00e5r p\u00e5 terskelen til en stor solistkarriere og har vunnet flere h\u00f8ythengende internasjonale og nasjonale priser, blant annet <\/span><span class=\"SpellingError SCXW231216862 BCX0\">Equinors<\/span><span class=\"NormalTextRun SCXW231216862 BCX0\"> prestisjetunge klassiske musikkpris. Sandras rike, vakre klang og enest\u00e5ende talent har fanget oppmerksomhet verden over. Etter sitt debutalbum, som h\u00f8stet fantastiske internasjonale anmeldelser og ble nominert til Spellemannprisen, er hun n\u00e5 klar med en ny utgivelse. Denne gang har hun valgt et helfransk repertoar, med verker av komponistene Rita <\/span><span class=\"SpellingError SCXW231216862 BCX0\">Strohl<\/span><span class=\"NormalTextRun SCXW231216862 BCX0\"> og <\/span><span class=\"SpellingError SCXW231216862 BCX0\">C\u00e9sar<\/span><span class=\"NormalTextRun SCXW231216862 BCX0\"> Franck, sammen med prisvinnende pianist <\/span><span class=\"SpellingError SCXW231216862 BCX0\">Katya<\/span> <span class=\"SpellingError SCXW231216862 BCX0\">Apekisheva<\/span><span class=\"NormalTextRun SCXW231216862 BCX0\">.<\/span><\/span><span class=\"TextRun SCXW231216862 BCX0\" lang=\"NB-NO\" xml:lang=\"NB-NO\" data-contrast=\"none\"><span class=\"NormalTextRun SCXW231216862 BCX0\">\u00a0<\/span><\/span><\/p>\n<\/div>\n<p><!--more--><\/p>\n<p><span data-contrast=\"none\">Lied Haga og Apekisheva presenterer to formidable cellosonater. C\u00e9sar Franck (1822-1890) komponerte sin fiolinsonate (senere ogs\u00e5 utgitt som cellosonate) da hfaan var 63 \u00e5r gammel (1886). Sonaten er et av hans mest kjente verk. Franck var blant de fremste romantiske komponistene i Frankrike, og markerte seg med sin fordypning i instrumentalmusikk, i en tid der opera var dominerende. Orgelet var hans instrument og arbeidsplass, noe som ga musikken et opph\u00f8yet og overjordisk preg. <\/span><span data-contrast=\"none\">For Lied Haga er Francks sonate det ultimate mesterverk for cello og klaver.\u00a0\u00a0<\/span><span data-ccp-props=\"{&quot;201341983&quot;:0,&quot;335551550&quot;:6,&quot;335551620&quot;:6,&quot;335559739&quot;:160,&quot;335559740&quot;:276}\">\u00a0<\/span><\/p>\n<p><span data-contrast=\"none\">Komponisten og pianisten Rita Strohl (1865-1941) er mer ukjent. De siste \u00e5rene har musikken hennes imidlertid f\u00e5tt \u00f8kt interesse. Strohl var en h\u00f8yt ansett komponist i sin samtid, og komponerte kammermusikk, symfoniske og lyriske verk, samt en rekke romanser. Sandra ble umiddelbart bergtatt da hun i 2019, ved en tilfeldighet, oppdaget den storsl\u00e5tte cellosonaten. Verket, som bygger p\u00e5 historien om Titus og B\u00e8r\u00e8nice, er romantisk dramatisk, og sv\u00e6rt utfordrende \u00e5 spille, da det spenner over hele celloens store register.\u00a0<\/span><span data-ccp-props=\"{&quot;201341983&quot;:0,&quot;335551550&quot;:6,&quot;335551620&quot;:6,&quot;335559739&quot;:160,&quot;335559740&quot;:276}\">\u00a0<\/span><\/p>\n<p><span data-contrast=\"none\">Dessverre levde fortidens kvinnelige komponister, som Clara Schumann og Fanny Mendelssohn, i skyggen av sine ektemenn og br\u00f8dre. Musikkhistorien har i enda st\u00f8rre grad viet Rita Strohl, som var uten kjente mannlige komponister i sin familie, for lite oppmerksomhet. Med denne innspillingen \u00f8nsker Sandra Lied Haga \u00e5 l\u00f8fte frem Rita Strohl som komponist, og gi henne den anerkjennelsen hun fortjener.<\/span><span data-ccp-props=\"{&quot;201341983&quot;:0,&quot;335551550&quot;:6,&quot;335551620&quot;:6,&quot;335559739&quot;:160,&quot;335559740&quot;:276}\">\u00a0<\/span><\/p>\n<p><\/p>","protected":false},"excerpt":{"rendered":"<h3><span class=\"TextRun MacChromeBold SCXW182855622 BCX0\" lang=\"NB-NO\" xml:lang=\"NB-NO\" data-contrast=\"none\"><span class=\"NormalTextRun SCXW182855622 BCX0\">Gripende musikk fra 1800-tallets Frankrike med Sandra Lied Haga og <\/span><span class=\"SpellingError SCXW182855622 BCX0\">Katya<\/span> <span class=\"SpellingError SCXW182855622 BCX0\">Apekisheva<\/span><\/span><span class=\"TextRun SCXW182855622 BCX0\" lang=\"NB-NO\" xml:lang=\"NB-NO\" data-contrast=\"none\"><span class=\"NormalTextRun SCXW182855622 BCX0\">\u00a0<\/span><\/span><\/h3>\n","protected":false},"featured_media":40348,"comment_status":"closed","ping_status":"closed","template":"","meta":[],"product_brand":[],"product_cat":[180],"product_tag":[],"class_list":{"0":"post-40421","1":"product","2":"type-product","3":"status-publish","4":"has-post-thumbnail","6":"product_cat-simax-classics","7":"product_shipping_class-cddvd-shipping","8":"uni_artist_tag-katya-apekisheva","9":"uni_artist_tag-sandra-lied-haga","10":"uni_main_artist_tag-sandra-lied-haga-katya-apekisheva","11":"uni_artist_genre-cello","12":"uni_artist_genre-classical","13":"uni_artist_genre-klassisk","14":"uni_artist_genre-romatikk","16":"first","17":"instock","18":"taxable","19":"shipping-taxable","20":"purchasable","21":"product-type-simple"},"_links":{"self":[{"href":"https:\/\/grappa.no\/no\/wp-json\/wp\/v2\/product\/40421","targetHints":{"allow":["GET"]}}],"collection":[{"href":"https:\/\/grappa.no\/no\/wp-json\/wp\/v2\/product"}],"about":[{"href":"https:\/\/grappa.no\/no\/wp-json\/wp\/v2\/types\/product"}],"replies":[{"embeddable":true,"href":"https:\/\/grappa.no\/no\/wp-json\/wp\/v2\/comments?post=40421"}],"wp:featuredmedia":[{"embeddable":true,"href":"https:\/\/grappa.no\/no\/wp-json\/wp\/v2\/media\/40348"}],"wp:attachment":[{"href":"https:\/\/grappa.no\/no\/wp-json\/wp\/v2\/media?parent=40421"}],"wp:term":[{"taxonomy":"product_brand","embeddable":true,"href":"https:\/\/grappa.no\/no\/wp-json\/wp\/v2\/product_brand?post=40421"},{"taxonomy":"product_cat","embeddable":true,"href":"https:\/\/grappa.no\/no\/wp-json\/wp\/v2\/product_cat?post=40421"},{"taxonomy":"product_tag","embeddable":true,"href":"https:\/\/grappa.no\/no\/wp-json\/wp\/v2\/product_tag?post=40421"}],"curies":[{"name":"wp","href":"https:\/\/api.w.org\/{rel}","templated":true}]}}