{"id":40413,"date":"2023-04-21T10:39:35","date_gmt":"2023-04-21T09:39:35","guid":{"rendered":"https:\/\/grappa.no\/?post_type=product&#038;p=40413"},"modified":"2023-05-03T12:37:32","modified_gmt":"2023-05-03T11:37:32","slug":"solvstrok","status":"publish","type":"product","link":"https:\/\/grappa.no\/no\/albums\/heilo\/solvstrok\/","title":{"rendered":"S\u00f8lvstr\u00f8k"},"content":{"rendered":"<p><\/p>\n<div class=\"\">\n<p><strong>Slagkraftig og vakker folkemusikk med et stjernespekket kammerorkester!<\/strong><\/p>\n<\/div>\n<p><!--more--><\/p>\n<p>Spellemann-nominerte Sarah-Jane Summers &amp; Juhani Silvola har satt sammen sitt eget kammerorkester, best\u00e5ende av et stjernelag med norske folke-, klassisk- og jazz-musikere. Orkesteret ble d\u00f8pt S\u00f8lvstr\u00f8k, og skaper en slagkraftig, nyanserik og livlig sound som kler duoens sjangeroverskridende musikk utmerket.<\/p>\n<p>Hvert av albumets 10 spor tar utgangspunkt i en sl\u00e5ttemelodi (5 egenkomponerte, 5 tradisjonelle), som Summers &amp; Silvola rekomponerte og utvidet til raffinerte og integrerte strykearrangementer, der den skotske &amp; norske folkemusikkens rytmiske driv og s\u00e6regne melodikk settes i en klassisk kammermusikk-kontekst, og fargelegges med impulser fra samtidsmusikken.<\/p>\n<p>Hele spekteret av f\u00f8lelser er til stede i det cinematiske lydildet som snakker til kroppen, intellektet og sjelen. Platen \u00e5pnes med <strong>Tune For Alistair, <\/strong>som illustrerer dagen til en energisk to-\u00e5ring. <strong>Number 81<\/strong> er en 400 \u00e5r gammel barokk-techno banger, mens <strong>Christmas Day I Da Mornin <\/strong>er en julemeditasjon fra Shetland. <strong>Owerset<\/strong>, b\u00e5de i trio og orkesterutgave, er en skotsk ril spilt som en norsk pols, med en utvidet samtidsmusikkseksjon som runder av orkesterversjonen. <strong>Morning Prayer <\/strong>er en stille b\u00f8nn midt i livets n\u00e5del\u00f8se gang. <strong>Donald Morison <\/strong>og<strong> Miss Mary MacDonald<\/strong> er drivende danser, og den sistnevnte gjenbruker \u00e5pningstaktene fra Mozarts 25. symfoni.<strong> Call &amp; Response<\/strong> er inspirert av den unike salmetradisjonen fra Hebridene, en \u00f8ygruppe flittig bes\u00f8kt av vikingene, der mange norske stedsnavn og ord fortsatt er i daglig bruk. Til slutt, spilles <strong>In Dispraise Of Whisky <\/strong>med en energi som ikke antydes av den sobre tittelen!<\/p>\n<p><em>\u00abJeg har alltid dr\u00f8mt om \u00e5 \u00absuper-size\u00bb musikken v\u00e5r for kammerorkester, og n\u00e5r jeg var h\u00f8ygravid gikk vi for \u00e5 h\u00f8re p\u00e5 Oslo Kammerorkester. Etter konserten sa jeg at jeg ville skrive for dem, og vi gjorde akkurat det. Vi spilte denne musikken p\u00e5 Oslo World 2020, og for en glede det var! Etter det ble vi kontaktet av\u00a0F\u00f8rdefestivalen\u00a0som foreslo at vi skulle sette sammen v\u00e5r eget dreamteam-kammerorkester til 2021-festivalen, og det er s\u00e5nn S\u00f8lvstr\u00f8k ble f\u00f8dt.&#8221; &#8211; Sarah-Jane Summers<\/em><\/p>\n<p>Sarah-Jane Summers &amp; Juhani Silvola er en internasjonalt kritikerrost duo, med tre album k\u00e5ret til \u00abTop of the World\u00bb fra magasinet Songlines. I 2022 ble de nominert til Spellemann i kategorien tradisjonsmusikk for albumet \u00abThe Smoky Smirr O Rain\u00bb. Sarah-Jane Summers er en av Skottlands fremste felespillere og er en tradisjonsb\u00e6rer av felestilen fra det skotske h\u00f8ylandet. Hun har en master i norsk folkemusikk fra NMH og har gitt ut en rekke kritikerroste soloalbum med b\u00e5de tradisjonell og improvisert musikk, samt spilt med bl.a. Susanna Wallumr\u00f8d, Benedicte Maurseth, Highasakite, Julie Fowlis og GRIT Orchestra. I tillegg til \u00e5 v\u00e6re en ettertraktet og allsidig gitarist, er Juhani Silvola b\u00e5de en anerkjent komponist av elektroakustisk samtidsmusikk og en plateprodusent, og spiller med bl.a. Frode Haltlis Avant Folk, Susanna Wallumr\u00f8d og Torgeir Vassvik.<\/p>\n<p>","protected":false},"excerpt":{"rendered":"<div class=\"\">\n<pre class=\"text-elements__Title-sc-1il5uxg-0 fsAFgu\"><\/pre>\n<\/div>\n<p><strong>Slagkraftig og vakker folkemusikk med et stjernespekket kammerorkester!<\/strong><\/p>\n","protected":false},"featured_media":40414,"comment_status":"closed","ping_status":"closed","template":"","meta":[],"product_brand":[],"product_cat":[35],"product_tag":[7800],"class_list":{"0":"post-40413","1":"product","2":"type-product","3":"status-publish","4":"has-post-thumbnail","6":"product_cat-heilo","7":"product_tag-folkemusikk","8":"product_shipping_class-cddvd-shipping","9":"uni_artist_tag-juhani-silvola","10":"uni_artist_tag-sarah-jane-summers","11":"uni_artist_tag-solvstrok","12":"uni_main_artist_tag-sarah-jane-summers-juhani-silvola-solvstrok","13":"uni_artist_genre-chamber-music","14":"uni_artist_genre-folk-music","15":"uni_artist_genre-folkemusikk","17":"first","18":"instock","19":"taxable","20":"shipping-taxable","21":"purchasable","22":"product-type-simple"},"_links":{"self":[{"href":"https:\/\/grappa.no\/no\/wp-json\/wp\/v2\/product\/40413","targetHints":{"allow":["GET"]}}],"collection":[{"href":"https:\/\/grappa.no\/no\/wp-json\/wp\/v2\/product"}],"about":[{"href":"https:\/\/grappa.no\/no\/wp-json\/wp\/v2\/types\/product"}],"replies":[{"embeddable":true,"href":"https:\/\/grappa.no\/no\/wp-json\/wp\/v2\/comments?post=40413"}],"wp:featuredmedia":[{"embeddable":true,"href":"https:\/\/grappa.no\/no\/wp-json\/wp\/v2\/media\/40414"}],"wp:attachment":[{"href":"https:\/\/grappa.no\/no\/wp-json\/wp\/v2\/media?parent=40413"}],"wp:term":[{"taxonomy":"product_brand","embeddable":true,"href":"https:\/\/grappa.no\/no\/wp-json\/wp\/v2\/product_brand?post=40413"},{"taxonomy":"product_cat","embeddable":true,"href":"https:\/\/grappa.no\/no\/wp-json\/wp\/v2\/product_cat?post=40413"},{"taxonomy":"product_tag","embeddable":true,"href":"https:\/\/grappa.no\/no\/wp-json\/wp\/v2\/product_tag?post=40413"}],"curies":[{"name":"wp","href":"https:\/\/api.w.org\/{rel}","templated":true}]}}