{"id":404,"date":"2008-04-14T00:00:00","date_gmt":"2008-04-13T23:00:00","guid":{"rendered":"http:\/\/www.grappa.no\/albums\/uncategorized\/knut-skram-concert-recordings\/"},"modified":"2019-02-22T15:49:05","modified_gmt":"2019-02-22T14:49:05","slug":"knut-skram-concert-recordings","status":"publish","type":"product","link":"https:\/\/grappa.no\/no\/albums\/simax-classics\/knut-skram-concert-recordings\/","title":{"rendered":"Knut Skram \u2013 Concert Recordings"},"content":{"rendered":"<p><\/p>\n<p>Knut Skram \u2013 norges fremste baryton gjennom en mannsalder<\/p>\n<p>Norges fremste operasanger, barytonen Knut Skram, er et fenomen. Han sunget i mer 50 av sine 70 leve\u00e5r. Han er applaudert p\u00e5 store operascener over hele verden og har sunget med Kiri te Kanawa og Pl\u00e1cido Domingo. N\u00e5 lanserer han albumet \u201dConcert recordings\u201d, med noen av de aller beste opptakene gjennom rike kunstner\u00e5r. Barytonen gav sin &amp;quot;avskjedsforestilling&amp;quot; p\u00e5 Den Norske Opera i 2000. Men synger gj\u00f8r han fortsatt!<\/p>\n<p>Her foreligger en plate med fantastiske konsertopptak fra hele hans karriere, med en rekke fremragende orkestre og dirigenter. Vi h\u00f8rer Knut Skram i de store rollene i operaer av Verdi, Mozart og Wagner \u2013 samt en uforglemmelig Schumann &#8216;Dichterliebe&#8217; sammen med Robert Levin i Aulaen.<\/p>\n<p>\u201cGrand Seigneur\u201d [Opernwelt etter Skram&#8217;s Vanderer i Siegfried]<\/p>\n<p>The entire performance has been dominated by Knut Skram who brought a fantastic Jago. He has a powerful an smooth baritone and his perfomance was one of the inteligent and fascinating kind. [De Standard, Verdi: Otello De Vlaamse Opera 1993]<\/p>\n<p>The performance of Mozart&#8217;s \u2018Le Nozze di Figaro\u2019 at Glyndebourne on Saturday evening was dominated both vocally and dramatically by Knut Skram. [Daily Telegraph 1976]<\/p>\n<p>Mr. Skram has been the linchpin of this production since it was new, and his Figaor is a classic. [Spectator 1976]<\/p>\n<p>Dagens eneste og mest takknemlige overraskelse var Knut Skrams sterkt utvidede tolkning av naturbarnet Papageno \u2013 en prestasjon i h\u00f8y internasjonal klasse, virtuos og festlig oppfinnsom. (har fjernsynet enn\u00e5 ikke prestert ham som plystre- og hvislekunstner?) [Aftenposten 1976]<\/p>\n<p><!--more--><\/p>\n<p>Knut Skrams navn er synonymt med \u2018Opera!\u2019 for det norske folk. Med sin flotte stemme og sterke scenepersonligheten har v\u00e6rt operaens fremste ambassad\u00f8r i en mannsalder. Den folkekj\u00e6re barytonen har nettopp rundet 70 \u00e5r og er sentral b\u00e5de foran og bak kulissene n\u00e5 n\u00e5r Norges nye operahus st\u00e5r klart, f\u00f8rst n\u00e5 i \u2018Operafest\u2019. Her foreligger en plate med fantastiske konsertopptak fra hele hans karriere.<\/p>\n<h4>Internasjonal stjerne<\/h4>\n<p>I 1973 gjorde han stor suksess p\u00e5 scenen i Glyndebourne, som Figaro sammen med den da relativt ukjente Kiri te Kanawa. Etterhvert kom alle de store baryton-rollene, blant mange h\u00f8ydepunkter var Tosca i 1989 med Pl\u00e1cido Domingo  som Cavaradossi. Knut Skram har hatt Den Norske Opera som sin base, men har arbeidet over s\u00e5 godt som hele verden, med oppsetninger i Japan, i Moskva, i Teatro Col\u00f3n i Buenos Aires, i Libya, Israel, Pretoria og Johannesburg, i tillegg, selvf\u00f8lgelig, til alle musikkmetropolene. P\u00e5 1980- og 90-tallet begynte stemmen hans \u00e5 endre karakter og bli mer dramatisk, og det f\u00f8rte til stadig flere roller innen helte-barytonfaget \u2013 spesielt Wagner og Strauss p\u00e5 de st\u00f8rste scenene. I 1990 ble Knut Skram den f\u00f8rste norske sanger som opptr\u00e5dte p\u00e5 Arena di Verona, som Scarpia i Tosca. Etter forestillingen reiste 20.000 tilh\u00f8rere seg og ropte \u00abScarpia \u2013 Skaramma! Scarpia \u2013 Skaramma!\u00bb<\/p>\n<h4>Ber\u00f8mte opera-arier<\/h4>\n<p>Knut Skram har plukket ut de mest ber\u00f8mte og popul\u00e6re opera-arier og Lieder til albumet \u201dConcert recordings\u201d. Vi f\u00e5r h\u00f8re den folkekj\u00e6re norske mestersangeren i Giuseppe Verdis Maskeballet, Skjebnens makt, Rigoletto og i duett med Inga Nielsen fra La Traviata. Skram fremf\u00f8rer Richard Wagners ber\u00f8mte arie &quot;O, du mein holder Abendstern&quot; fra Tannh\u00e4user og Wolfgang Amadeus Mozarts like kjente &quot;Der Vogelf\u00e4nger bin ich ja&quot; fra Tryllefl\u00f8yten. Da Skram sang Robert Schumanns Dichterliebe i 1979 satt Robert Levin ved flygelet. Dette opptaket er ogs\u00e5 med p\u00e5 &quot;Concert Recordings&quot;.<\/p>\n<h4>Mer opera!<\/h4>\n<p>I februar 2008 debuterte Skram i en liten rolle ved Teatro Liceu i Barcelona. Med sin bakgrunn som sanger og arkitekt var Skram et verdifullt medlem i operahusjuryen i Oslo, og han er med i forestillingen \u2018Operafest\u2019 ved v\u00e5r nye opera i Bj\u00f8rvika i slutten av april.  Skram st\u00e5r p\u00e5 samme scene sesongen 2009\/10 ved urpremieren p\u00e5 Gisle Kverndokks \u201dJorden rundt p\u00e5 80 dager\u201d.<\/p>\n<p><\/p>","protected":false},"excerpt":{"rendered":"<p>What first and foremost made him stand out was his superb articulation, his identification with his role characters, his sense of style and his willingness to scale down the volume. At pianissimo he produced soft beautiful tones and a perfect legato. In the long scene from the second act of La traviata he gives ample proof of all these characteristics, inspired no doubt also by the sensitive and involved Violetta of the late lamented Inga Nielsen. There are few more moving readings in my vast collection and Skram\u2019s development from stern brutality to sympathy is well portrayed.  A worthy tribute to an eminent singer &#8230;  [Goran Forsling\/MusicWeb]<\/p>\n","protected":false},"featured_media":27835,"comment_status":"closed","ping_status":"open","template":"","meta":[],"product_brand":[],"product_cat":[180],"product_tag":[],"class_list":{"0":"post-404","1":"product","2":"type-product","3":"status-publish","4":"has-post-thumbnail","6":"product_cat-simax-classics","7":"product_shipping_class-cddvd-shipping","8":"uni_artist_tag-antonio-papano","9":"uni_artist_tag-erik-gard-amundsen","10":"uni_artist_tag-finnish-radio-orchestra","11":"uni_artist_tag-giuseppe-verdi-1813-1901","12":"uni_artist_tag-inga-nielsen","13":"uni_artist_tag-knut-skram","14":"uni_artist_tag-norwegian-opera-orchestra","15":"uni_artist_tag-okku-kamo","16":"uni_artist_tag-oslo-philharmonic-orchestra","17":"uni_artist_tag-per-ake-anderson","18":"uni_artist_tag-richard-wagner-1813-1883","19":"uni_artist_tag-robert-levin","20":"uni_artist_tag-robert-schumann-1810-1856","21":"uni_artist_tag-royal-philharmonic-orchestra","22":"uni_artist_tag-simone-young","23":"uni_artist_tag-wolfgang-amadeus-mozart-1756-1791","24":"uni_main_artist_tag-knut-skram","25":"uni_artist_genre-classical","26":"uni_artist_genre-collection","27":"uni_artist_genre-opera","29":"first","30":"instock","31":"taxable","32":"shipping-taxable","33":"purchasable","34":"product-type-simple"},"_links":{"self":[{"href":"https:\/\/grappa.no\/no\/wp-json\/wp\/v2\/product\/404","targetHints":{"allow":["GET"]}}],"collection":[{"href":"https:\/\/grappa.no\/no\/wp-json\/wp\/v2\/product"}],"about":[{"href":"https:\/\/grappa.no\/no\/wp-json\/wp\/v2\/types\/product"}],"replies":[{"embeddable":true,"href":"https:\/\/grappa.no\/no\/wp-json\/wp\/v2\/comments?post=404"}],"wp:featuredmedia":[{"embeddable":true,"href":"https:\/\/grappa.no\/no\/wp-json\/wp\/v2\/media\/27835"}],"wp:attachment":[{"href":"https:\/\/grappa.no\/no\/wp-json\/wp\/v2\/media?parent=404"}],"wp:term":[{"taxonomy":"product_brand","embeddable":true,"href":"https:\/\/grappa.no\/no\/wp-json\/wp\/v2\/product_brand?post=404"},{"taxonomy":"product_cat","embeddable":true,"href":"https:\/\/grappa.no\/no\/wp-json\/wp\/v2\/product_cat?post=404"},{"taxonomy":"product_tag","embeddable":true,"href":"https:\/\/grappa.no\/no\/wp-json\/wp\/v2\/product_tag?post=404"}],"curies":[{"name":"wp","href":"https:\/\/api.w.org\/{rel}","templated":true}]}}