{"id":40354,"date":"2023-03-24T14:00:31","date_gmt":"2023-03-24T13:00:31","guid":{"rendered":"https:\/\/grappa.no\/?post_type=product&#038;p=40354"},"modified":"2023-03-30T14:24:23","modified_gmt":"2023-03-30T13:24:23","slug":"regndrapeborna","status":"publish","type":"product","link":"https:\/\/grappa.no\/no\/albums\/heilo\/regndrapeborna\/","title":{"rendered":"Regndr\u00e5peborna"},"content":{"rendered":"<p><\/p>\n<div class=\"\">\n<pre class=\"text-elements__Title-sc-1il5uxg-0 fsAFgu\"><span style=\"font-family: 'Arial',sans-serif; color: black;\">Sigrid Moldestad &amp; Regndr\u00e5peorkesteret er ute med barneplate! Bruheim sine barnedikt f\u00e5r nytt liv p\u00e5 \"Regndr\u00e5peborna\"<\/span><\/pre>\n<\/div>\n<p><!--more--><\/p>\n<p>Kanskje noko av det skumleste eg har gjort, seier Sigrid Moldestad om barneplata \u201cRegndr\u00e5peborna\u201d. Etter 6 soloalbum med eigne tekster og l\u00e5tar, med tradisjonsmusikk og diverse tonesettingar, har ho no laga eit\u00a0barnealbum\u00a0med 13 nye songer. Alle basert p\u00e5 barnedikta etter diktaren Jan-Magnus Bruheim.<\/p>\n<p>Musikarne i Regndr\u00e5peorkesteret; Sondre Meisfjord,\u00a0 J\u00f8rgen Sandvik og K\u00e5re Opheim skulle vere kjend i mange kretsar og spelar i fleire ulike genre. N\u00e5r dei no har leika seg saman i Duper studio i Bergen med Yngve Leidulv S\u00e6tre (produsent)\u00a0 og Iver Sand\u00f8y (lyd\/miks) er resultatet nettopp det; &#8211; ein musikalsk genreleik med dikt som ofte talar like mykje til voksne som barn.<\/p>\n<p>\u2013 Det har vore veldig befriande \u00e5 skrive desse songane. Eg har heile tida hatt fokus p\u00e5 at eg ville fors\u00f8ke \u00e5 skrive s\u00e5 bra musikk som mogleg til disse fine dikta og historiene. Dei inviterar til det. Bruheim si verd er full av leik, fantasi og empati. Musikalsk har det vore befriande \u00e5 kunne dra litt p\u00e5 og leike med ekstra store penslar\u201d, seier Moldestad, og fortsetter:<\/p>\n<p>\u2013 Det er kanskje det som skiller dette fr\u00e5 det eg har gjort f\u00f8r. Det har vore ekstra fint \u00e5 ta fram dei sidene for alle oss som er med.<\/p>\n<p>Prosjektet startet som konserten \u201cRegndr\u00e5peborna og andre dyr\u201d, en bestillingskonsert under F\u00f8rdefestivalen 2022 i samarbeid med Falturiltu og Vossajazz.<\/p>\n<p>Diktaren\u00a0Jan-Magnus Bruheim\u00a0(1914-1988) har mange eit kj\u00e6rt forhold til. Hele livet skreiv han parallelt for b\u00e5de barn og voksne. Den f\u00f8rste barnediktboka kom ut i 1956,\u00a0 den siste i 1986, to \u00e5r f\u00f8r han d\u00f8ydde.\u00a0 No kjem 13 av desse dikta for fyrste gong som songer.<\/p>\n<p>Moldestad er slett ikke ukjend med Bruheim. I samband med 100 \u00e5rs-jubileumet for diktaren i 2014, skreiv ho musikk til en rekke vakre kj\u00e6rleiksdikt med albumet \u201cBrevet til kj\u00e6rleiken\u201d.\u00a0 Det fikk str\u00e5lande kritikker og vart k\u00e5ra til \u201c\u00e5rets album\u201d i NRK\u00b4s Norsk p\u00e5 Norsk.<\/p>\n<p>\u2013 Det var egentlig d\u00e5 eg jobba med denne at eg oppdaga alle dei fine barnedikta hans,\u00a0 og eg har vel tenkt p\u00e5 dei sidan. At dei burde f\u00e5 sitt eige prosjekt ein dag. Vi gler oss til \u00e5 spille konserter for store og sm\u00e5 rundt omkring i det ganske land, sier Moldestad.<\/p>\n<p>F\u00f8rst ut er plateslippkonsert p\u00e5 Vossajazz Laurdag 1. April.<\/p>\n<p><strong>Sigrid Moldestad<\/strong>\u00a0er fr\u00e5 Breim i Nordfjord, men bur i Bergen. Ho har gitt ut 6 soloalbum. Det siste, \u201cTonen i meg\u201d kom i 2021.\u00a0\u201cEt str\u00e5lende album\u201d\u00a0skrev Puls, Arild R\u00f8nsen.\u00a0\u201cJeg finner ingenting \u00e5 sette fingeren p\u00e5\u201d.\u00a0\u00a0Skriv tekster og musikk i tillegg til sitt arbeid med tradisjonsmusikk. Har 2 Spellemannspriser bak seg, ( 2005 og 2007) og turnerar stadig med eige band i ulike og andre samarbeidskonstellasjoner. Er utdanna folkemusiker og spelar fele og hardingfele i tillegg til \u00e5 synge. K\u00e5ra til \u00c5rets Folkemusiker i 2010 og har mottatt en rekke andre priser.\u00a0S\u00e6rlig kjent for sanger som S\u00e5 tag mitt hjerte, Eg vil vere her og Vise til Far. Er for tida aktuell som skuespiller p\u00e5 Det Vestnorske Teater i forestillingen \u201cHeimatt\u201d, som g\u00e5r tom 29.03.<\/p>\n<p><strong>Sondre Meisfjord<\/strong><strong>:<\/strong>\u00a0Bassist fr\u00e5 Frei p\u00e5 Nordm\u00f8re. Jazzmusiker utdanna ved jazzlinja i Trondheim.\u00a0Kjend fr\u00e5 fleire sentrale grupper og prosjekt som Come Shine, Gjermund Larsen Trio, Erlend Viken Trio, Kari Bremnes band m.fl<\/p>\n<p><strong>K\u00e5re Opheim:<\/strong>\u00a0trommer. Fr\u00e5 Voss og kjend fr\u00e5 fleire band; Real Ones, Karl Seglem Band, Sigrid Moldestad m.fl<\/p>\n<p><strong>J\u00f8rgen Sandvik:<\/strong>\u00a0Gitarist fr\u00e5 Bergen, busett p\u00e5 Stord. Spelar mange ulike strengeinstrument i tillegg til \u00e5 synge. Fekk Spellemannsprisen 2018 for si soloplate i klassen for Blues. Kjend fr\u00e5 band som Real Ones, Sigrid Moldestad band, ulike samarbeidsprosjekt.<\/p>\n<p>Tekster\u00a0av Jan-Magnus Bruheim (1914 -1988)<\/p>\n<p>Musikk\u00a0av Sigrid Moldestad<\/p>\n<p>Produsert:\u00a0Yngve L. S\u00e6tre<\/p>\n<p>Lyd\/Miks:\u00a0Iver Sand\u00f8y\u00a0og Yngve L. S\u00e6thre<\/p>\n<div>Mastering: Iver Sand\u00f8y<\/div>\n<p>","protected":false},"excerpt":{"rendered":"<div class=\"\">\n<pre class=\"text-elements__Title-sc-1il5uxg-0 fsAFgu\"><span style=\"font-family: 'Arial',sans-serif; color: black;\">Sigrid Moldestad &amp; Regndr\u00e5peorkesteret er ute med barneplate! Bruheim sine barnedikt f\u00e5r nytt liv p\u00e5 \"Regndr\u00e5peborna\"<\/span><\/pre>\n<\/div>\n<p>&nbsp;<\/p>\n","protected":false},"featured_media":40355,"comment_status":"closed","ping_status":"closed","template":"","meta":[],"product_brand":[],"product_cat":[35],"product_tag":[],"class_list":{"0":"post-40354","1":"product","2":"type-product","3":"status-publish","4":"has-post-thumbnail","6":"product_cat-heilo","7":"product_shipping_class-cddvd-shipping","8":"uni_artist_tag-sigrid-moldestad","9":"uni_main_artist_tag-sigrid-moldestad","10":"uni_artist_genre-children","11":"uni_artist_genre-folk","12":"uni_artist_genre-folk-music","13":"uni_artist_genre-singer-songwriter","15":"first","16":"instock","17":"taxable","18":"shipping-taxable","19":"purchasable","20":"product-type-simple"},"_links":{"self":[{"href":"https:\/\/grappa.no\/no\/wp-json\/wp\/v2\/product\/40354","targetHints":{"allow":["GET"]}}],"collection":[{"href":"https:\/\/grappa.no\/no\/wp-json\/wp\/v2\/product"}],"about":[{"href":"https:\/\/grappa.no\/no\/wp-json\/wp\/v2\/types\/product"}],"replies":[{"embeddable":true,"href":"https:\/\/grappa.no\/no\/wp-json\/wp\/v2\/comments?post=40354"}],"wp:featuredmedia":[{"embeddable":true,"href":"https:\/\/grappa.no\/no\/wp-json\/wp\/v2\/media\/40355"}],"wp:attachment":[{"href":"https:\/\/grappa.no\/no\/wp-json\/wp\/v2\/media?parent=40354"}],"wp:term":[{"taxonomy":"product_brand","embeddable":true,"href":"https:\/\/grappa.no\/no\/wp-json\/wp\/v2\/product_brand?post=40354"},{"taxonomy":"product_cat","embeddable":true,"href":"https:\/\/grappa.no\/no\/wp-json\/wp\/v2\/product_cat?post=40354"},{"taxonomy":"product_tag","embeddable":true,"href":"https:\/\/grappa.no\/no\/wp-json\/wp\/v2\/product_tag?post=40354"}],"curies":[{"name":"wp","href":"https:\/\/api.w.org\/{rel}","templated":true}]}}