{"id":40323,"date":"2023-03-24T07:00:24","date_gmt":"2023-03-24T06:00:24","guid":{"rendered":"https:\/\/grappa.no\/?post_type=product&#038;p=40323"},"modified":"2024-03-04T13:06:58","modified_gmt":"2024-03-04T12:06:58","slug":"beethoven-haydn-det-norske-blaseensemble-christian-ihle-hadland-eivind-aadland","status":"publish","type":"product","link":"https:\/\/grappa.no\/no\/albums\/simax-classics\/beethoven-haydn-det-norske-blaseensemble-christian-ihle-hadland-eivind-aadland\/","title":{"rendered":"Beethoven\/Haydn: Det Norske Bl\u00e5seensemble, Christian Ihle Hadland, Eivind Aadland"},"content":{"rendered":"<p><\/p>\n<div class=\"\">\n<p><span class=\"TextRun SCXW180805733 BCX0\" lang=\"NB-NO\" xml:lang=\"NB-NO\" data-contrast=\"none\"><span class=\"NormalTextRun SCXW180805733 BCX0\">Etter flere krevende \u00e5r, preget av pandemi og hardt politisk klima, har vi heldigvis <\/span><span class=\"NormalTextRun SCXW180805733 BCX0\">musikalske skatter vi kan grave opp igjen<\/span><span class=\"NormalTextRun SCXW180805733 BCX0\">. Akkurat dette har <\/span><span class=\"NormalTextRun SCXW180805733 BCX0\">Det Norske Bl\u00e5seensemble <\/span><span class=\"NormalTextRun SCXW180805733 BCX0\">gjort<\/span><span class=\"NormalTextRun SCXW180805733 BCX0\">. D<\/span><span class=\"NormalTextRun SCXW180805733 BCX0\">enne <\/span><span class=\"NormalTextRun SCXW180805733 BCX0\">v\u00e5ren <\/span><span class=\"NormalTextRun SCXW180805733 BCX0\">presentere<\/span><span class=\"NormalTextRun SCXW180805733 BCX0\">r de<\/span><span class=\"NormalTextRun SCXW180805733 BCX0\"> to mesterlige stykker musikk<\/span><span class=\"NormalTextRun SCXW180805733 BCX0\">,<\/span><span class=\"NormalTextRun SCXW180805733 BCX0\"> som fortjener en interessert lytter sin fulle oppmerksomhet<\/span><span class=\"NormalTextRun SCXW180805733 BCX0\">.\u00a0<\/span><\/span><span class=\"EOP SCXW180805733 BCX0\" data-ccp-props=\"{&quot;201341983&quot;:0,&quot;335559739&quot;:160,&quot;335559740&quot;:240}\">\u00a0<\/span><\/p>\n<\/div>\n<p><!--more--><\/p>\n<p><span data-contrast=\"none\">Ved 1800-tallets spede begynnelse var verden et urolig sted \u00e5 v\u00e6re. Napoleon Bonaparte etablerer seg som en maktperson i et turbulent Europa. Det er da Beethovens tredje klaverkonsert blir skapt. Midt inne i en tid med usikkerhet og stadige skiftninger i politikk, samfunnsliv og kultur. Det er da vi m\u00e5 lytte til hvilke signaler musikken gir, gjerne ispedd en solid porsjon n\u00e5tid.<\/span><span data-ccp-props=\"{&quot;201341983&quot;:0,&quot;335559739&quot;:160,&quot;335559740&quot;:240}\">\u00a0<\/span><\/p>\n<p><span data-contrast=\"none\">Det Norske Bl\u00e5seensemble er stolte over \u00e5 ha f\u00e5tt med seg Christian Ihle Hadland som solist p\u00e5 Beethovens tredje pianokonsert. Sin f\u00f8rste pianotime hadde Christian for dr\u00f8yt tretti \u00e5r siden. Historieb\u00f8kene forteller oss om en pianist med en anselig internasjonal og nasjonal karriere, gjennom tre ti\u00e5r i stadig rivende utvikling. Christian kjennetegnes ved sin herlige lekenhet, elegante timing og en perfeksjonistisk innstilling til de verkene han fremf\u00f8rer. Christian Ihle Hadland og Det Norske Bl\u00e5seensemble blir rett og slett gullringforlovet i en salig halvtime med Beethoven.<\/span><span data-ccp-props=\"{&quot;201341983&quot;:0,&quot;335559739&quot;:160,&quot;335559740&quot;:240}\">\u00a0<\/span><\/p>\n<p><span data-contrast=\"none\">Franz Joseph Haydn sin symfoni nummer 44 ble omtalt som \u00abSorgsymfonien\u00bb av komponisten selv, da den tidlig var tiltenkt hans begravelse. Det Norske Bl\u00e5seensemble tar denne symfonien til nye h\u00f8yder i 2022 \u2013 ikke minst skyldes dette dirigent Eivind Aadland, som fjellst\u00f8tt gir b\u00e5de Beethoven og Haydn nytt driv i sin praktfulle orkesterledelse. Eivind har spilt med de st\u00f8rste, for de st\u00f8rste og har en mangfoldig karriere b\u00e5de i inn- og utland. Det Norske Bl\u00e5seensemble gir alltid det lille ekstra n\u00e5r Eivind erobrer taktstokken.<\/span><span data-ccp-props=\"{&quot;201341983&quot;:0,&quot;335559739&quot;:160,&quot;335559740&quot;:240}\">\u00a0<\/span><\/p>\n<p><span data-contrast=\"none\">Haydn sine fire satser er s\u00e5 ulike, men likevel s\u00e5 aktuelle. Det Norske Bl\u00e5seensemble setter her for alvor standarden, for disse tonene er ikke til \u00e5 misforst\u00e5. Det er intenst, og dette vekker oppsikt. Musikken er lett melodi\u00f8st, men de dystre undertonene slipper ikke taket. Dette kunne for all del v\u00e6rt n\u00e5tids filmmusikk s\u00e5 det skaper utvilsomt nysgjerrighet. Det er mer lekent f\u00f8r det smeller til og setter standarden.<\/span><span data-ccp-props=\"{&quot;201341983&quot;:0,&quot;335559739&quot;:160,&quot;335559740&quot;:240}\">\u00a0<\/span><\/p>\n<p><span data-contrast=\"none\">Det Norske Bl\u00e5seensemble er entusiastiske formidlere av v\u00e5r felles musikktradisjon. P\u00e5 denne utgivelsen har arrang\u00f8r Stian Aareskjold fremhevet ensemblet sine s\u00e6regenheter og styrker p\u00e5 en fremragende m\u00e5te. Stian studerte ved Norges Musikkh\u00f8gskole og har v\u00e6rt ansatt i Det Norske Bl\u00e5seensemble siden 2004. Han er ogs\u00e5 tilknyttet Det Norske Kammerorkesteret, Londons velkjente barokkorkester \u00abThe English Concert\u00bb og flere norske barokkensembler.<\/span><span data-ccp-props=\"{&quot;201341983&quot;:0,&quot;335559739&quot;:160,&quot;335559740&quot;:240}\">\u00a0<\/span><\/p>\n<p><\/p>","protected":false},"excerpt":{"rendered":"<h3>Det Norske Bl\u00e5seensemble tar Beethoven og Haydn til nye h\u00f8yder<\/h3>\n","protected":false},"featured_media":40324,"comment_status":"closed","ping_status":"closed","template":"","meta":[],"product_brand":[],"product_cat":[180],"product_tag":[],"class_list":{"0":"post-40323","1":"product","2":"type-product","3":"status-publish","4":"has-post-thumbnail","6":"product_cat-simax-classics","7":"product_shipping_class-cddvd-shipping","8":"uni_artist_tag-christian-ihle-hadland","9":"uni_artist_tag-det-norske-blaseensemble","10":"uni_artist_tag-eivind-aadland","11":"uni_main_artist_tag-det-norske-blaseensemble","12":"uni_artist_genre-klassisk","13":"uni_artist_genre-wienerklassisismen","15":"first","16":"instock","17":"taxable","18":"shipping-taxable","19":"purchasable","20":"product-type-simple"},"_links":{"self":[{"href":"https:\/\/grappa.no\/no\/wp-json\/wp\/v2\/product\/40323","targetHints":{"allow":["GET"]}}],"collection":[{"href":"https:\/\/grappa.no\/no\/wp-json\/wp\/v2\/product"}],"about":[{"href":"https:\/\/grappa.no\/no\/wp-json\/wp\/v2\/types\/product"}],"replies":[{"embeddable":true,"href":"https:\/\/grappa.no\/no\/wp-json\/wp\/v2\/comments?post=40323"}],"wp:featuredmedia":[{"embeddable":true,"href":"https:\/\/grappa.no\/no\/wp-json\/wp\/v2\/media\/40324"}],"wp:attachment":[{"href":"https:\/\/grappa.no\/no\/wp-json\/wp\/v2\/media?parent=40323"}],"wp:term":[{"taxonomy":"product_brand","embeddable":true,"href":"https:\/\/grappa.no\/no\/wp-json\/wp\/v2\/product_brand?post=40323"},{"taxonomy":"product_cat","embeddable":true,"href":"https:\/\/grappa.no\/no\/wp-json\/wp\/v2\/product_cat?post=40323"},{"taxonomy":"product_tag","embeddable":true,"href":"https:\/\/grappa.no\/no\/wp-json\/wp\/v2\/product_tag?post=40323"}],"curies":[{"name":"wp","href":"https:\/\/api.w.org\/{rel}","templated":true}]}}