{"id":403,"date":"2003-06-10T00:00:00","date_gmt":"2003-06-09T23:00:00","guid":{"rendered":"http:\/\/www.grappa.no\/albums\/uncategorized\/aase-nordmo-lovberg\/"},"modified":"2023-12-11T10:09:23","modified_gmt":"2023-12-11T09:09:23","slug":"aase-nordmo-lovberg","status":"publish","type":"product","link":"https:\/\/grappa.no\/no\/albums\/simax-classics\/aase-nordmo-lovberg\/","title":{"rendered":"Aase Nordmo L\u00f8vberg"},"content":{"rendered":"<p><\/p>\n<p>Aase Nordmo L\u00f8vberg feires!<\/p>\n<p>F\u00e5 norske sangere er blitt satt pris p\u00e5 av det norske folk i den grad som \u00c5se Nordmo L\u00f8vberg har blitt det. Det var viktig for henne \u00e5 bringe musikken ogs\u00e5 til det publikum som ikke var i umiddelbar n\u00e6rhet av konsert- og operahus. Mellom store oppsetninger og konserter i utlandet brukte hun derfor enhver anledning til \u00e5 dra konsertturn\u00e9 hjemme i Norge, land og strand rundt i kirker og forsamlingshus. Ogs\u00e5 gjennom radio har hun n\u00e5dd ut til folk, blant annet som et av de hyppigste \u00f8nskene i \u00d8nskekonsertens historie. Aase fra Nordmo i M\u00e5lselv la b\u00e5de publikum og kritikere for sine f\u00f8tter. Hun ble raskt hentet til Stockholm, og som fast medlem av solistensemblet fra 1954 til 1969, sammen med bl.a. Jussi Bj\u00f8rling, Birgit Nilsson, Nicolai Gedda og Set Svanholm, var hun med p\u00e5 det som kalles \u2018gullalderen\u2019 ved Stockholmsoperaen.<\/p>\n<p><!--more--><\/p>\n<p>\u2013 denne debutanten har allerede de kort p\u00e5 h\u00e5nden som kan skape det ualminnelige.<\/p>\n<h4><\/h4>\n<p>Finn Ludt anmeldte Aase Nordmo L\u00f8vbergs debutkonsert i Oslo 1948. Han fikk rett p\u00e5 mange m\u00e5ter. Allerede debutkonserten fikk slik oppmerksomhet at den m\u00e5tte gjentas \u2013 to ganger. Aase fra Nordmo i M\u00e5lselv la b\u00e5de publikum og kritikere for sine f\u00f8tter. Hun ble raskt hentet til Stockholm, og som fast medlem av solistensemblet fra 1954 til 1969, sammen med bl.a. Jussi Bj\u00f8rling, Birgit Nilsson, Nicolai Gedda og Set Svanholm, var hun med p\u00e5 det som kalles \u2018gullalderen\u2019 ved Stockholmsoperaen. Kritikerne var fra seg av begeistring, for eksempel etter Tosca i 1956: \u2013 Aase Nordmos Leonora var n\u00e4rmast i m\u00e4sterklass och bra lik Tebaldi. [&#8230;] Hennes Leonora \u00e4r perfekt i koloraturen och den rika st\u00e4mmen klinger med grann och sk\u00f6n mognad i alla l\u00e4gen och passager. Hun \u00e4r p\u00e5 v\u00e4g mot v\u00e4rldsber\u00f6mmelsen. Synd f\u00f6r v\u00e5r Opera!<\/p>\n<h4><\/h4>\n<p>\u00c5ret etter debuterte ganske riktig Nordmo L\u00f8vberg p\u00e5 Staatsoper i Wien, engasjert av Herbert von Karajan. En plateinnspilling med Griegs Haugtussa hadde gjort den store maestro oppmerksom p\u00e5 Aase. Samme \u00e5r kom debuten i USA med Eugene Ormandy og Philadelphia Orchestra, og fra 1959 ble hun engasjert i fire sesonger ved Metropolitan Opera House, New York, i rollene Leonore (Beethoven), Elsa, Sieglinde og Eva (Wagner). Ogs\u00e5 i Bayreuth m\u00e5tte man selvf\u00f8lgelig ha Aase, og under Wagner-festspillene i 1960 gjorde hun stor suksess.<\/p>\n<h4><\/h4>\n<p>Som en hyllest til Aase Nordmo L\u00f8vbergs livsverk i musikkens tjeneste markerer vi hennes 80-\u00e5rs dag 10. juni 2003 med \u00e5 bringe gamle og nye tilh\u00f8rere glitrende eksempler fra hele hennes karriere. I samarbeid med NRK Arkiv og EMI har vi funnet frem og restaurert opptak fra 1949 og fram til 1977, med mye fantastisk materiale som aldri har v\u00e6rt tilgjengelig p\u00e5 CD tidligere.<\/p>\n<p><\/p>","protected":false},"excerpt":{"rendered":"<p>F\u00e5 norske sangere er blitt satt pris p\u00e5 av det norske folk i den grad som \u00c5se Nordmo L\u00f8vberg.<\/p>\n","protected":false},"featured_media":27834,"comment_status":"closed","ping_status":"closed","template":"","meta":[],"product_brand":[],"product_cat":[180],"product_tag":[],"class_list":{"0":"post-403","1":"product","2":"type-product","3":"status-publish","4":"has-post-thumbnail","6":"product_cat-simax-classics","7":"product_shipping_class-cddvd-shipping","8":"uni_artist_tag-aase-nordmo-lovberg","9":"uni_artist_tag-oslo-philharmonic-orchestra","10":"uni_artist_tag-oivin-fjeldstad","11":"uni_artist_tag-richard-strauss","12":"uni_artist_tag-richard-wagner","13":"uni_artist_tag-wolfgang-amadeus-mozart","14":"uni_main_artist_tag-aase-nordmo-lovberg","15":"uni_artist_genre-classical","16":"uni_artist_genre-historic-recording","17":"uni_artist_genre-opera","18":"uni_artist_genre-song-with-orchestra","20":"first","21":"outofstock","22":"taxable","23":"shipping-taxable","24":"purchasable","25":"product-type-simple"},"_links":{"self":[{"href":"https:\/\/grappa.no\/no\/wp-json\/wp\/v2\/product\/403","targetHints":{"allow":["GET"]}}],"collection":[{"href":"https:\/\/grappa.no\/no\/wp-json\/wp\/v2\/product"}],"about":[{"href":"https:\/\/grappa.no\/no\/wp-json\/wp\/v2\/types\/product"}],"replies":[{"embeddable":true,"href":"https:\/\/grappa.no\/no\/wp-json\/wp\/v2\/comments?post=403"}],"wp:featuredmedia":[{"embeddable":true,"href":"https:\/\/grappa.no\/no\/wp-json\/wp\/v2\/media\/27834"}],"wp:attachment":[{"href":"https:\/\/grappa.no\/no\/wp-json\/wp\/v2\/media?parent=403"}],"wp:term":[{"taxonomy":"product_brand","embeddable":true,"href":"https:\/\/grappa.no\/no\/wp-json\/wp\/v2\/product_brand?post=403"},{"taxonomy":"product_cat","embeddable":true,"href":"https:\/\/grappa.no\/no\/wp-json\/wp\/v2\/product_cat?post=403"},{"taxonomy":"product_tag","embeddable":true,"href":"https:\/\/grappa.no\/no\/wp-json\/wp\/v2\/product_tag?post=403"}],"curies":[{"name":"wp","href":"https:\/\/api.w.org\/{rel}","templated":true}]}}