{"id":40287,"date":"2023-02-24T12:36:21","date_gmt":"2023-02-24T11:36:21","guid":{"rendered":"https:\/\/grappa.no\/?post_type=product&#038;p=40287"},"modified":"2023-03-03T11:13:09","modified_gmt":"2023-03-03T10:13:09","slug":"slattar-fra-kvam-ulvik-eidfjord-og-ullensvang-3cd-bok","status":"publish","type":"product","link":"https:\/\/grappa.no\/no\/albums\/heilo\/slattar-fra-kvam-ulvik-eidfjord-og-ullensvang-3cd-bok\/","title":{"rendered":"Sl\u00e5ttar fr\u00e5 Kvam, Ulvik, Eidfjord og Ullensvang (3CD + BOK)"},"content":{"rendered":"<p><\/p>\n<p><span data-contrast=\"none\">I 2018 kom samlinga<\/span><i><span data-contrast=\"none\"> Sl<\/span><\/i><i><span data-contrast=\"none\">\u00e5<\/span><\/i><i><span data-contrast=\"none\">ttar fr\u00e5 <\/span><\/i><i><span data-contrast=\"none\">Granvin <\/span><\/i><span data-contrast=\"none\">der Knut Hamre spelte inn n<\/span><span data-contrast=\"none\">\u00e6rmare hundre sl\u00e5<\/span><span data-contrast=\"none\">ttar<\/span><span data-contrast=\"none\"> fr\u00e5 heimbygda si. No kjem oppf<\/span><span data-contrast=\"none\">\u00f8<\/span><span data-contrast=\"none\">lgjaren med resten av repertoaret fr\u00e5 Hardanger: <\/span><i><span data-contrast=\"none\">Sl<\/span><\/i><i><span data-contrast=\"none\">\u00e5<\/span><\/i><i><span data-contrast=\"none\">ttar fr\u00e5 Kvam, Ulvik, Eidfjord og Ullensvang. <\/span><\/i><span data-contrast=\"none\">Utgjevinga inneheld innspelingar av 95 sl<\/span><span data-contrast=\"none\">\u00e5<\/span><span data-contrast=\"none\">ttar samt tilh<\/span><span data-contrast=\"none\">\u00f8<\/span><span data-contrast=\"none\">yrande bok.<\/span> <span data-contrast=\"none\">S<\/span><span data-contrast=\"none\">\u00e5<\/span><span data-contrast=\"none\">leis er<\/span> <span data-contrast=\"none\">er alt av sl<\/span><span data-contrast=\"none\">\u00e5<\/span><span data-contrast=\"none\">ttemateriale i Hardanger spela inn p\u00e5 <\/span><span data-contrast=\"none\">plater, n\u00e6<\/span><span data-contrast=\"none\">rmare 200 sl<\/span><span data-contrast=\"none\">\u00e5<\/span><span data-contrast=\"none\">ttar totalt med begge utgivelsane. Eit unikt oppslagsverk samla i to praktb<\/span><span data-contrast=\"none\">\u00f8<\/span><span data-contrast=\"none\">ker med fyldige biografiske omtalar av felespelarar, einest<\/span><span data-contrast=\"none\">\u00e5<\/span><span data-contrast=\"none\">ande sl<\/span><span data-contrast=\"none\">\u00e5<\/span><span data-contrast=\"none\">tteomtalar og unike bilete fr\u00e5 felespelarane sine innhaldsrike liv.\u00a0<\/span><span data-ccp-props=\"{&quot;201341983&quot;:0,&quot;335559738&quot;:0,&quot;335559740&quot;:240}\">\u00a0<\/span><span data-ccp-props=\"{&quot;201341983&quot;:0,&quot;335559738&quot;:0,&quot;335559740&quot;:240}\">\u00a0<\/span><\/p>\n<p><span data-contrast=\"none\">Ut<\/span><span data-contrast=\"none\">\u00f8<\/span><span data-contrast=\"none\">varane denne gongen er Annlaug B<\/span><span data-contrast=\"none\">\u00f8<\/span><span data-contrast=\"none\">rsheim, Benedicte Maurset<\/span><span data-contrast=\"none\">h, Knut Hamre og Lajla Buer Storli.<\/span><span data-ccp-props=\"{&quot;201341983&quot;:0,&quot;335559738&quot;:0,&quot;335559740&quot;:240}\">\u00a0<\/span><\/p>\n<p><!--more--><\/p>\n<p><span data-contrast=\"none\">Hardanger er ein av dei rikaste tradisjonsomr<\/span><span data-contrast=\"none\">\u00e5<\/span><span data-contrast=\"none\">da innan folkemusikk i Norge. Fr\u00e5 <\/span><span data-contrast=\"none\">dei f<\/span><span data-contrast=\"none\">\u00f8<\/span><span data-contrast=\"none\">rste spelarane me h<\/span><span data-contrast=\"none\">\u00f8yrer <\/span><span data-contrast=\"none\">om attende p\u00e5 1600-talet og fram til i dag, har hardingfela<\/span><span data-contrast=\"none\"> og sl\u00e5<\/span><span data-contrast=\"none\">ttane vore ein naturleg del av kvardag<\/span><span data-contrast=\"none\">sliv, fest og h\u00f8gtider<\/span><span data-contrast=\"none\">. Mange av sl<\/span><span data-contrast=\"none\">\u00e5<\/span><span data-contrast=\"none\">ttane p\u00e5 denne utgjevinga er gamle, kjende og mykje brukte, men ut<\/span><span data-contrast=\"none\">\u00f8<\/span><span data-contrast=\"none\">varane har \u00f2g henta fram mange ukjende sl<\/span><span data-contrast=\"none\">\u00e5<\/span><span data-contrast=\"none\">ttar fr<\/span><span data-contrast=\"none\">\u00e5<\/span><span data-contrast=\"none\"> gamle opptak og notar og fleire av dei har ikkje vore bruka p\u00e5 hundre <\/span><span data-contrast=\"none\">\u00e5<\/span><span data-contrast=\"none\">r.<\/span><span data-ccp-props=\"{&quot;201341983&quot;:0,&quot;335559738&quot;:0,&quot;335559740&quot;:240}\">\u00a0<\/span><\/p>\n<p><span data-contrast=\"none\">Uttrykket i repertoaret ber preg av mange ulike spelarar opp gjennom tidene, fr\u00e5 <\/span><span data-contrast=\"none\">korte suggererande og sangbare dansesl\u00e5<\/span><span data-contrast=\"none\">ttar fr\u00e5 1800-talet til Halldor M<\/span><span data-contrast=\"none\">\u00e6<\/span><span data-contrast=\"none\">lands konsertrepertoar p<\/span><span data-contrast=\"none\">\u00e5 1900-talet.<\/span><span data-ccp-props=\"{&quot;201341983&quot;:0,&quot;335559738&quot;:0,&quot;335559740&quot;:240}\">\u00a0<\/span><\/p>\n<p><b><span data-contrast=\"none\">Knut Hamre (1953)<\/span><\/b><span data-ccp-props=\"{&quot;201341983&quot;:0,&quot;335559738&quot;:0,&quot;335559740&quot;:240}\"><br \/>\n<\/span><span data-contrast=\"none\">Hardingfelespelar fr\u00e5 Granvin som har arbeidd som pedagog, fylkesmusikar, frilans musikar i inn- og utland og er ein av v<\/span><span data-contrast=\"none\">\u00e5<\/span><span data-contrast=\"none\">re fremste felespelarar her til lands. Knut er ein nestor for hardingfelemusikken i Hardanger og har vore den naturlege l<\/span><span data-contrast=\"none\">\u00e6<\/span><span data-contrast=\"none\">remeisteren for dei fleste fr\u00e5 Hardanger i mange <\/span><span data-contrast=\"none\">\u00e5<\/span><span data-contrast=\"none\">r. Mange av elevane hans er i dag ut<\/span><span data-contrast=\"none\">\u00f8<\/span><span data-contrast=\"none\">varar p\u00e5 <\/span><span data-contrast=\"none\">eit h<\/span><span data-contrast=\"none\">\u00f8<\/span><span data-contrast=\"none\">gt niv<\/span><span data-contrast=\"none\">\u00e5<\/span><span data-contrast=\"none\">, og har hardingfela og musikken som levebr<\/span><span data-contrast=\"none\">\u00f8<\/span><span data-contrast=\"none\">d. Knut har vunne landskappleiken sju gonger og motteke ei rekke prisar og utmerkelsar for musikken og spelet sitt. Diskografien <\/span><span data-contrast=\"none\">hans er lang, fr<\/span><span data-contrast=\"none\">\u00e5 den fyrste soloplata hans <\/span><i><span data-contrast=\"none\">N<\/span><\/i><i><span data-contrast=\"none\">\u00f8<\/span><\/i><i><span data-contrast=\"none\">ringen <\/span><\/i><span data-contrast=\"none\">(1982) til verket <\/span><i><span data-contrast=\"none\">Sl<\/span><\/i><i><span data-contrast=\"none\">\u00e5<\/span><\/i><i><span data-contrast=\"none\">ttar fr\u00e5 <\/span><\/i><i><span data-contrast=\"none\">Granvin <\/span><\/i><span data-contrast=\"none\">(2018). Den siste plata best<\/span><span data-contrast=\"none\">\u00e5<\/span><span data-contrast=\"none\">r av 97 innspelte sl<\/span><span data-contrast=\"none\">\u00e5<\/span><span data-contrast=\"none\">ttar fordelt p\u00e5 <\/span><span data-contrast=\"none\">4 CD<\/span><span data-contrast=\"none\">\u2019<\/span><span data-contrast=\"none\">ar og med ei tilh<\/span><span data-contrast=\"none\">\u00f8<\/span><span data-contrast=\"none\">yrande bok p\u00e5 150 sider. I 2017 vart han utnevnt til kommand<\/span><span data-contrast=\"none\">\u00f8<\/span><span data-contrast=\"none\">r av\u202f<\/span><a href=\"https:\/\/no.wikipedia.org\/wiki\/St._Olavs_Orden\"><span data-contrast=\"none\">St. Olavs Orden<\/span><\/a><span data-contrast=\"none\">\u202f\u00ab<\/span><span data-contrast=\"none\">for den framst<\/span><span data-contrast=\"none\">\u00e5<\/span><span data-contrast=\"none\">ande innsatsen hans for norsk folkemusikk.<\/span><span data-contrast=\"none\">\u00bb<\/span><span data-ccp-props=\"{&quot;201341983&quot;:0,&quot;335559738&quot;:0,&quot;335559739&quot;:20,&quot;335559740&quot;:240}\">\u00a0<\/span><\/p>\n<p><b><span data-contrast=\"none\">Lajla Renate Buer Storli (1979)<\/span><\/b><span data-ccp-props=\"{&quot;201341983&quot;:0,&quot;335559738&quot;:0,&quot;335559739&quot;:20,&quot;335559740&quot;:240}\"><br \/>\n<\/span><span data-contrast=\"none\">Hardingfelespelar og songar fr\u00e5 Ullensvang. Ho har g<\/span><span data-contrast=\"none\">\u00e5<\/span><span data-contrast=\"none\">tt i l<\/span><span data-contrast=\"none\">\u00e6re hj<\/span><span data-contrast=\"none\">\u00e5 Knut Hamre i spel sidan ho byrja spele fele i 10-<\/span><span data-contrast=\"none\">\u00e5<\/span><span data-contrast=\"none\">rsalderen, mens folkesongrepertoaret har ho henta fr\u00e5 fleire kjelder fr\u00e5 Voss og Hardanger. Lajla er utadanna folkemusiker fr\u00e5 Universitetet i S<\/span><span data-contrast=\"none\">\u00f8<\/span><span data-contrast=\"none\">r-\u00d8st Norge avd Rauland, og ho har er ein mykje bruka pedagog i ulike samanhengar i folkemusikkmilj<\/span><span data-contrast=\"none\">\u00f8<\/span><span data-contrast=\"none\">et. Ho arbeider som frilans musikar i tillegg til at ho underviser fast ved Ole Bull Akademiet. Lajla har gitt ut og medverka p\u00e5 fleire plateutgjevingar, mellom anna soloplata <\/span><i><span data-contrast=\"none\">M<\/span><\/i><i><span data-contrast=\"none\">\u00f8<\/span><\/i><i><span data-contrast=\"none\">ya som dr<\/span><\/i><i><span data-contrast=\"none\">\u00f8<\/span><\/i><i><span data-contrast=\"none\">ymde<\/span><\/i><span data-contrast=\"none\"> (2013) &#8211; ei samling av ukjende mellomalderballadar og sl<\/span><span data-contrast=\"none\">\u00e5<\/span><span data-contrast=\"none\">ttar fr\u00e5 Hardanger og Voss. I 2018 laga ho bestillingsverket <\/span><i><span data-contrast=\"none\">Kv\u00f6ldvaka<\/span><\/i><span data-contrast=\"none\"> saman med verdensmusikaren Oddrun Lilja Johnsdottir, eit verk med inspirasjon fr\u00e5 Hardanger og Island. Saman med John Ole Morken har Lajla turnert mykje for Kulturtanken og spelt konsertar rundt om i heile Noreg. Songaren Kim Rysstad fr\u00e5 Setesdal har ho \u00f2g samarbeid mykje med, der dei har opptr<\/span><span data-contrast=\"none\">\u00e5<\/span><span data-contrast=\"none\">dd ved ulike festivalar i inn- og utland. Lajla har moteke fleire stipend, mellom anna kulturstipend av Buskerud fylkeskommune og Statens Kunstnerstipend som folkekunstnar for 2022.<\/span><span data-ccp-props=\"{&quot;201341983&quot;:0,&quot;335559738&quot;:0,&quot;335559739&quot;:20,&quot;335559740&quot;:240}\">\u00a0<\/span><\/p>\n<p><b><span data-contrast=\"none\">Annlaug B<\/span><\/b><b><span data-contrast=\"none\">\u00f8<\/span><\/b><b><span data-contrast=\"none\">rsheim (1982)<\/span><\/b><span data-ccp-props=\"{&quot;201341983&quot;:0,&quot;335559738&quot;:0,&quot;335559739&quot;:20,&quot;335559740&quot;:240}\"><br \/>\n<\/span><span data-contrast=\"none\">Hardingfelespelar, songar og gitarist fr\u00e5 Ulvik. Annlaug arbeider som frilans musikar, scenekunstnar og komponist innan eit breitt spekter av sjangrar, men er utadanna folkemusiker fr\u00e5 Ole Bull Akademiet p\u00e5 Voss og Universitetet i S<\/span><span data-contrast=\"none\">\u00f8<\/span><span data-contrast=\"none\">r-\u00d8st Norge avd Rauland. Ho har gjennom <\/span><span data-contrast=\"none\">\u00e5<\/span><span data-contrast=\"none\">ra gjeve ut fleire plater, b<\/span><span data-contrast=\"none\">\u00e5<\/span><span data-contrast=\"none\">de solo og saman med andre. Siste <\/span><span data-contrast=\"none\">\u00e5<\/span><span data-contrast=\"none\">ra har ho tonesatt mykje nyare norsk poesi for barn der det musikalske har klare trekk og inspirasjon henta fr\u00e5 folkemusikken. Tekstane er skrivne av ulike forfattarar som mellom anna Per Olav Kaldestad, Ruth Lillegraven og Gro Dahle, som sidan har blitt b<\/span><span data-contrast=\"none\">\u00e5<\/span><span data-contrast=\"none\">de konsertar, plater og ein teaterserie for born i 8 episodar. I duoen Dj<\/span><span data-contrast=\"none\">\u00f8<\/span><span data-contrast=\"none\">nne&amp;B<\/span><span data-contrast=\"none\">\u00f8<\/span><span data-contrast=\"none\">rsheim spelar ho ei blanding av tradisjonell og ny musikk fr\u00e5 Hardanger. Dei har spelt i lag i over 10 <\/span><span data-contrast=\"none\">\u00e5<\/span><span data-contrast=\"none\">r, spelt inn fleire plater, og turnert i inn- og utland og for Kulturtanken. I 2019 skreiv dei musikken til musikkteateret <\/span><i><span data-contrast=\"none\">HUSMANN<\/span><\/i><span data-contrast=\"none\">. Teksten var skriven av Ruth Lillegraven og med seg p\u00e5 scena hadde dei\u202f skodespelarane Kj<\/span><span data-contrast=\"none\">\u00e6<\/span><span data-contrast=\"none\">rsti Odden Skjeldal og Morten Svartveit. I 2016 hadde Annlaug Statens Kunstnarstipend i kategorien popul<\/span><span data-contrast=\"none\">\u00e6<\/span><span data-contrast=\"none\">rkomponist. \u202f<\/span><span data-ccp-props=\"{&quot;201341983&quot;:0,&quot;335559738&quot;:0,&quot;335559739&quot;:20,&quot;335559740&quot;:240}\">\u00a0<\/span><\/p>\n<p><b><span data-contrast=\"none\">Benedicte Maurseth (1983)<\/span><\/b><span data-ccp-props=\"{&quot;201341983&quot;:0,&quot;335559738&quot;:0,&quot;335559739&quot;:20,&quot;335559740&quot;:240}\"><br \/>\n<\/span><span data-contrast=\"none\">Hardingfelespelar, komponist og skribent fr\u00e5 Eidfjord, er ein etablert og anerkjend ut<\/span><span data-contrast=\"none\">\u00f8<\/span><span data-contrast=\"none\">var innan norsk folkemusikk. Maurseth har g<\/span><span data-contrast=\"none\">\u00e5<\/span><span data-contrast=\"none\">tt i l<\/span><span data-contrast=\"none\">\u00e6re hj<\/span><span data-contrast=\"none\">\u00e5 meisterspelemannen Knut Hamre i n<\/span><span data-contrast=\"none\">\u00e6<\/span><span data-contrast=\"none\">rare tretti <\/span><span data-contrast=\"none\">\u00e5<\/span><span data-contrast=\"none\">r, og har utdanning fr\u00e5 Ole Bull Akademiet. Maurseth har turnert i omfattande grad b<\/span><span data-contrast=\"none\">\u00e5<\/span><span data-contrast=\"none\">de i Norge og internasjonalt, og har arbeidd tett med mange av dei fremste kunstnarar p\u00e5 tvers av sjangrar som Nils \u00d8kland, Merilyn Crispell, Rolf Lislevand, Jon Fosse, Svein Tindberg, Hildegun Riise og Anne Marit Jacobsen. Maurseth komponerer ogs\u00e5 ny folkemusikk, mellom anna verket <\/span><i><span data-contrast=\"none\">Tidekverv<\/span><\/i><span data-contrast=\"none\"> i samarbeid med Opheim, Stene og Lislevand. I 2018 fekk ho Vossa Jazz-prisen, Eidfjord Kommunes kulturpris og Statens Kunstnerstipend (2018- 2020). I 2022 blei ho tildelt Nordic Music Prize for plata <\/span><i><span data-contrast=\"none\">H\u00c1<\/span><\/i><i><span data-contrast=\"none\">RR.<\/span><\/i><span data-contrast=\"none\"> Maurseth har ogs<\/span><span data-contrast=\"none\">\u00e5 spelt inn fleire album for Grappa og ECM, og har gjeve ut b<\/span><span data-contrast=\"none\">\u00f8<\/span><span data-contrast=\"none\">ker, artiklar og essay. Hennar bok om kunst, pedagogikk og musikk som medisin, <\/span><i><span data-contrast=\"none\">\u00c5 v<\/span><\/i><i><span data-contrast=\"none\">\u00e6<\/span><\/i><i><span data-contrast=\"none\">re ingenting. Samtalar med spelemannen Knut Hamre<\/span><\/i><span data-contrast=\"none\">, vart gjeve ut p\u00e5 engelsk gjennom Terra Nova \/ MIT Press i USA hausten 2019. Hennar siste bok er <\/span><i><span data-contrast=\"none\">Systerspel<\/span><\/i><span data-contrast=\"none\"> (2022) utgjeve p\u00e5 Fagbokforlaget.<\/span><span data-ccp-props=\"{&quot;201341983&quot;:0,&quot;335559738&quot;:0,&quot;335559739&quot;:20,&quot;335559740&quot;:240}\">\u00a0<\/span><\/p>\n<p><span data-contrast=\"none\">Pressefoto<\/span><span data-contrast=\"none\"> artistar <\/span><span data-contrast=\"none\">: Elisabeth Emmerhoff<\/span><span data-ccp-props=\"{&quot;201341983&quot;:0,&quot;335559738&quot;:0,&quot;335559739&quot;:20,&quot;335559740&quot;:240}\">\u00a0<\/span><span data-ccp-props=\"{&quot;201341983&quot;:0,&quot;335559738&quot;:0,&quot;335559740&quot;:240}\">\u00a0<\/span><\/p>\n<p><b><span data-contrast=\"none\"><br \/>\nLanseringsturn\u00e8<\/span><\/b><span data-ccp-props=\"{&quot;201341983&quot;:0,&quot;335551550&quot;:2,&quot;335551620&quot;:2,&quot;335559738&quot;:0,&quot;335559740&quot;:240}\">\u00a0<\/span><\/p>\n<p><b><span data-contrast=\"none\">COLUMBI EGG<\/span><\/b><span data-contrast=\"none\"> &#8211; Bergen<\/span> <span data-contrast=\"none\">6.mars<\/span> <span data-ccp-props=\"{&quot;201341983&quot;:0,&quot;335559738&quot;:0,&quot;335559740&quot;:240}\"><br \/>\n<\/span><b><span data-contrast=\"none\">OSASCENA<\/span><\/b><span data-contrast=\"none\"> &#8211; Voss <\/span> <span data-contrast=\"none\">7.mars<\/span><span data-ccp-props=\"{&quot;201341983&quot;:0,&quot;335559738&quot;:0,&quot;335559740&quot;:240}\"><br \/>\n<\/span><b><span data-contrast=\"none\">FOLKEMUSIKKSCENA<\/span><\/b><span data-contrast=\"none\"> &#8211; Rauland<\/span> <span data-contrast=\"none\">8.mars<\/span><span data-ccp-props=\"{&quot;201341983&quot;:0,&quot;335559738&quot;:0,&quot;335559740&quot;:240}\"><br \/>\n<\/span><b><span data-contrast=\"none\">RIKSSCENA<\/span><\/b><span data-contrast=\"none\"> &#8211; Oslo<\/span> <span data-contrast=\"none\">9.mars<\/span><span data-ccp-props=\"{&quot;201341983&quot;:0,&quot;335559738&quot;:0,&quot;335559740&quot;:240}\"><br \/>\n<\/span><b><span data-contrast=\"none\">GORRLAUS<\/span><\/b><span data-contrast=\"none\"> &#8211; Stavanger<\/span> <span data-contrast=\"none\">11.mars<\/span><span data-ccp-props=\"{&quot;201341983&quot;:0,&quot;335559738&quot;:0,&quot;335559740&quot;:240}\"><br \/>\n<\/span><b><span data-contrast=\"none\">FELEMAKARVERKSTADEN <\/span><\/b><span data-contrast=\"none\">&#8211; Strandebarm<\/span> <span data-contrast=\"none\">12.mars<\/span><span data-ccp-props=\"{&quot;201341983&quot;:0,&quot;335559738&quot;:0,&quot;335559740&quot;:240}\"><br \/>\n<\/span><b><span data-contrast=\"none\">AGATUNET<\/span><\/b><span data-contrast=\"none\"> &#8211; Aga<\/span> <span data-contrast=\"none\">TBA<\/span><span data-ccp-props=\"{&quot;201341983&quot;:0,&quot;335559738&quot;:0,&quot;335559740&quot;:240}\">\u00a0<\/span><\/p>\n<p><span data-contrast=\"none\">ISBN: 978-82-8452-050-6<\/span><span data-ccp-props=\"{&quot;201341983&quot;:0,&quot;335559738&quot;:0,&quot;335559740&quot;:240}\"><br \/>\n<\/span><span data-contrast=\"none\">EAN: <\/span><span data-contrast=\"none\">7033662073719<\/span><span data-ccp-props=\"{&quot;201341983&quot;:0,&quot;335559738&quot;:0,&quot;335559740&quot;:240}\"><br \/>\n<\/span><span data-contrast=\"none\">Katalognummer: HCD7371<\/span><span data-ccp-props=\"{&quot;201341983&quot;:0,&quot;335559738&quot;:0,&quot;335559740&quot;:240}\">\u00a0<\/span><\/p>\n<p><\/p>","protected":false},"excerpt":{"rendered":"<p><span class=\"TextRun Highlight SCXW202718519 BCX0\" lang=\"DA-DK\" xml:lang=\"DA-DK\" data-contrast=\"none\"><span class=\"NormalTextRun SCXW202718519 BCX0\" data-ccp-parastyle=\"Standard\" data-ccp-parastyle-defn=\"{&quot;ObjectId&quot;:&quot;e959d2eb-be4c-4d73-8f63-70f71a0f163a|120&quot;,&quot;ClassId&quot;:1073872969,&quot;Properties&quot;:[469775450,&quot;Standard&quot;,201340122,&quot;2&quot;,134233614,&quot;true&quot;,469778129,&quot;Standard&quot;,335572020,&quot;1&quot;,469777841,&quot;Helvetica Neue&quot;,469777842,&quot;Arial Unicode MS&quot;,469777843,&quot;Arial Unicode MS&quot;,469777844,&quot;Helvetica Neue&quot;,469769226,&quot;Helvetica Neue,Arial Unicode MS&quot;,335551500,&quot;0&quot;,268442635,&quot;24&quot;,335559740,&quot;288&quot;,201341983,&quot;0&quot;,335559738,&quot;160&quot;]}\">Videref\u00f8ring av ei heil arv <\/span><\/span><\/p>\n","protected":false},"featured_media":40288,"comment_status":"closed","ping_status":"closed","template":"","meta":[],"product_brand":[],"product_cat":[35],"product_tag":[],"class_list":{"0":"post-40287","1":"product","2":"type-product","3":"status-publish","4":"has-post-thumbnail","6":"product_cat-heilo","7":"product_shipping_class-book-shipping","8":"uni_artist_tag-annlaug-borsheim","9":"uni_artist_tag-benedicte-maurseth","10":"uni_artist_tag-knut-hamre","11":"uni_artist_tag-lajla-renate-buer-storli","12":"uni_main_artist_tag-knut-hamre-benedicte-maurseth-annlaug-borsheim-lajla-renate-buer-storli","13":"uni_artist_genre-folkemusikk","14":"uni_artist_genre-tradisjonsmusikk","16":"first","17":"instock","18":"sold-individually","19":"taxable","20":"shipping-taxable","21":"purchasable","22":"product-type-variable","23":"has-default-attributes"},"_links":{"self":[{"href":"https:\/\/grappa.no\/no\/wp-json\/wp\/v2\/product\/40287","targetHints":{"allow":["GET"]}}],"collection":[{"href":"https:\/\/grappa.no\/no\/wp-json\/wp\/v2\/product"}],"about":[{"href":"https:\/\/grappa.no\/no\/wp-json\/wp\/v2\/types\/product"}],"replies":[{"embeddable":true,"href":"https:\/\/grappa.no\/no\/wp-json\/wp\/v2\/comments?post=40287"}],"wp:featuredmedia":[{"embeddable":true,"href":"https:\/\/grappa.no\/no\/wp-json\/wp\/v2\/media\/40288"}],"wp:attachment":[{"href":"https:\/\/grappa.no\/no\/wp-json\/wp\/v2\/media?parent=40287"}],"wp:term":[{"taxonomy":"product_brand","embeddable":true,"href":"https:\/\/grappa.no\/no\/wp-json\/wp\/v2\/product_brand?post=40287"},{"taxonomy":"product_cat","embeddable":true,"href":"https:\/\/grappa.no\/no\/wp-json\/wp\/v2\/product_cat?post=40287"},{"taxonomy":"product_tag","embeddable":true,"href":"https:\/\/grappa.no\/no\/wp-json\/wp\/v2\/product_tag?post=40287"}],"curies":[{"name":"wp","href":"https:\/\/api.w.org\/{rel}","templated":true}]}}