{"id":40280,"date":"2023-02-17T09:45:46","date_gmt":"2023-02-17T08:45:46","guid":{"rendered":"https:\/\/grappa.no\/?post_type=product&#038;p=40280"},"modified":"2023-04-11T17:17:05","modified_gmt":"2023-04-11T16:17:05","slug":"kjenslevev","status":"publish","type":"product","link":"https:\/\/grappa.no\/no\/albums\/heilo\/kjenslevev\/","title":{"rendered":"Kjenslevev"},"content":{"rendered":"<p><\/p>\n<div class=\"\">\n<h1 class=\"Headings__HeadingH1-sc-1pe0rsd-0 kSBmlo\">Knut Buen og Sigmund Groven med tonesette dikt<\/h1>\n<\/div>\n<p><!--more--><\/p>\n<h1 class=\"Headings__HeadingH1-sc-1pe0rsd-0 kSBmlo\">Knut Buen og Sigmund Groven med tonesette dikt<\/h1>\n<p>Knut Buen og Sigmund Groven gav i 2020 ut albumet \u00abThe Sound of Telemark\u00bb som tok utgangspunkt i tradisjonelle og nyskrivne sl\u00e5ttar av Knut Buen, i uts\u00f8kt samspel mellom hardingfele og munnspel. Etter \u00e5 ha spelt saman ved mange anledningar i fleire \u00e5r var dette den fyrste gongen dei gav ut eit album saman. No kjem oppf\u00f8lgjaren \u00abKjenslevev\u00bb som best\u00e5r av dikt av Knut Buen tonesett av Sigmund Groven og Buen sj\u00f8lv. Til \u00e5 framf\u00f8re songane har dei f\u00e5tt med seg Aasmund Nordstoga og Anne Gravir Klykken, i tillegg til Kjetil Bjerkestrand p\u00e5 synthesizer.<\/p>\n<p>Tekstene p\u00e5 albumet er skrivne utifr\u00e5 Knut Buens personlege r\u00f8ynsler og livsminne, samt \u00e5lmennmenneskelege livsopplevingar, som Buen seier: <em>\u00abdet ein har l\u00e6rt og opplevd samlar seg til ein livsvev ein kjenner meining i\u00bb. <\/em>I tillegg spring det ut av eit omfattande, fleir\u00e5rig musikalsk samarbeid og nyskapande verksemd innom visediktning.<\/p>\n<p>\u00ab<em>Liv og lagnad vil vera ei skifting mellom lukke, glede, sorg og avskil. Jamvel under dei ljose sider i livet vil det ligge ein bott av vemod. Men det kan ogs\u00e5 gl\u00f8da glimt av sol i dei gr\u00e5aste motb\u00f8rsdagar. Ein lever mellom ljos og skuggar.\u00bb &#8211; Knut Buen<\/em><\/p>\n<p>Med bakgrunn i dette har tittelen \u00abKjenslevev\u00bb kome opp. Utgangspunktet til Buen og Groven, som nyskaparar av tekstar og melodiar, er oppvekst i telemarksbygder og slekt av bygdenorske handverkarar og folkekunstnarar, men ogs\u00e5 ei lang l\u00e6retid i m\u00f8te med gode f\u00f8rebilete innom folkemusikk og klassisk musikk, samling av kunnskap , tradisjon og r\u00f8ynsler\u00a0 som ut\u00f8vande solistar p\u00e5 munnspel og hardingfele.<\/p>\n<p>","protected":false},"excerpt":{"rendered":"<p>Knut Buen og Sigmund Groven med tonesette dikt<\/p>\n","protected":false},"featured_media":40281,"comment_status":"closed","ping_status":"closed","template":"","meta":[],"product_brand":[],"product_cat":[35],"product_tag":[7800,7798,7799],"class_list":{"0":"post-40280","1":"product","2":"type-product","3":"status-publish","4":"has-post-thumbnail","6":"product_cat-heilo","7":"product_tag-folkemusikk","8":"product_tag-knut-buen","9":"product_tag-sigmund-groven","10":"product_shipping_class-cddvd-shipping","11":"uni_artist_tag-aasmund-nordstoga","12":"uni_artist_tag-anne-gravir-klykken","13":"uni_artist_tag-kjetil-bjerkestrand","14":"uni_artist_tag-knut-buen","15":"uni_artist_tag-sigmund-groven","16":"uni_main_artist_tag-knut-buen","17":"uni_main_artist_tag-sigmund-groven","18":"uni_artist_genre-folkemusikk","19":"uni_artist_genre-tradisjonsmusikk","20":"uni_artist_genre-traditional-music","22":"first","23":"instock","24":"taxable","25":"shipping-taxable","26":"purchasable","27":"product-type-simple"},"_links":{"self":[{"href":"https:\/\/grappa.no\/no\/wp-json\/wp\/v2\/product\/40280","targetHints":{"allow":["GET"]}}],"collection":[{"href":"https:\/\/grappa.no\/no\/wp-json\/wp\/v2\/product"}],"about":[{"href":"https:\/\/grappa.no\/no\/wp-json\/wp\/v2\/types\/product"}],"replies":[{"embeddable":true,"href":"https:\/\/grappa.no\/no\/wp-json\/wp\/v2\/comments?post=40280"}],"wp:featuredmedia":[{"embeddable":true,"href":"https:\/\/grappa.no\/no\/wp-json\/wp\/v2\/media\/40281"}],"wp:attachment":[{"href":"https:\/\/grappa.no\/no\/wp-json\/wp\/v2\/media?parent=40280"}],"wp:term":[{"taxonomy":"product_brand","embeddable":true,"href":"https:\/\/grappa.no\/no\/wp-json\/wp\/v2\/product_brand?post=40280"},{"taxonomy":"product_cat","embeddable":true,"href":"https:\/\/grappa.no\/no\/wp-json\/wp\/v2\/product_cat?post=40280"},{"taxonomy":"product_tag","embeddable":true,"href":"https:\/\/grappa.no\/no\/wp-json\/wp\/v2\/product_tag?post=40280"}],"curies":[{"name":"wp","href":"https:\/\/api.w.org\/{rel}","templated":true}]}}