{"id":40277,"date":"2023-03-17T07:00:28","date_gmt":"2023-03-17T06:00:28","guid":{"rendered":"https:\/\/grappa.no\/?post_type=product&#038;p=40277"},"modified":"2025-02-24T11:39:07","modified_gmt":"2025-02-24T10:39:07","slug":"sanger-ved-havets-begynnelse","status":"publish","type":"product","link":"https:\/\/grappa.no\/no\/albums\/simax-classics\/sanger-ved-havets-begynnelse\/","title":{"rendered":"Sanger Ved Havets Begynnelse SIGNERT CD!"},"content":{"rendered":"<p><br \/>\nSIGNERT CD S\u00c5 LANG LAGERET REKKER!<\/p>\n<div class=\"\">\n<p><b><i><span data-contrast=\"auto\">Sanger Ved Havets Begynnelse<\/span><\/i><\/b><b><span data-contrast=\"auto\"> er en videref\u00f8ring av Ketil Bj\u00f8rnstads tidligere oratorier \u00abOld\u00bb (med tekster fra Edda), \u00abHimmelrand\u00bb (med tekster av Stein Mehren) og \u00abSanger om tilh\u00f8righet\u00bb (med egne tekster). Oratoriet er en hyllest til Fartein Valens komposisjon, <\/span><\/b><b><i><span data-contrast=\"auto\">Kirkeg\u00e5rden ved havet<\/span><\/i><\/b><b><span data-contrast=\"auto\">, som ble skrevet til den franske poeten Paul Val\u00e9ry sitt verdensber\u00f8mte dikt <\/span><\/b><b><i><span data-contrast=\"auto\">Le Cim\u00e8tiere Marin<\/span><\/i><\/b><b><span data-contrast=\"auto\">.\u00a0 I Bj\u00f8rnstads nye oratorium har han tonesatt en norsk versjon av samme dikt, inspirert av Valens atonale komposisjon, samt melodiske og harmoniske inspirasjonskilder fra Bj\u00f8rnstads tid som musiker og komponist. Sammen med Solveig Andsnes p\u00e5 vokal, Nils \u00d8kland p\u00e5 fele og Rune Arnesen p\u00e5 trommer tar de oss med p\u00e5 en reise av eksistensielle dilemmaer.\u00a0<\/span><\/b><span data-ccp-props=\"{&quot;335551550&quot;:6,&quot;335551620&quot;:6}\">\u00a0<\/span><\/p>\n<\/div>\n<p><!--more--><\/p>\n<p><b><span data-contrast=\"auto\">CD-utgivelsen<\/span><\/b><b><i><span data-contrast=\"auto\"> Sanger Ved Havets Begynnelse<\/span><\/i><\/b><b><span data-contrast=\"auto\"> er spilt inn live under uroppf\u00f8ringen i Festiviteten i Haugesund 27 april 2022, som et bestillingsverk til Fartein-Valen-festivalen.\u00a0 Bj\u00f8rnstad forteller her om bakgrunnen for fremf\u00f8ringen:<\/span><\/b> <span data-ccp-props=\"{&quot;335551550&quot;:6,&quot;335551620&quot;:6}\">\u00a0<\/span><\/p>\n<p><span data-contrast=\"auto\">Da Fartein Valen komponerte <\/span><i><span data-contrast=\"auto\">Kirkeg\u00e5rden ved havet<\/span><\/i><span data-contrast=\"auto\">, skapte han et unikt orkesterverk i den serielle tradisjonen. Jeg vokste opp med Valen, og spilte bl.a. hans to Preludier opus 29 f\u00f8r jeg var fjorten \u00e5r. Jeg spilte ogs\u00e5 mye annen seriell eller atonal musikk, bl.a. av Finn Mortensen.<\/span><span data-ccp-props=\"{&quot;335551550&quot;:6,&quot;335551620&quot;:6}\">\u00a0<\/span><\/p>\n<p><span data-contrast=\"auto\">Senere i oppveksten kom jeg bort fra denne epoken i musikk-historien, men da jeg ble spurt av Fartein Valen-festivalen om \u00e5 komponere et nytt verk med utgangspunkt i det samme diktet Valen hadde brukt som forelegg, m\u00e5tte jeg b\u00e5de g\u00e5 tilbake til Valens verk og ogs\u00e5 tilegne meg selve diktet, Paul Val\u00e9rys <\/span><i><span data-contrast=\"auto\">Le cimeti\u00e8re marin<\/span><\/i><span data-contrast=\"auto\">. Ole J\u00f8rgen Furdal gjorde meg oppmerksom p\u00e5 Pelle Christensens fantastiske oversettelse, og jeg skj\u00f8nte straks at hele diktet m\u00e5tte tonesettes hvis jeg i det hele tatt skulle tre inn i et rom der Fartein Valen allerede hadde v\u00e6rt.<\/span><span data-ccp-props=\"{&quot;335551550&quot;:6,&quot;335551620&quot;:6}\">\u00a0<\/span><\/p>\n<p><span data-contrast=\"auto\">Med tittelen <\/span><i><span data-contrast=\"auto\">Sanger ved havets begynnelse<\/span><\/i><span data-contrast=\"auto\"> \u00f8nsket jeg b\u00e5de \u00e5 bringe inn en hyllest til Valens atonale komposisjon og samtidig hente inn de mer melodiske og harmoniske inspirasjonskilder som jeg har strukket meg mot gjennom hele min tid som musiker og komponist.<\/span><span data-ccp-props=\"{&quot;335551550&quot;:6,&quot;335551620&quot;:6}\">\u00a0<\/span><\/p>\n<p><span data-contrast=\"auto\">Jeg kunne i denne sammenheng nevnt b\u00e5de Schubert, Theodorakis, Borodin, Skrjabin og Prokofiev. Men mest av alt tenkte jeg p\u00e5 dem jeg skulle skrive for: Solveig Andsnes, som jeg hadde samarbeidet med b\u00e5de i <\/span><i><span data-contrast=\"auto\">Amanda<\/span><\/i><span data-contrast=\"auto\"> p\u00e5 Haugesund Teater i 2011 og i Kilden Teaters oppsetning av <\/span><i><span data-contrast=\"auto\">Terje Vigen<\/span><\/i><span data-contrast=\"auto\"> i Fj\u00e6reheia ved Grimstad i 2017. Tanken p\u00e5 hennes store uttrykksregister hjalp meg til \u00e5 forme melodiene mens jeg komponerte. Samtidig m\u00e5tte jeg tenke p\u00e5 Nils \u00d8kland og det helt spesielle klangrommet han alltid skaper med sine instrumenter. Valget av slagverkeren Rune Arnesen, som jeg hadde jobbet med i mer enn tredve \u00e5r, gjorde det mulig ogs\u00e5 \u00e5 tenke en storform, som diktet p\u00e5 mange m\u00e5ter ropte p\u00e5, samtidig som rytmen og enkelheten i uttrykket m\u00e5tte bevares. I tillegg kom tanken p\u00e5 lyd-designer Sven Persson, som har skapt havrom og himmelrom for meg, p\u00e5 de st\u00f8rste og minste scener, i snart femti \u00e5r.<\/span><span data-ccp-props=\"{&quot;335551550&quot;:6,&quot;335551620&quot;:6}\">\u00a0<\/span><\/p>\n<p><span data-contrast=\"auto\">Oppf\u00f8ringen ved Festiviteten i Haugesund skjedde to dager etter at jeg fylte sytti \u00e5r. \u00c5 tonesette <\/span><i><span data-contrast=\"auto\">Kirkeg\u00e5rden ved havet<\/span><\/i><span data-contrast=\"auto\"> var den mest meningsfulle sytti\u00e5rsfeiring jeg kunne tenke meg. En hyllest til livet gjennom mottoet fra Pyndaros\u2019 tredje Pythiske ode: \u00abMin sjel, s\u00f8k ikke et ud\u00f8delig liv, men t\u00f8m det muliges kilder.\u00bb<\/span><span data-ccp-props=\"{&quot;335551550&quot;:6,&quot;335551620&quot;:6}\">\u00a0<\/span><\/p>\n<p><span data-contrast=\"auto\">Oslo 19. november 2022<\/span><span data-ccp-props=\"{&quot;335551550&quot;:6,&quot;335551620&quot;:6}\"><br \/>\n<\/span><span data-contrast=\"auto\">Ketil Bj\u00f8rnstad<\/span><span data-ccp-props=\"{&quot;335551550&quot;:6,&quot;335551620&quot;:6}\">\u00a0<\/span><span data-ccp-props=\"{&quot;335551550&quot;:6,&quot;335551620&quot;:6}\">\u00a0<\/span><\/p>\n<p><span data-contrast=\"auto\">&#8212;-<\/span><span data-ccp-props=\"{&quot;335551550&quot;:6,&quot;335551620&quot;:6}\">\u00a0<\/span><\/p>\n<p><b><span data-contrast=\"auto\">Biografier<\/span><\/b><\/p>\n<p><b><span data-contrast=\"none\">Solveig Andsnes<\/span><\/b><span data-contrast=\"none\"> (skuespiller, sanger og danser) har sin utdanning fra UIS, fakultet for ut\u00f8vende kunstfag.\u202fI\u202ftillegg\u202fhar hun\u202fgjennomf\u00f8rt internasjonale studier ved\u202fSteps\u202fon\u202fBroadway\u202fi New York. Hun har v\u00e6rt ansatt i Skuespiller- og danseralliansen siden 2017.\u00a0<\/span><span data-ccp-props=\"{&quot;134233117&quot;:false,&quot;134233118&quot;:false,&quot;335551550&quot;:6,&quot;335551620&quot;:6,&quot;335559738&quot;:0,&quot;335559739&quot;:0}\">\u00a0<\/span><\/p>\n<p><span data-contrast=\"none\">Som ut\u00f8ver,\u202farbeider\u202fSolveig\u202fsjangeroverskridende innen\u202fsang, dans og skuespill,\u202fdette har gjort at\u202fmusikkteater\u202fer et\u202fkunstomr\u00e5de hun\u202fhar markert seg tydelig i ved flere anledninger. Hun\u202fhar i l\u00f8pet av sin tid som ut\u00f8ver\u202fjobbet ved en rekke teater, blant annet Tr\u00f8ndelag teater, Agder teater og de siste \u00e5rene har hun hatt flere roller ved Oslo Nye Teater. <\/span><span data-contrast=\"auto\">I 2021 ble Solveig nominert til Musikkteaterprisen for sin tolkning av rollen Diana i musikalen\u202f<\/span><i><span data-contrast=\"auto\">Next to Normal<\/span><\/i><span data-contrast=\"auto\">. V\u00e5ren 2023 spiller hun rollen som Gabriella i\u202f<\/span><i><span data-contrast=\"auto\">S\u00e5 som i himmelen<\/span><\/i><span data-contrast=\"auto\">\u202fp\u00e5 Oslo Nye Teater.\u202f<\/span><span data-ccp-props=\"{&quot;134233117&quot;:false,&quot;134233118&quot;:false,&quot;335551550&quot;:6,&quot;335551620&quot;:6,&quot;335559731&quot;:708,&quot;335559738&quot;:0,&quot;335559739&quot;:0}\">\u00a0<\/span><\/p>\n<p><b><span data-contrast=\"none\">Nils \u00d8kland<\/span><\/b><span data-contrast=\"none\"> (hardingfele\/fiolin\/viola d&#8217;amore) er internasjonalt kjent for sin nyskapende spillestil. B\u00e5de som ut\u00f8ver og komponist har han bygget broer mellom folkemusikk, kunstmusikk og improvisasjonsmusikk. Han er en etterspurt komponist og har blant annet skrevet musikk for Vossajazz, Innlandet Sinfonietta,\u202f\u00c5ram Pluss, filmusikk, ballet og teatermusikk, blant annet for Nationaltheateret og DNS.\u00a0<\/span><span data-contrast=\"none\">Han har gitt ut soloalbum p\u00e5 ECM, Hubro og Rune Grammofon til fantastiske\u00a0<\/span><span data-contrast=\"none\">kritikker. \u00d8kland har spilt med flere store orkestre, skrevet musikk for<\/span><span data-ccp-props=\"{&quot;134233117&quot;:false,&quot;134233118&quot;:false,&quot;335551550&quot;:6,&quot;335551620&quot;:6,&quot;335559738&quot;:0,&quot;335559739&quot;:0}\">\u00a0<\/span><span data-contrast=\"none\">London Sinfonietta, film, ballet og teater og spilt p\u00e5 plater med Christian Wallumr\u00f8d, Arve Henriksen, \u00c5sne Valland Nordli og Bj\u00f8rnar Andresen.\u00a0<\/span><span data-contrast=\"none\">Nils \u00d8kland Bands innspilling \u201cKj\u00f8lvatn\u201d(ECM -2015)\u202fble k\u00e5ret til \u00e5rets <\/span><span data-contrast=\"none\">jazzalbum av Aftenposten, ble Spellemannsnominert i folkemusikk-klassen og vant Folkelarmprisen i \u00e5pen klasse.<\/span><span data-ccp-props=\"{&quot;134233117&quot;:false,&quot;134233118&quot;:false,&quot;335551550&quot;:6,&quot;335551620&quot;:6,&quot;335559738&quot;:0,&quot;335559739&quot;:0}\">\u00a0<\/span><span data-contrast=\"none\">Bandets siste plate \u201cLysning\u201d (Hubro 2017) fikk Spellemannspris i \u00e5pen klasse og begge platene har f\u00e5tt glimrende kritikker i norsk og utenlandsk presse.<\/span><span data-ccp-props=\"{&quot;134233117&quot;:false,&quot;134233118&quot;:false,&quot;335551550&quot;:6,&quot;335551620&quot;:6,&quot;335559738&quot;:0,&quot;335559739&quot;:0}\">\u00a0<\/span><\/p>\n<p><b><span data-contrast=\"auto\">Rune Arnesen<\/span><\/b><span data-contrast=\"auto\">\u202f er en av Norges mest erfarne og mest verdsatte trommeslagere. Han startet sin karriere for alvor p\u00e5 slutten av\u202f<\/span><a href=\"https:\/\/no.wikipedia.org\/wiki\/1980-tallet\"><span data-contrast=\"auto\">80-tallet<\/span><\/a><span data-contrast=\"auto\">\u202fog har siden da spilt med artister som Ole Paus,\u202f<\/span><a href=\"https:\/\/no.wikipedia.org\/wiki\/Jonas_Fjeld\"><span data-contrast=\"auto\">Jonas Fjeld<\/span><\/a><span data-contrast=\"auto\">,\u202fBj\u00f8rn Eidsv\u00e5g, <\/span><a href=\"https:\/\/no.wikipedia.org\/wiki\/Rick_Danko\"><span data-contrast=\"auto\">Rick Danko<\/span><\/a><span data-contrast=\"auto\">,\u202f<\/span><a href=\"https:\/\/no.wikipedia.org\/wiki\/Eric_Andersen\"><span data-contrast=\"auto\">Eric Andersen<\/span><\/a><span data-contrast=\"auto\">, Frode Aln\u00e6s, \u00d8ystein Sunde, Annbj\u00f8rg Lien,\u00a0 Sigmund Groven og Anneli Drecker. Han har spilt med Carola, The Band og Secret Garden, og er ogs\u00e5 internasjonalt kjent for samarbeidet med jazzmusikere som bl. a. Nils Petter Molv\u00e6r, Bendik Hofseth, Dhafer Yossef, Rebecca Bakken, Beady Belle og mange flere.\u00a0<\/span><span data-ccp-props=\"{&quot;335551550&quot;:6,&quot;335551620&quot;:6,&quot;335559738&quot;:120,&quot;335559739&quot;:120}\">\u00a0<\/span><\/p>\n<p><\/p>","protected":false},"excerpt":{"rendered":"<p>En hyllest til Fartein Valen!<\/p>\n","protected":false},"featured_media":41940,"comment_status":"closed","ping_status":"closed","template":"","meta":[],"product_brand":[],"product_cat":[180],"product_tag":[],"class_list":{"0":"post-40277","1":"product","2":"type-product","3":"status-publish","4":"has-post-thumbnail","6":"product_cat-simax-classics","7":"product_shipping_class-cddvd-shipping","8":"uni_artist_tag-ketil-bjornstad","9":"uni_artist_tag-nils-okland","10":"uni_artist_tag-rune-arnesen","11":"uni_artist_tag-solveig-andsnes","12":"uni_main_artist_tag-ketil-bjornstad","14":"first","15":"outofstock","16":"taxable","17":"shipping-taxable","18":"purchasable","19":"product-type-simple"},"_links":{"self":[{"href":"https:\/\/grappa.no\/no\/wp-json\/wp\/v2\/product\/40277","targetHints":{"allow":["GET"]}}],"collection":[{"href":"https:\/\/grappa.no\/no\/wp-json\/wp\/v2\/product"}],"about":[{"href":"https:\/\/grappa.no\/no\/wp-json\/wp\/v2\/types\/product"}],"replies":[{"embeddable":true,"href":"https:\/\/grappa.no\/no\/wp-json\/wp\/v2\/comments?post=40277"}],"wp:featuredmedia":[{"embeddable":true,"href":"https:\/\/grappa.no\/no\/wp-json\/wp\/v2\/media\/41940"}],"wp:attachment":[{"href":"https:\/\/grappa.no\/no\/wp-json\/wp\/v2\/media?parent=40277"}],"wp:term":[{"taxonomy":"product_brand","embeddable":true,"href":"https:\/\/grappa.no\/no\/wp-json\/wp\/v2\/product_brand?post=40277"},{"taxonomy":"product_cat","embeddable":true,"href":"https:\/\/grappa.no\/no\/wp-json\/wp\/v2\/product_cat?post=40277"},{"taxonomy":"product_tag","embeddable":true,"href":"https:\/\/grappa.no\/no\/wp-json\/wp\/v2\/product_tag?post=40277"}],"curies":[{"name":"wp","href":"https:\/\/api.w.org\/{rel}","templated":true}]}}