{"id":40262,"date":"2023-02-14T09:58:02","date_gmt":"2023-02-14T08:58:02","guid":{"rendered":"https:\/\/grappa.no\/?post_type=product&#038;p=40262"},"modified":"2023-05-03T13:05:10","modified_gmt":"2023-05-03T12:05:10","slug":"blues-and-bells","status":"publish","type":"product","link":"https:\/\/grappa.no\/no\/albums\/grappa\/blues-and-bells\/","title":{"rendered":"Blues and bells"},"content":{"rendered":"<p><\/p>\n<h6>Siril Malmedal Hauge og Kjetil Mulelid<\/h6>\n<p><!--more--><\/p>\n<p><strong>Et smykke av et album servert av noen av norges fremste musikere!<\/strong><em><br \/>\n<\/em><br \/>\nBlues and Bells en blanding av originale l\u00e5ter og nye bekledninger av kjente coverl\u00e5ter. Musikken b\u00e6rer preg av Hauge sin klare og uttrykksfulle stemme og Kjetil sitt finurlige pianospill. Det er musikk i et i\u00f8refallende landskap, men med en god dose motstand og overraskelser som tar lytteren med inn i deres musikalske univers.<\/p>\n<p><strong>Siril\u00a0Malmedal\u00a0Hauge<\/strong>\u00a0og\u00a0<strong>Kjetil Mulelid<\/strong>\u00a0har gjort seg til kjenne i det norske musikkmilj\u00f8et de siste \u00e5rene. Med aktiv turn\u00e9ring, spellemannsnominasjon, og flere lovpriste albumutgivelser fra verdensomspennende presse hver for seg, har de markert seg som en sikker stemme for det 21.\u00e5rhundret i Norsk musikkliv. Siden de studerte p\u00e5 den sm\u00e5tt legendariske jazzlinja i Trondheim for ti \u00e5r siden har de jobbet regelmessig sammen &#8211; f\u00f8rst som kjernen bak jazz\/pop-prosjektet Fieldfare, og s\u00e5 igjennom\u00a0Siril\u00a0sitt eget soloarbeid med to albumutgivelser, samt konserter p\u00e5 de fleste jazzfestivaler og klubber i Norges kriker og kroker. Parallelt har\u00a0Siril\u00a0markert seg gjennom duoprosjekt med ECM-artist Jacob Young, med to utgivelser, prisbel\u00f8nninger fra Japan, nominasjon fra \u201cIndependent Music Award\u201d i New York, og turn\u00e9ring i store deler av verden, som Europa, Japan og S\u00f8r-Korea. Kjetil har p\u00e5 sin side utgitt 10 album med kvartetten Wako, sin egen pianotrio og som soloartist &#8211; dette har f\u00f8rt til hundrevis konserter i Europa og Japan, to millioner str\u00f8mninger, og lovord fra hele verdens musikalske presseorkester.<\/p>\n<p>","protected":false},"excerpt":{"rendered":"<p><strong>Et smykke av et album servert av noen av norges fremste musikere!<\/strong><em><br \/>\n<\/em><br \/>\nBlues and Bells en blanding av originale l\u00e5ter og nye bekledninger av kjente coverl\u00e5ter. Musikken b\u00e6rer preg av Hauge sin klare og uttrykksfulle stemme og Kjetil sitt finurlige pianospill. Det er musikk i et i\u00f8refallende landskap, men med en god dose motstand og overraskelser som tar lytteren med inn i deres musikalske univers.<\/p>\n<p>&nbsp;<\/p>\n","protected":false},"featured_media":40263,"comment_status":"open","ping_status":"closed","template":"","meta":[],"product_brand":[],"product_cat":[6],"product_tag":[],"class_list":{"0":"post-40262","1":"product","2":"type-product","3":"status-publish","4":"has-post-thumbnail","6":"product_cat-grappa","7":"uni_artist_tag-kjetil-mulelid","8":"uni_artist_tag-siril-malmedal-hauge","9":"uni_main_artist_tag-siril-malmedal-hauge-kjetil-mulelid","10":"uni_artist_genre-jazz","11":"uni_artist_genre-piano","12":"uni_artist_genre-romantic-jazz","14":"first","15":"instock","16":"taxable","17":"shipping-taxable","18":"purchasable","19":"product-type-variable","20":"has-default-attributes"},"_links":{"self":[{"href":"https:\/\/grappa.no\/no\/wp-json\/wp\/v2\/product\/40262","targetHints":{"allow":["GET"]}}],"collection":[{"href":"https:\/\/grappa.no\/no\/wp-json\/wp\/v2\/product"}],"about":[{"href":"https:\/\/grappa.no\/no\/wp-json\/wp\/v2\/types\/product"}],"replies":[{"embeddable":true,"href":"https:\/\/grappa.no\/no\/wp-json\/wp\/v2\/comments?post=40262"}],"wp:featuredmedia":[{"embeddable":true,"href":"https:\/\/grappa.no\/no\/wp-json\/wp\/v2\/media\/40263"}],"wp:attachment":[{"href":"https:\/\/grappa.no\/no\/wp-json\/wp\/v2\/media?parent=40262"}],"wp:term":[{"taxonomy":"product_brand","embeddable":true,"href":"https:\/\/grappa.no\/no\/wp-json\/wp\/v2\/product_brand?post=40262"},{"taxonomy":"product_cat","embeddable":true,"href":"https:\/\/grappa.no\/no\/wp-json\/wp\/v2\/product_cat?post=40262"},{"taxonomy":"product_tag","embeddable":true,"href":"https:\/\/grappa.no\/no\/wp-json\/wp\/v2\/product_tag?post=40262"}],"curies":[{"name":"wp","href":"https:\/\/api.w.org\/{rel}","templated":true}]}}