{"id":40260,"date":"2023-02-10T11:46:52","date_gmt":"2023-02-10T10:46:52","guid":{"rendered":"https:\/\/grappa.no\/?post_type=product&#038;p=40260"},"modified":"2023-02-13T15:00:59","modified_gmt":"2023-02-13T14:00:59","slug":"mine-venner-i-noden","status":"publish","type":"product","link":"https:\/\/grappa.no\/no\/albums\/grappa\/mine-venner-i-noden\/","title":{"rendered":"Mine venner i n\u00f8den"},"content":{"rendered":"<p><\/p>\n<div class=\"\">\n<h6 class=\"text-elements__Title-sc-1il5uxg-0 fsAFgu\"><span class=\"heading-styles__HeadingStyle-sc-1qo4zv7-0 euRTuN\">Frode Aln\u00e6s ute med fantastisk variert instrumentalt album!<\/span><\/h6>\n<\/div>\n<p><!--more--><\/p>\n<p class=\"body\" style=\"margin: 0cm 0cm 12.0pt 0cm;\"><strong>En av Norges beste gitarister er ute med plate som hyller det som ble hans beste venner i den tunge tiden &#8211; gitarene.<\/strong><\/p>\n<p>Frode\u00a0Aln\u00e6s har markert seg som en av Norges fremste gitarister og l\u00e5tskrivere gjennom flere ti\u00e5r. I 2022 markerte han sitt 40 \u00e5rs jubileum som profesjonell musiker, artist og komponist, blant annet ved \u00e5 spille inn dette instrumentalalbumet. &#8211; Albumet &#8220;Mine Venner i N\u00f8den&#8221; er ute i dag!<\/p>\n<p>Som 11-\u00e5ring begynte Frode \u00e5 miste h\u00e5ret, og da han fikk sin f\u00f8rste gitar ble det en massiv tr\u00f8st i en vanskelig tid. I ten\u00e5rene da alle andre begynte \u00e5 f\u00e5 h\u00e5r over alt, mistet Frode alt. Det skulle g\u00e5 16 \u00e5r f\u00f8r Frode tok av parykken. Han har fortsatt den f\u00f8rste gitaren som han l\u00e6rte seg \u00e5 spille p\u00e5, som reddet han i den tunge tiden. Gitaren ble hans beste venn og redning.<\/p>\n<p><em>&#8211; Ideen til plateprosjektet startet egentlig da Norge stengte ned vinteren 2020. Gitaren har siden jeg mistet h\u00e5ret som 11-a\u030aring v\u00e6rt min beste venn, og denne vinteren da alle spillejobber forsvant, ble jeg p\u00e5minnet betydningen av instrumentet som har fulgt meg hele livet,<\/em>\u00a0forteller Aln\u00e6s.<\/p>\n<p>Etter 40 \u00e5r er fortsatt gitarene hans beste venner, og det er det tittelen p\u00e5 albumet \u00abMine venner i n\u00f8den\u00bb indikerer. Under nedstengningen, som var en vanskelig tid for veldig mange, ble igjen gitarene en viktig tr\u00f8st. Ikke bare for Frode, men ogs\u00e5 for andre da han startet \u00e5 spille inn videoer som han delte p\u00e5 Facebook i over et halvt \u00e5r gjennom det verste tiden av pandemien. Det ble et lyspunkt for mange, og viste tydelig hvor mye musikk betyr for folk og for et samfunn.<\/p>\n<p>\u2013\u00a0<em>Hver l\u00f8rdag la jeg ut en ny musikalsk videohilsen pa\u030a Facebook under tittelen \u00abMine venner i n\u00f8den\u00bb. Dette var en tid da b\u00e5de jeg og folk flest kjente p\u00e5 ensomhet og usikkerhet, og da disse ukentlige videoene ble s\u00e5 popul\u00e6re, fortsatte jeg helt fram til det ble mulig \u00e5 g\u00e5 p\u00e5 live konserter igjen. Hver la\u030at og video hadde en ny stemning, og alle melodiene var instrumentale. For meg var dette en gjenoppdagelse av gitaren som bestevenn i n\u00f8den.<\/em><\/p>\n<p>Det etterlengtede albumet &#8220;Mine Venner i N\u00f8den&#8221; vektlegger den viktigste kjernen til Frode Aln\u00e6s som musiker, den g\u00e5r tilbake til hans r\u00f8tter, tilbake til da det bare var Aln\u00e6s og hans gitar. Dette er hans f\u00f8rste plate best\u00e5ende av kun Frode selv og hans gitarer.<\/p>\n<p>&#8220;Mine Venner i N\u00f8den&#8221; best\u00e5r av vakre melodier, vemodige ting, bluesy og t\u00f8ffere l\u00e5ter. Et spekter av det Aln\u00e6s har holdt p\u00e5 med opp gjennom \u00e5rene.<\/p>\n<p><em>&#8211;\u00a0Denne gangen \u00f8nsket jeg \u00e5 ta det helt ned, ved a\u030a spille inn egne la\u030ater med kun gitarene og meg, det har jeg faktisk aldri gjort f\u00f8r.\u00a0<\/em><em>Gitaren har f\u00f8rt meg p\u00e5 fantastiske reiser. Musikalsk er dette albumet virkelig en reise, og en del av l\u00e5tene har ligget der en stund<\/em>,\u00a0forteller Frode Aln\u00e6s.<\/p>\n<p>Variert sjangermessig, med fokus p\u00e5 sterke melodilinjer som kan st\u00e5 for seg selv. Han fortsetter:<\/p>\n<p><em>&#8211;\u00a0Jeg har alltid v\u00e6rt en l\u00e5tskriver som elsker den gode melodien. Og jeg synes det er befriende \u00e5 gi ut et album der melodien og gitaren f\u00e5r st\u00e5 alene. Men jeg kan selvf\u00f8lgelig ogs\u00e5 frike ut. Som gitarist er jeg helt uten grenser.<\/em><\/p>\n<p>Musikken er spilt inn i Studio Oslo Konserthus i samarbeid med Alf Christian Hvidsteen.<\/p>\n<p>","protected":false},"excerpt":{"rendered":"<p>Instrumentalplate fra en av Norges beste gitarister! Frode Aln\u00e6s har markert seg som en av Norges fremste gitarister og l\u00e5tskrivere gjennom flere ti\u00e5r. Etter 40 \u00e5r som profesjonell musiker, artist og komponist er fortsatt gitarene hans beste venner, og det er det tittelen p\u00e5 kommende album \u00abMine venner i n\u00f8den\u00bb indikerer.<\/p>\n","protected":false},"featured_media":40261,"comment_status":"closed","ping_status":"closed","template":"","meta":[],"product_brand":[],"product_cat":[6],"product_tag":[],"class_list":{"0":"post-40260","1":"product","2":"type-product","3":"status-publish","4":"has-post-thumbnail","6":"product_cat-grappa","7":"product_shipping_class-cddvd-shipping","8":"uni_artist_tag-frode-alnaes","9":"uni_main_artist_tag-frode-alnaes","10":"uni_artist_genre-blues","11":"uni_artist_genre-guitar","12":"uni_artist_genre-instrumental","13":"uni_artist_genre-instrumental-music","14":"uni_artist_genre-jazz","16":"first","17":"instock","18":"taxable","19":"shipping-taxable","20":"purchasable","21":"product-type-simple"},"_links":{"self":[{"href":"https:\/\/grappa.no\/no\/wp-json\/wp\/v2\/product\/40260","targetHints":{"allow":["GET"]}}],"collection":[{"href":"https:\/\/grappa.no\/no\/wp-json\/wp\/v2\/product"}],"about":[{"href":"https:\/\/grappa.no\/no\/wp-json\/wp\/v2\/types\/product"}],"replies":[{"embeddable":true,"href":"https:\/\/grappa.no\/no\/wp-json\/wp\/v2\/comments?post=40260"}],"wp:featuredmedia":[{"embeddable":true,"href":"https:\/\/grappa.no\/no\/wp-json\/wp\/v2\/media\/40261"}],"wp:attachment":[{"href":"https:\/\/grappa.no\/no\/wp-json\/wp\/v2\/media?parent=40260"}],"wp:term":[{"taxonomy":"product_brand","embeddable":true,"href":"https:\/\/grappa.no\/no\/wp-json\/wp\/v2\/product_brand?post=40260"},{"taxonomy":"product_cat","embeddable":true,"href":"https:\/\/grappa.no\/no\/wp-json\/wp\/v2\/product_cat?post=40260"},{"taxonomy":"product_tag","embeddable":true,"href":"https:\/\/grappa.no\/no\/wp-json\/wp\/v2\/product_tag?post=40260"}],"curies":[{"name":"wp","href":"https:\/\/api.w.org\/{rel}","templated":true}]}}