{"id":40243,"date":"2023-01-27T11:07:56","date_gmt":"2023-01-27T10:07:56","guid":{"rendered":"https:\/\/grappa.no\/?post_type=product&#038;p=40243"},"modified":"2023-01-27T11:27:05","modified_gmt":"2023-01-27T10:27:05","slug":"folge","status":"publish","type":"product","link":"https:\/\/grappa.no\/no\/albums\/heilo\/folge\/","title":{"rendered":"F\u00f8lge"},"content":{"rendered":"<p><\/p>\n<div class=\"\">\n<pre class=\"text-elements__Title-sc-1il5uxg-0 fsAFgu\"><span style=\"font-family: 'Arial',sans-serif; color: black;\">Susanne Lundeng ute med Nordnorsk folkemusikk i vakker og moderne drakt! <\/span><\/pre>\n<\/div>\n<p><!--more--><\/p>\n<p class=\"body\" style=\"margin: 0cm 0cm 12.0pt 0cm;\"><strong>&#8220;F\u00f8lge&#8221; er en unik og sjangeroverskridende plate.<\/strong><\/p>\n<p>Susanne Lundeng er en av Norges mest anerkjente folkemusikere. Med sine musikalske r\u00f8tter i folkemusikken i Nord-Norge, har hun en s\u00e6regen lyd som musiker, komponist, sanger og musikalsk fritenker.<\/p>\n<p>Gjennom sitt forhold til kunstformen og de gamle tradisjonene som f\u00f8lger, har Susanne utviklet sin sound over tid og har f\u00e5tt stor aksept innenfor den internasjonale scenen.<\/p>\n<p>I sitt samspill med jazzmusikerne Nils-Olav Johansen og Erik Nylander, utforsker hun musikken gjennom improvisasjonssamtaler, og i tekstene og melodiene skildrer hun selve livets dramatikk og dets innvirkning p\u00e5 b\u00e5de mennesker og landskap.<\/p>\n<p>Musikkene hennes er blitt beskrevet som dypt melankolsk, dempet, \u00f8m og stormfull.<\/p>\n<p>\u00abF\u00f8lge\u00bb er Susanne Lundeng sitt 13. album.\u00a0Her er langstrakte, malende musikalske bilder med fela som forteller og sm\u00e5 sanselige betraktninger i tekstene, alltid n\u00e6rt tilstedev\u00e6rende.<\/p>\n<p>Hennes musikalske spr\u00e5k ligger trofast i dypet av den nordnorske ur-rytmen, en pulserende tre-takt med kraft og intensitet og folketonenes poetiske og melodi\u00f8se linjer.<\/p>\n<p>Albumet har f\u00e5tt tittelen \u00abF\u00f8lge\u00bb. I nordnorsk gammel tru er f\u00f8lge hvert menneske sin skyts\u00e5nd, en ledsager i livet fra vugge til grav og opptrer som en forvarsler og beskytter.<\/p>\n<p><em>\u2013 Vi har med oss alle mennesker vi har m\u00f8tt gjennom livet og jeg er et ledd i en spille- og fortellerkultur og har med meg musikken, spelemenn og minnene. Det opplever jeg som mitt f\u00f8lge,\u00a0<\/em>sier Susanne.<\/p>\n<p>Besetningen er Susanne Lundeng: fele, sang og oktavfele, Nils-Olav Johansen: gitar, bassgitar, vokal, fingersymbaler, tr\u00f8orgel, synthorgel, piano og clavinet, Erik Nylander: trommer.<\/p>\n<p>","protected":false},"excerpt":{"rendered":"<p><span style=\"font-family: 'Arial',sans-serif; color: black;\">Susanne Lundeng ute med Nordnorsk folkemusikk i vakker og moderne drakt! <\/span><\/p>\n","protected":false},"featured_media":40244,"comment_status":"closed","ping_status":"closed","template":"","meta":[],"product_brand":[],"product_cat":[35],"product_tag":[],"class_list":{"0":"post-40243","1":"product","2":"type-product","3":"status-publish","4":"has-post-thumbnail","6":"product_cat-heilo","7":"product_shipping_class-cddvd-shipping","8":"uni_artist_tag-susanne-lundeng","9":"uni_main_artist_tag-susanne-lundeng","11":"first","12":"instock","13":"taxable","14":"shipping-taxable","15":"purchasable","16":"product-type-simple"},"_links":{"self":[{"href":"https:\/\/grappa.no\/no\/wp-json\/wp\/v2\/product\/40243","targetHints":{"allow":["GET"]}}],"collection":[{"href":"https:\/\/grappa.no\/no\/wp-json\/wp\/v2\/product"}],"about":[{"href":"https:\/\/grappa.no\/no\/wp-json\/wp\/v2\/types\/product"}],"replies":[{"embeddable":true,"href":"https:\/\/grappa.no\/no\/wp-json\/wp\/v2\/comments?post=40243"}],"wp:featuredmedia":[{"embeddable":true,"href":"https:\/\/grappa.no\/no\/wp-json\/wp\/v2\/media\/40244"}],"wp:attachment":[{"href":"https:\/\/grappa.no\/no\/wp-json\/wp\/v2\/media?parent=40243"}],"wp:term":[{"taxonomy":"product_brand","embeddable":true,"href":"https:\/\/grappa.no\/no\/wp-json\/wp\/v2\/product_brand?post=40243"},{"taxonomy":"product_cat","embeddable":true,"href":"https:\/\/grappa.no\/no\/wp-json\/wp\/v2\/product_cat?post=40243"},{"taxonomy":"product_tag","embeddable":true,"href":"https:\/\/grappa.no\/no\/wp-json\/wp\/v2\/product_tag?post=40243"}],"curies":[{"name":"wp","href":"https:\/\/api.w.org\/{rel}","templated":true}]}}