{"id":40190,"date":"2023-01-20T08:00:15","date_gmt":"2023-01-20T07:00:15","guid":{"rendered":"https:\/\/grappa.no\/?post_type=product&#038;p=40190"},"modified":"2023-01-24T16:29:12","modified_gmt":"2023-01-24T15:29:12","slug":"naerbilda-av-oss","status":"publish","type":"product","link":"https:\/\/grappa.no\/no\/albums\/grappa\/naerbilda-av-oss\/","title":{"rendered":"N\u00e6rbilda av oss"},"content":{"rendered":"<p><\/p>\n<div class=\"\">\n<p><strong>Etter over 30 \u00e5r leverer Tre Sm\u00e5 Kinesere fortsatt visepop i s\u00e6rklasse.<\/strong><\/p>\n<\/div>\n<p><!--more--><\/p>\n<p class=\"body\" style=\"margin: 0cm 0cm 12.0pt 0cm;\"><span style=\"font-family: 'Arial',sans-serif; color: black;\">Det er ikke alle artister forunt \u00e5 gi ut et av sine beste album etter \u00e5 ha holdt p\u00e5 i over 30 \u00e5r, men vi v\u00e5ger \u00e5 p\u00e5st\u00e5 at dette er tilfelle for Tre Sm\u00e5 Kinesere og &#8220;N\u00e6rbilda Av Oss&#8221;.<\/span><\/p>\n<p class=\"body\" style=\"color: #000000; font-size: 1em; font-family: Arial;\"><span style=\"font-family: 'Arial',sans-serif; color: black;\">Tre Sm\u00e5 Kinesere har v\u00e6rt innom mange stilarter og hatt mange forskjellige lydbilder i tida siden de eksploderte inn p\u00e5 den norske musikkscenen i 1990 med debutalbumet &#8220;365 Fri.&#8221;\u00a0Ut av en generasjon med rockere, ville medlemmene i Tre Sm\u00e5 skape noe annet. &#8211; Gode l\u00e5ter med fokus p\u00e5 tekst og innhold. Tre ti\u00e5r senere, og Tre Sm\u00e5 Kinesere leverer fortsatt visepop i s\u00e6rklasse!\u00a0Det nye, men allikevel gamle lydbildet de debuterte med, en akustisk trio, ble forlatt allerede p\u00e5 album nummer to. N\u00e5r dette da tas opp igjen p\u00e5 kommende album, kan man p\u00e5 mange m\u00e5ter kalle det en direkte oppf\u00f8lger til debutalbumet, ettersom de vender tilbake til det originale, akustiske soundet.\u00a0<\/span><\/p>\n<p class=\"body\" style=\"color: #000000; font-size: 1em; font-family: Arial;\"><span style=\"font-family: 'Arial',sans-serif; color: black;\">Gruppa var p\u00e5 turn\u00e9 da Norge ble stengt ned den 20 mars 2020. F\u00f8r det hadde de rukket \u00e5 spille en del konserter som ren trio, for f\u00f8rste gang p\u00e5 30 \u00e5r. Disse konsertene gjorde at det gamle lydbildets gjennomskinnelige kvaliteter ble gjenoppdaget av bandet selv. Siden det gamle lydbildet kom tilbake, var det ogs\u00e5 naturlig \u00e5 inkludere de to andre originalmedlemmene i arbeidet.\u00a0Baard Slagsvold\u00a0har skrevet 4 strykearrangementer, og \u00d8ystein Hegge er medkomponist p\u00e5 to l\u00e5ter.<\/span><\/p>\n<p class=\"body\" style=\"color: #000000; font-size: 1em; font-family: Arial;\"><span style=\"font-family: 'Arial',sans-serif; color: black;\">Albumet er produsert av lydmagiker Magnus B\u00f8rmark, i samarbeid med Ulf. Magnus er kjent fra bl.a G\u00e5te og 22, han har gitt den akustiske trioen en spennende ekstra dimensjon. Albumet er spilt inn i \u00d8ra Studio og Ulfs Krypten, mikset av Lars Lien og mastret av Ulf Holand.<\/span><\/p>\n<p class=\"body\" style=\"color: #000000; font-size: 1em; font-family: Arial;\"><span style=\"font-family: 'Arial',sans-serif; color: black;\">Arbeidet med Tre Sm\u00e5 Kineseres 13 studioalbum har samlet de gode kreftene som har preget Tre Sm\u00e5 Kineseres produksjon fra debuten og fram til idag.\u00a0<\/span><\/p>\n<p class=\"body\" style=\"color: #000000; font-size: 1em; font-family: Arial;\"><span style=\"font-family: 'Arial',sans-serif; color: black;\">Det nye albumet har deres lett gjenkjennelige trondhjemske miks av tull, t\u00f8ys og blodig alvor. Albumcoveret er laget av Ulf Risnes sin s\u00f8nn p\u00e5 12 \u00e5r.\u00a0<\/span><\/p>\n<p class=\"body\" style=\"color: #000000; font-size: 1em; font-family: Arial;\"><span style=\"font-family: 'Arial',sans-serif; color: black;\">&#8220;Vi ska lag nye sanga sammen og vi ska syng dem enda ber&#8221; kan st\u00e5 som bandets motto for albumet.\u00a0<\/span><\/p>\n<p class=\"body\" style=\"color: #000000; font-size: 1em; font-family: Arial;\"><span style=\"font-family: 'Arial',sans-serif; color: black;\">Besetningen best\u00e5r av\u00a0Ulf Risnes p\u00e5 sang og gitar,\u00a0Kjetil Sandnes p\u00e5 bass og sang, Lars Lien p\u00e5 tangenter og sang, Tor Haugerud p\u00e5 trommer og Magnus B\u00f8rmark p\u00e5 &#8220;space&#8221;.\u00a0<\/span><\/p>\n<p>","protected":false},"excerpt":{"rendered":"<p><strong>Etter over 30 \u00e5r leverer Tre Sm\u00e5 Kinesere fortsatt visepop i s\u00e6rklasse.<\/strong><\/p>\n","protected":false},"featured_media":40191,"comment_status":"closed","ping_status":"closed","template":"","meta":[],"product_brand":[],"product_cat":[6],"product_tag":[],"class_list":{"0":"post-40190","1":"product","2":"type-product","3":"status-publish","4":"has-post-thumbnail","6":"product_cat-grappa","7":"product_shipping_class-cddvd-shipping","8":"uni_artist_tag-tre-sma-kinesere","9":"uni_main_artist_tag-tre-sma-kinesere","10":"uni_artist_genre-norsk-pop","11":"uni_artist_genre-pop","12":"uni_artist_genre-viser","14":"first","15":"instock","16":"taxable","17":"shipping-taxable","18":"purchasable","19":"product-type-simple"},"_links":{"self":[{"href":"https:\/\/grappa.no\/no\/wp-json\/wp\/v2\/product\/40190","targetHints":{"allow":["GET"]}}],"collection":[{"href":"https:\/\/grappa.no\/no\/wp-json\/wp\/v2\/product"}],"about":[{"href":"https:\/\/grappa.no\/no\/wp-json\/wp\/v2\/types\/product"}],"replies":[{"embeddable":true,"href":"https:\/\/grappa.no\/no\/wp-json\/wp\/v2\/comments?post=40190"}],"wp:featuredmedia":[{"embeddable":true,"href":"https:\/\/grappa.no\/no\/wp-json\/wp\/v2\/media\/40191"}],"wp:attachment":[{"href":"https:\/\/grappa.no\/no\/wp-json\/wp\/v2\/media?parent=40190"}],"wp:term":[{"taxonomy":"product_brand","embeddable":true,"href":"https:\/\/grappa.no\/no\/wp-json\/wp\/v2\/product_brand?post=40190"},{"taxonomy":"product_cat","embeddable":true,"href":"https:\/\/grappa.no\/no\/wp-json\/wp\/v2\/product_cat?post=40190"},{"taxonomy":"product_tag","embeddable":true,"href":"https:\/\/grappa.no\/no\/wp-json\/wp\/v2\/product_tag?post=40190"}],"curies":[{"name":"wp","href":"https:\/\/api.w.org\/{rel}","templated":true}]}}