{"id":401,"date":"2000-08-28T00:00:00","date_gmt":"2000-08-27T23:00:00","guid":{"rendered":"http:\/\/www.grappa.no\/albums\/uncategorized\/marianne-thorsen-havard-gimse\/"},"modified":"2019-02-22T15:48:50","modified_gmt":"2019-02-22T14:48:50","slug":"marianne-thorsen-havard-gimse","status":"publish","type":"product","link":"https:\/\/grappa.no\/no\/albums\/simax-classics\/marianne-thorsen-havard-gimse\/","title":{"rendered":"Marianne Thorsen &amp; H\u00e5vard Gimse"},"content":{"rendered":"<p><\/p>\n<p>Marianne Thorsen og H\u00e5vard Gimse i fantastisk samspill<\/p>\n<p>Det er en helt s\u00e6regen varme i fiolinklangen til Marianne Thorsen, et n\u00e6rv\u00e6r som l\u00f8fter tilh\u00f8reren de f\u00e5 magiske centimeterne n\u00e6rmere musikken. H\u00f8r Prokofievs &#8216;5 M\u00e9lodies&#8217;, mineaturer som med Thorsens tone f\u00e5r seile fritt mellom ut\u00f8ver og tilh\u00f8rer slik at man f\u00f8ler seg ett med musikken, ogs\u00e5 som lytter. Lutoslawskis klangbelter og Faur\u00e9s harmonikk og virtuositet f\u00e5r ekspert-behandling av Thorsen og Gimse; n\u00f8ye avstemte bevegelser f\u00e5r lysst\u00e5lene til \u00e5 oppst\u00e5, lys og skygge leker i klangene.<\/p>\n<p><!--more--><\/p>\n<p>Marianne Thorsen og H\u00e5vard Gimse i fantastisk samspill<\/p>\n<h4><\/h4>\n<p>Med base i London er Marianne fiolinist i den meget anerkjente Leopold String Trio, som blant annet har gjort fabelaktige innspillinger av Beethovens stryke-trioer. V\u00e5ren 2000 ble Marianne Thorsen utnevnt til  den prestisjetunge jobben som f\u00f8rstefiolinist i The Nash Ensemble of London, en levende legende p\u00e5 den internasjonale musikkarena. I tillegg til hennes virke som kammermusiker er hun ogs\u00e5 meget aktiv som solist med orkestre i Skandinavia og Europa for\u00f8vrig.<\/p>\n<h4><\/h4>\n<p>Det er to meget erfarne musikere, tross sin relativt unge alder, som tolker noe av den mest fantastiske musikken som finnes for fiolin og klaver. H\u00e5vard Gimse (f. 1966) har en uovertruffen evne til \u00e5 plukke opp den minste nyanse i uttrykket hos sin medspiller og inkorporere dette i sin egen stemme. Sammen utgj\u00f8r Marianne Thorsen og H\u00e5vard Gimse en duo som makter \u00e5 bringe frem alle farger og stemninger i s\u00e5vel Mozart som Lutoslawski, overbrakt med en djerv \u00e6rlighet som ikke s\u00e5 mange ut\u00f8vere i dag evner.<\/p>\n<h4><\/h4>\n<p>Det er en helt s\u00e6regen varme i fiolinklangen til Marianne Thorsen, et n\u00e6rv\u00e6r som l\u00f8fter tilh\u00f8reren de f\u00e5 magiske centimeterne n\u00e6rmere musikken. H\u00f8r Prokofievs 5 M\u00e9lodies, mineaturer som med Thorsens tone f\u00e5r seile fritt mellom ut\u00f8ver og tilh\u00f8rer slik at man f\u00f8ler seg ett med musikken, ogs\u00e5 som lytter. Lutoslawskis klangbelter og Faur\u00e9s harmonikk og virtuositet f\u00e5r ekspert-behandling av Thorsen og Gimse; n\u00f8ye avstemte bevegelser f\u00e5r lysst\u00e5lene til \u00e5 oppst\u00e5, lys og skygge leker i klangene.<\/p>\n<p><\/p>","protected":false},"excerpt":{"rendered":"","protected":false},"featured_media":27598,"comment_status":"closed","ping_status":"open","template":"","meta":[],"product_brand":[],"product_cat":[180],"product_tag":[],"class_list":{"0":"post-401","1":"product","2":"type-product","3":"status-publish","4":"has-post-thumbnail","6":"product_cat-simax-classics","7":"product_shipping_class-cddvd-shipping","8":"uni_artist_tag-gabriel-faure","9":"uni_artist_tag-havard-gimse","10":"uni_artist_tag-jorn-pedersen","11":"uni_artist_tag-marianne-thorsen","12":"uni_artist_tag-sergei-prokofiev","13":"uni_artist_tag-witold-lutoslawski","14":"uni_artist_tag-wolfgang-amadeus-mozart","15":"uni_main_artist_tag-marianne-thorsen","16":"uni_artist_genre-chamber-music","17":"uni_artist_genre-strings","19":"first","20":"instock","21":"taxable","22":"shipping-taxable","23":"purchasable","24":"product-type-simple"},"_links":{"self":[{"href":"https:\/\/grappa.no\/no\/wp-json\/wp\/v2\/product\/401","targetHints":{"allow":["GET"]}}],"collection":[{"href":"https:\/\/grappa.no\/no\/wp-json\/wp\/v2\/product"}],"about":[{"href":"https:\/\/grappa.no\/no\/wp-json\/wp\/v2\/types\/product"}],"replies":[{"embeddable":true,"href":"https:\/\/grappa.no\/no\/wp-json\/wp\/v2\/comments?post=401"}],"wp:featuredmedia":[{"embeddable":true,"href":"https:\/\/grappa.no\/no\/wp-json\/wp\/v2\/media\/27598"}],"wp:attachment":[{"href":"https:\/\/grappa.no\/no\/wp-json\/wp\/v2\/media?parent=401"}],"wp:term":[{"taxonomy":"product_brand","embeddable":true,"href":"https:\/\/grappa.no\/no\/wp-json\/wp\/v2\/product_brand?post=401"},{"taxonomy":"product_cat","embeddable":true,"href":"https:\/\/grappa.no\/no\/wp-json\/wp\/v2\/product_cat?post=401"},{"taxonomy":"product_tag","embeddable":true,"href":"https:\/\/grappa.no\/no\/wp-json\/wp\/v2\/product_tag?post=401"}],"curies":[{"name":"wp","href":"https:\/\/api.w.org\/{rel}","templated":true}]}}