{"id":40097,"date":"2023-01-27T07:00:35","date_gmt":"2023-01-27T06:00:35","guid":{"rendered":"https:\/\/grappa.no\/?post_type=product&#038;p=40097"},"modified":"2023-01-05T15:06:29","modified_gmt":"2023-01-05T14:06:29","slug":"eugene-ysaye-legende-norvegienne-unknown-works-and-arrangements-for-violin-and-piano-2cd","status":"publish","type":"product","link":"https:\/\/grappa.no\/no\/albums\/simax-classics\/eugene-ysaye-legende-norvegienne-unknown-works-and-arrangements-for-violin-and-piano-2cd\/","title":{"rendered":"Eug\u00e8ne Ysa\u00ffe: L\u00e9gende norv\u00e9gienne: Unknown works and arrangements for violin and piano (2CD)"},"content":{"rendered":"<p><\/p>\n<div class=\"\">\n<p><span class=\"TextRun MacChromeBold SCXW138015959 BCX0\" lang=\"NB-NO\" xml:lang=\"NB-NO\" data-contrast=\"none\"><span class=\"NormalTextRun SCXW138015959 BCX0\" data-ccp-charstyle=\"yiv3843888677\">P\u00e5 denne utgivelsen med originalkomposisjoner og arrangementer for fiolin og klaver av Eug\u00e8ne <\/span><span class=\"SpellingError SCXW138015959 BCX0\" data-ccp-charstyle=\"yiv3843888677\">Ysa\u00ffe<\/span><span class=\"NormalTextRun SCXW138015959 BCX0\" data-ccp-charstyle=\"yiv3843888677\"> (1858-1931) er det hele ni verdenspremierer. <\/span><span class=\"SpellingError SCXW138015959 BCX0\" data-ccp-charstyle=\"yiv3843888677\">Ysa\u00ffe<\/span><span class=\"NormalTextRun SCXW138015959 BCX0\" data-ccp-charstyle=\"yiv3843888677\"> var den viktigste ut\u00f8veren og komponisten for utviklingen av det moderne fiolinspillet. Disse verkene har blitt oppdaget og rekonstruert fra <\/span><span class=\"SpellingError SCXW138015959 BCX0\" data-ccp-charstyle=\"yiv3843888677\">Ysa\u00ffes<\/span><span class=\"NormalTextRun SCXW138015959 BCX0\" data-ccp-charstyle=\"yiv3843888677\"> manuskripter og skisser av den norske fiolinisten og musikologen Tor Johan B\u00f8en.\u00a0<\/span><\/span><span class=\"EOP SCXW138015959 BCX0\" data-ccp-props=\"{&quot;201341983&quot;:0,&quot;335559739&quot;:160,&quot;335559740&quot;:240}\">\u00a0<\/span><\/p>\n<\/div>\n<p><!--more--><\/p>\n<p><span data-contrast=\"none\">Utgivelsen av disse nye og ukjente komposisjonene av Ysa\u00ffe b\u00e5de p\u00e5 cd og i kritiske utgaver, er en begivenhet i det internasjonale musikkliv. Historien bak verkene som er komponert fra 1881-ca. 1926, og at de har vert ukjent i lang tid er fascinerende og typisk for Ysa\u00ffe.<\/span><span data-ccp-props=\"{&quot;201341983&quot;:0,&quot;335559739&quot;:160,&quot;335559740&quot;:259}\">\u00a0<\/span><\/p>\n<p><b><span data-contrast=\"auto\">Komponisten Eug\u00e8ne Ysa\u00ffe (1858-1931)<\/span><\/b><br \/>\n<span data-contrast=\"auto\">Som den udiskutabelt fremste ut\u00f8ver i sin tid inspirerte han Franck, Debussy, Chausson og flere andre komponister til \u00e5 skrive noen av sine viktigste verker for seg. Men sin egen virksomhet som komponist holdt Ysa\u00ffe s\u00e5 godt som hemmelig, ogs\u00e5 for sine n\u00e6rmeste. Unntaket er selvf\u00f8lgelig de seks solosonatene for fiolin, som til gjengjeld er de mest sentrale verkene i det moderne fiolinrepertoaret. De nye og rekonstruerte komposisjonene p\u00e5 denne CD innspillingen viser hvordan Ysa\u00ffe, med sin unike spillestil, hele sitt liv utforsket og utviklet nye ideer i sin musikk. Med sine musikalske ideer brakte Ysa\u00ffe noe nytt og unikt til sjangeren for fiolin og klaver b\u00e5de som komponist og arrang\u00f8r.<\/span><\/p>\n<p><b><span data-contrast=\"auto\">Ysa\u00ffe i Norge og Danmark<\/span><\/b><br \/>\n<span data-contrast=\"none\">Det er en ukjent del av musikkhistorien at Eug\u00e8ne Ysa\u00ffe kom til Norge p\u00e5 sin f\u00f8rste turne v\u00e5ren 1882. Turneen bes\u00f8kte byene langs Norges kyst fra Trondheim til Fredrikstad. Under oppholdet i Norge komponerte og urfremf\u00f8rte Ysa\u00ffe tre av sine tidligste verker, L\u00e9gende norv\u00e9gienne, Mazurka de Concert op. 1 og Grande Valse de Concert op. 3 for fiolin og klaver. Ysa\u00ffe ble en norgesvenn og gjestet Norge flere ganger gjennom sin karriere. Han ble over tid en legende for det norske publikum.<\/span><span data-ccp-props=\"{&quot;201341983&quot;:0,&quot;335559739&quot;:160,&quot;335559740&quot;:259}\">\u00a0<\/span><\/p>\n<p><span data-contrast=\"none\">Eug\u00e8ne Ysa\u00ffe ble kjent med den norske komponisten, dirigenten og fiolinisten Johan Svendsen i Paris ca. 1880. Svendsen var sjefdirigent for Det kongelige kapell i K\u00f8benhavn fra 1883-1911. I oktober 1885 inviterte han Eug\u00e8ne Ysa\u00ffe til K\u00f8benhavn for \u00e5 v\u00e6re solist ved Kapellets f\u00f8rste symfonikonsert. Under oppholdet komponerte Eug\u00e8ne Ysa\u00ffe to verker for fiolin og klaver, Polonaise brillante og <\/span><span data-contrast=\"auto\">Sc\u00e8ne sentimentale (S\u00e9r\u00e9nit\u00e9<\/span><span data-contrast=\"none\">) som han spilte p\u00e5 konserter under sitt f\u00f8rste opphold i K\u00f8benhavn. <\/span><\/p>\n<p><b><span data-contrast=\"auto\">Restaureringsarbeidet &#8211; p\u00e5 sporet av Ysa\u00ffe<\/span><\/b><br \/>\n<span data-contrast=\"none\">Denne utgivelsen er et resultat av tjue \u00e5rs ut\u00f8vende forskningsarbeid fiolinisten og musikkforskeren Tor Johan B\u00f8en har gjort p\u00e5 den belgiske dirigenten, fiolinisten, og komponisten Eug\u00e8ne Ysa\u00ffe sine ukjente komposisjoner og arrangementer for fiolin og klaver. Han startet arbeidet med \u00e5 restaurere og rekonstruere en rekke av Ysa\u00ffes ukjente komposisjoner for fiolin og klaver samtidig som han jobbet med sin doktorgradsavhandling ved Rice University i Houston om Ysa\u00ffes Trio for to fioliner og bratsj (2005). Denne trioen spilte han inn, sammen med to trioer for fiolin, bratsj og cello av Eug\u00e8ne Ysa\u00ffe p\u00e5 en utgivelse som ble gitt ut av Simax Classics i 2010 (PSC 1295).<\/span><span data-ccp-props=\"{&quot;201341983&quot;:0,&quot;335559739&quot;:160,&quot;335559740&quot;:259}\">\u00a0<\/span><\/p>\n<p><\/p>","protected":false},"excerpt":{"rendered":"<p>Ni verdenspremierer!<\/p>\n","protected":false},"featured_media":40098,"comment_status":"closed","ping_status":"closed","template":"","meta":[],"product_brand":[],"product_cat":[180],"product_tag":[],"class_list":{"0":"post-40097","1":"product","2":"type-product","3":"status-publish","4":"has-post-thumbnail","6":"product_cat-simax-classics","7":"product_shipping_class-cddvd-shipping","8":"uni_artist_tag-eirik-haug-stomner","9":"uni_artist_tag-tor-johan-boen","10":"uni_main_artist_tag-tor-johan-boen-eirik-haug-stomner","11":"uni_artist_genre-klassisk","13":"first","14":"instock","15":"taxable","16":"shipping-taxable","17":"purchasable","18":"product-type-simple"},"_links":{"self":[{"href":"https:\/\/grappa.no\/no\/wp-json\/wp\/v2\/product\/40097","targetHints":{"allow":["GET"]}}],"collection":[{"href":"https:\/\/grappa.no\/no\/wp-json\/wp\/v2\/product"}],"about":[{"href":"https:\/\/grappa.no\/no\/wp-json\/wp\/v2\/types\/product"}],"replies":[{"embeddable":true,"href":"https:\/\/grappa.no\/no\/wp-json\/wp\/v2\/comments?post=40097"}],"wp:featuredmedia":[{"embeddable":true,"href":"https:\/\/grappa.no\/no\/wp-json\/wp\/v2\/media\/40098"}],"wp:attachment":[{"href":"https:\/\/grappa.no\/no\/wp-json\/wp\/v2\/media?parent=40097"}],"wp:term":[{"taxonomy":"product_brand","embeddable":true,"href":"https:\/\/grappa.no\/no\/wp-json\/wp\/v2\/product_brand?post=40097"},{"taxonomy":"product_cat","embeddable":true,"href":"https:\/\/grappa.no\/no\/wp-json\/wp\/v2\/product_cat?post=40097"},{"taxonomy":"product_tag","embeddable":true,"href":"https:\/\/grappa.no\/no\/wp-json\/wp\/v2\/product_tag?post=40097"}],"curies":[{"name":"wp","href":"https:\/\/api.w.org\/{rel}","templated":true}]}}