{"id":40048,"date":"2022-10-22T15:29:27","date_gmt":"2022-10-22T14:29:27","guid":{"rendered":"https:\/\/grappa.no\/?post_type=product&#038;p=40048"},"modified":"2025-06-13T14:17:43","modified_gmt":"2025-06-13T13:17:43","slug":"new-green-grass-will-grow","status":"publish","type":"product","link":"https:\/\/grappa.no\/no\/albums\/blue-mood-records\/new-green-grass-will-grow\/","title":{"rendered":"New Green Grass Will Grow"},"content":{"rendered":"<p><\/p>\n<div>\n<p class=\"text-elements__Leadtext-sc-1il5uxg-2 ksknku\"><strong>Fantastisk musikalsk fortolkning av kjent og ukjent p\u00e5 Paal Flaatas nye album.<\/strong><\/p>\n<\/div>\n<div>\n<p>N\u00e5r den nye platen til Paal Flaata \u00e5pner med en perfekt fremf\u00f8rt og fullstendig hudl\u00f8s tolkning av Charlie Rich-klassikeren \u00abYou Never Really Wanted Me\u00bb er det nesten umulig ikke \u00e5 bli ber\u00f8rt. Smerten i Paal Flaatas stemme oppleves mer ekte enn det meste vi er vant til innen norsk popul\u00e6rmusikk, og kun ledsaget av G\u00f8ran Grinis disiplinerte pianotoner har han ingenting \u00e5 gjemme seg bak. Paal Flaata stiller seg \u2013 som alltid \u2013 helt naken i m\u00f8te med musikken, i m\u00f8te med sangen.<\/p>\n<\/div>\n<p><!--more--><\/p>\n<p>\u2013 Stemningen er ganske m\u00f8rk, sier Paal selv. \u2013 Jeg tror den nye plata tar pulsen p\u00e5 tiden vi er i. Koronatiden har gitt meg tid til \u00e5 tenke over alt jeg har opplevd de siste \u00e5rene, og mye av det har v\u00e6rt ganske trist. En liten stemningsreise. S\u00e5 det er en litt personlig plate, ogs\u00e5 for G\u00f8ran. En av ambisjonene var at vi skulle pr\u00f8ve \u00e5 f\u00e5 denne plata til \u00e5 st\u00e5 litt utafor de andre, \u00e5 komme litt videre.<\/p>\n<p>\u00abNew Greener Grass Will Grow\u00bb er en ny retning for Paal Flaata. Albumet former et mer akustisk og folk-preget landskap, med et nikk til klassisk kj\u00e6rlighetsmusikk fra stumfilmer p\u00e5 20-tallet og 78-plater. Det er tydelig ektef\u00f8lt og menneskelig puls i instrumenteringen, med fokus p\u00e5 det dynamiske og s\u00e5rbare.<\/p>\n<p>\u2013 Det l\u00e5ter mer europeisk, i motsetning til mye americana-preget jeg har gjort tidligere. Den skildrer den intuitive kommunikasjonen G\u00f8ran og jeg har sammen som musikere, etter \u00e5 ha v\u00e6rt sammen p\u00e5 veien i en \u00e5rrekke, forteller Paal.<\/p>\n<p>Det er ikke til \u00e5 komme bort fra at Paals plater bestandig er triste, fulle av sanger om bunnl\u00f8s kj\u00e6rlighetssorg, svik og skuffelser som de er. Han trekkes mer eller mindre automatisk til mollstemte melodier med triste tekster, ogs\u00e5 p\u00e5 den positivt titulerte New Grass Will Grow som inneholder \u00e5tte nye innspillinger i tillegg til tre korte instrumentalspor som binder dem sammen. To av de sistnevnte er skrevet av Paal og G\u00f8ran, mens resten av platen best\u00e5r av coverl\u00e5ter.<\/p>\n<p>Sammen med multiinstrumentalistene G\u00f8ran Grini og Freddy Holm og trommeslageren Glenn Vidar Solheim, tolker Paal kjente og mindre kjente sanger p\u00e5 den nye platen. Randy Newmans \u00abI Think It\u2019s Going To Rain Today\u00bb og Jacques Brels \u00abIf You Go Away\u00bb er blant popul\u00e6rmusikkens mest fremf\u00f8rte komposisjoner, mens for eksempel Daniel Norgrens \u00abEverything You Know Melts Away Like Snow\u00bb og Gretchen Peters\u2019 \u00abJubilee\u00bb ikke kan skryte p\u00e5 seg fullt s\u00e5 mange tidligere lyttere.<\/p>\n<p>\u2013 Jeg hadde en visjon p\u00e5 \u00abIf You Go Away\u00bb, og det resulterte i en versjon som stikker seg ut. Det er en krevende l\u00e5t, ettersom den er gjort s\u00e5 mange ganger. Det er en skj\u00f8r balanse n\u00e5r man skal forme materialet som s\u00e5 mange ganger er tolket tidligere. Det var en sang jeg lenge hadde villet gj\u00f8re, og jeg synes vi klarte \u00e5 f\u00e5 laget en unik versjon som st\u00e5r som en hj\u00f8rnesteinsang p\u00e5 albumet, sier Paal.<\/p>\n<p><\/p>\n<p>&#8211; The atmosphere is quite dark, Paal says. \u2013 I think the new record takes the pulse of the times we are in. The corona period has given me time to think about experiences I\u00b4ve dealt with in recent years, and much of it has been sad. So it\u00b4s a slightly personal record, also for G\u00f8ran. We work very close, and one of the ambitions on this particular album was to try to make it stand out more from earlier releases, and take the interpretations one step further.<\/p>\n<p>&nbsp;<\/p>\n<p>There is no getting away from the fact that Flaata\u00b4s records are full of dark and sad song, depicting endless heartache, betrayal and disappointment. He himself says he is more or less automatically drawn to minor-keyed melodies with sad lyrics.<\/p>\n<p>Nevertheless, the name of the album is positively titled \u201cNew Green Grass Will Grow\u201d, and will be released October 21th. It contains eight new recordings in addition to three short instrumental tracks that tie them together. The two original songs were written by Paal and G\u00f8ran, while the rest of the album consists of cover songs.<\/p>\n<p>&nbsp;<\/p>\n<p>For the most part, his career has evolved around interpreting other people\u00b4s songs. Flaata has chosen music from the top shelf of music history. In the years 2012 to 2016, Paal has recorded three records dedicated to three songwriters he is particularly fond of: Chip Taylor, Mickey Newbury and Townes Van Zandt. He has also recorded immortal songs by Jimmy Webb, Josh Haden, Elvis Costello, Kris Kristofferson, Ewan MacColl and several others.<\/p>\n<p>&nbsp;<\/p>\n<p>&#8211; I have never had such great ambitions to write my own songs. It\u00b4s a different field, says Paal and points out that he has great respect for those who master the songwriting profession.<\/p>\n<p>&nbsp;<\/p>\n<p>Together with the multi-instrumentalists G\u00f8ran Grini and Freddy Holm and the drummer Glenn Vidar Solheim, Paal adds even more well-known and lesser-known songs to his already extensive repertoire, among these are Randy Newman\u00b4s \u201cI Think It\u00b4s Going To Rain Today\u201d and Jacques Brel\u00b4s \u201cIf You Go Away\u201d. Paal\u00b4s interpretations help to define a personal, separate universe.<\/p>\n<p>&nbsp;<\/p>\n<p>The more you recognize yourself in the lyrics, the better it is. We are people who feel and smell and see, and it is important to use what you have in you, which you can recognize yourself and which others can recognize, Paal says<\/p>","protected":false},"excerpt":{"rendered":"<p><strong>Fantastisk musikalsk fortolkning av kjent og ukjent p\u00e5 Paal Flaatas nye album.<\/strong><\/p>\n","protected":false},"featured_media":40051,"comment_status":"closed","ping_status":"closed","template":"","meta":[],"product_brand":[],"product_cat":[51],"product_tag":[],"class_list":{"0":"post-40048","1":"product","2":"type-product","3":"status-publish","4":"has-post-thumbnail","6":"product_cat-blue-mood-records","7":"product_shipping_class-cddvd-shipping","8":"uni_artist_tag-paal-flaata","9":"uni_main_artist_tag-paal-flaata","10":"uni_artist_genre-americana","11":"uni_artist_genre-blues","12":"uni_artist_genre-country","14":"first","15":"instock","16":"taxable","17":"shipping-taxable","18":"purchasable","19":"product-type-variable","20":"has-default-attributes"},"_links":{"self":[{"href":"https:\/\/grappa.no\/no\/wp-json\/wp\/v2\/product\/40048","targetHints":{"allow":["GET"]}}],"collection":[{"href":"https:\/\/grappa.no\/no\/wp-json\/wp\/v2\/product"}],"about":[{"href":"https:\/\/grappa.no\/no\/wp-json\/wp\/v2\/types\/product"}],"replies":[{"embeddable":true,"href":"https:\/\/grappa.no\/no\/wp-json\/wp\/v2\/comments?post=40048"}],"wp:featuredmedia":[{"embeddable":true,"href":"https:\/\/grappa.no\/no\/wp-json\/wp\/v2\/media\/40051"}],"wp:attachment":[{"href":"https:\/\/grappa.no\/no\/wp-json\/wp\/v2\/media?parent=40048"}],"wp:term":[{"taxonomy":"product_brand","embeddable":true,"href":"https:\/\/grappa.no\/no\/wp-json\/wp\/v2\/product_brand?post=40048"},{"taxonomy":"product_cat","embeddable":true,"href":"https:\/\/grappa.no\/no\/wp-json\/wp\/v2\/product_cat?post=40048"},{"taxonomy":"product_tag","embeddable":true,"href":"https:\/\/grappa.no\/no\/wp-json\/wp\/v2\/product_tag?post=40048"}],"curies":[{"name":"wp","href":"https:\/\/api.w.org\/{rel}","templated":true}]}}